{"id":7322,"date":"2020-04-28T20:42:52","date_gmt":"2020-04-28T18:42:52","guid":{"rendered":"https:\/\/www.enotecailbarocco.it\/prodotto\/\/"},"modified":"2024-05-02T16:46:15","modified_gmt":"2024-05-02T14:46:15","slug":"","status":"publish","type":"product","link":"https:\/\/www.enotecailbarocco.it\/fr\/produit\/paccheri\/","title":{"rendered":"","raw":""},"content":{"rendered":"","protected":false,"raw":""},"excerpt":{"rendered":"I nostri Paccheri sono 100% siciliani, 100% biologici. Per farli, utilizziamo soltanto due ingredienti: grano Russello, una delle variet\u00e0 di Grani Antichi siciliani, e acqua minerale. La molitura \u00e8 a pietra o a cilindri, la trafilatura \u00e8 al bronzo, l\u2019essiccazione \u00e8 lenta e a bassa temperatura. Una lavorazione artigianale, per una pasta d\u2019eccellenza.","protected":false,"raw":""},"featured_media":10934,"template":"","meta":{"_it_post_content":"I nostri Paccheri sono 100% siciliani, 100% biologici. Per farli, utilizziamo soltanto due ingredienti: grano Russello, una delle variet\u00e0 di Grani Antichi siciliani, e acqua minerale. La molitura \u00e8 a pietra o a cilindri, la trafilatura \u00e8 al bronzo, l\u2019essiccazione \u00e8 lenta e a bassa temperatura. Una lavorazione artigianale, per una pasta d\u2019eccellenza.","_it_post_name":"paccheri","_it_post_excerpt":"","_it_post_title":"Paccheri 500 g","_en_post_content":"","_en_post_name":"","_en_post_excerpt":"","_en_post_title":"","_fr_post_content":"","_fr_post_name":"","_fr_post_excerpt":"","_fr_post_title":"","_de_post_content":"","_de_post_name":"","_de_post_excerpt":"","_de_post_title":"","edit_language":"fr"},"product_cat":[212,191],"product_tag":[],"class_list":{"0":"post-7322","1":"product","2":"type-product","3":"status-publish","4":"has-post-thumbnail","6":"product_cat-prodotti-tipici","7":"product_cat-pasta","9":"first","10":"instock","11":"taxable","12":"shipping-taxable","13":"purchasable","14":"product-type-simple"},"jetpack_sharing_enabled":true,"_links":{"self":[{"href":"https:\/\/www.enotecailbarocco.it\/fr\/wp-json\/wp\/v2\/product\/7322"}],"collection":[{"href":"https:\/\/www.enotecailbarocco.it\/fr\/wp-json\/wp\/v2\/product"}],"about":[{"href":"https:\/\/www.enotecailbarocco.it\/fr\/wp-json\/wp\/v2\/types\/product"}],"wp:featuredmedia":[{"embeddable":true,"href":"https:\/\/www.enotecailbarocco.it\/fr\/wp-json\/wp\/v2\/media\/10934"}],"wp:attachment":[{"href":"https:\/\/www.enotecailbarocco.it\/fr\/wp-json\/wp\/v2\/media?parent=7322"}],"wp:term":[{"taxonomy":"product_cat","embeddable":true,"href":"https:\/\/www.enotecailbarocco.it\/fr\/wp-json\/wp\/v2\/product_cat?post=7322"},{"taxonomy":"product_tag","embeddable":true,"href":"https:\/\/www.enotecailbarocco.it\/fr\/wp-json\/wp\/v2\/product_tag?post=7322"}],"curies":[{"name":"wp","href":"https:\/\/api.w.org\/{rel}","templated":true}]}}