{"id":5646,"date":"2019-11-01T13:51:41","date_gmt":"2019-11-01T12:51:41","guid":{"rendered":"https:\/\/www.enotecailbarocco.it\/prodotto\/\/"},"modified":"2025-12-02T11:04:24","modified_gmt":"2025-12-02T10:04:24","slug":"","status":"publish","type":"product","link":"https:\/\/www.enotecailbarocco.it\/fr\/produit\/torrone-bianco-allo-zafferano-e-mandorle\/","title":{"rendered":"","raw":""},"content":{"rendered":"","protected":false,"raw":""},"excerpt":{"rendered":"La storia del Torrone Trapani affonda le sue radici intorno alla met\u00e0 del 1800 e ancora oggi, pur mantenedo il passo coi tempi, rappresenta tra le realt\u00e0 dolciarie artigianali, quella pi\u00f9 fedele alla tradizione. Per la nostra famiglia, l'arte pasticcera \u00e8 sempre stata un vanto, oltre che una tradizione tramandata da generazione in generazione, specializzandoci [...]","protected":false,"raw":""},"featured_media":16376,"template":"","meta":{"_it_post_content":"<div class=\"extra_wrapper\">\r\n\r\nLa storia del Torrone Trapani affonda le sue radici intorno alla met\u00e0 del 1800 e ancora oggi, pur mantenedo il passo coi tempi, rappresenta tra le realt\u00e0 dolciarie artigianali, quella pi\u00f9 fedele alla tradizione. Per la nostra famiglia, l'arte pasticcera \u00e8 sempre stata un vanto, oltre che una tradizione tramandata da generazione in generazione, specializzandoci e perefezionandoci soprattutto nella produzione del caratteristico Torrone Bianco.\r\n\r\n<\/div>\r\n<h2><\/h2>\r\n<h2>Un'idea semplice<\/h2>\r\n<div class=\"extra_wrapper\">\r\n\r\nIl merito del successo lo si deve al nostro fondatore: un giovanissimo Giuseppe Trapani che scoprendo la ricetta del Torrone Spagnolo, ebbe la brillante idea di reinventarla con prodotti e ingredienti esclusivamente locali.\r\nDa allora, il metodo di produzione \u00e8 rimasto fedele all'originale, conformandosi naturalmente alle norme comunitarie. Una lenta e sapiente lavorazione manuale, dagli ingredienti grezzi al prodotto finito, che conferisce al nostro Torrone freschezza e qualit\u00e0 impareggiabili. Per il nostro Torrone, scegliamo solo il meglio che la nostra terra ha da offrire: come le mandorle qualit\u00e0 \"Pizzuta\", miele degli Iblei e zucchero. Una leccornia semplice, disponibile in diversi formati e gusti, adatta anche a soggetti con intolleranze alimentari.\r\n\r\n&nbsp;\r\n\r\n<\/div>\r\n<ul>\r\n \t<li>\r\n<div class=\"elementor-element elementor-element-b441b5e elementor-widget__width-initial elementor-widget-mobile__width-inherit elementor-widget elementor-widget-heading\" data-id=\"b441b5e\" data-element_type=\"widget\" data-widget_type=\"heading.default\">\r\n<div class=\"elementor-widget-container\">\r\n<p class=\"elementor-heading-title elementor-size-default\">Ingredienti<\/p>\r\n\r\n<\/div>\r\n<\/div>\r\n<div class=\"elementor-element elementor-element-348c3bd elementor-widget__width-initial elementor-widget-mobile__width-inherit elementor-widget elementor-widget-heading\" data-id=\"348c3bd\" data-element_type=\"widget\" data-widget_type=\"heading.default\">\r\n<div class=\"elementor-widget-container\">\r\n<p class=\"elementor-heading-title elementor-size-default\">Mandorle, miele, zucchero di canna bio, limone, zenzero, chiare d'uovo e cialda<\/p>\r\n\r\n<\/div>\r\n<\/div><\/li>\r\n \t<li><strong>Adatto ai celiaci<\/strong><\/li>\r\n<\/ul>","_it_post_name":"torrone-bianco-allo-zafferano-e-mandorle","_it_post_excerpt":"100g","_it_post_title":"Torrone Bianco Zafferano e Mandorle","_en_post_content":"","_en_post_name":"torrone-morbido-al-pistacchio-1193","_en_post_excerpt":"","_en_post_title":"TORRONE MORBIDO ALLA MANDORLA","_fr_post_content":"","_fr_post_name":"","_fr_post_excerpt":"","_fr_post_title":"","_de_post_content":"","_de_post_name":"","_de_post_excerpt":"","_de_post_title":"","edit_language":"fr"},"product_cat":[498,212,126],"product_tag":[],"class_list":{"0":"post-5646","1":"product","2":"type-product","3":"status-publish","4":"has-post-thumbnail","6":"product_cat-biscotti-e-torroni","7":"product_cat-prodotti-tipici","8":"product_cat-dolci-e-biscotti","10":"first","11":"instock","12":"taxable","13":"shipping-taxable","14":"purchasable","15":"product-type-simple"},"jetpack_sharing_enabled":true,"_links":{"self":[{"href":"https:\/\/www.enotecailbarocco.it\/fr\/wp-json\/wp\/v2\/product\/5646"}],"collection":[{"href":"https:\/\/www.enotecailbarocco.it\/fr\/wp-json\/wp\/v2\/product"}],"about":[{"href":"https:\/\/www.enotecailbarocco.it\/fr\/wp-json\/wp\/v2\/types\/product"}],"wp:featuredmedia":[{"embeddable":true,"href":"https:\/\/www.enotecailbarocco.it\/fr\/wp-json\/wp\/v2\/media\/16376"}],"wp:attachment":[{"href":"https:\/\/www.enotecailbarocco.it\/fr\/wp-json\/wp\/v2\/media?parent=5646"}],"wp:term":[{"taxonomy":"product_cat","embeddable":true,"href":"https:\/\/www.enotecailbarocco.it\/fr\/wp-json\/wp\/v2\/product_cat?post=5646"},{"taxonomy":"product_tag","embeddable":true,"href":"https:\/\/www.enotecailbarocco.it\/fr\/wp-json\/wp\/v2\/product_tag?post=5646"}],"curies":[{"name":"wp","href":"https:\/\/api.w.org\/{rel}","templated":true}]}}