{"id":4375,"date":"2018-07-09T22:34:03","date_gmt":"2018-07-09T20:34:03","guid":{"rendered":"https:\/\/www.enotecailbarocco.it\/prodotto\/\/"},"modified":"2022-11-14T13:05:20","modified_gmt":"2022-11-14T12:05:20","slug":"","status":"publish","type":"product","link":"https:\/\/www.enotecailbarocco.it\/fr\/produit\/susucaru\/","title":{"rendered":"","raw":""},"content":{"rendered":"","protected":false,"raw":""},"excerpt":{"rendered":"Il nostro rosso base \u00e8 un uvaggio composto soprattutto da Nerello Mascalese (85%) e da altre variet\u00e0 locali di tutte le nostre vigne vecchie: Nerello Cappuccio, Alicante Boushet, Minnella e Uva Francesa. Il nostro Contadino \u00e8 espressione dell\u2019Etna pi\u00f9 tradizionale fatto usando variet\u00e0 differenti: fragrante, elegante, con struttura e personalit\u00e0. Regione:\u00a0Etna, Vallata Nord Vigne:\u00a0Picciolo, Malpasso, [...]","protected":false,"raw":""},"featured_media":4376,"template":"","meta":{"_it_post_content":"Il nostro rosso base \u00e8 un uvaggio composto soprattutto da Nerello Mascalese (85%) e da altre variet\u00e0 locali di tutte le nostre vigne vecchie: Nerello Cappuccio, Alicante Boushet, Minnella e Uva Francesa. Il nostro Contadino \u00e8 espressione dell\u2019Etna pi\u00f9 tradizionale fatto usando variet\u00e0 differenti: fragrante, elegante, con struttura e personalit\u00e0.\r\n\r\n<strong>Regione:<\/strong>\u00a0Etna, Vallata Nord\r\n<strong>Vigne:<\/strong>\u00a0Picciolo, Malpasso, Campo Re, Cras\u00e0, Piano Daini, Feudo di Mezzo\r\n<strong>Variet\u00e0:<\/strong>\u00a0Nerello Mascalese 85%, Nerello Capuccio, Minella Nera, Allicante Bouschet, Minella Bianco\r\n<strong>Et\u00e0 media delle piante:<\/strong>\u00a050+ anni\r\n<strong>Vinificazione:<\/strong>\u00a0Diraspatura e pigiatura leggera, follature manuali e pressatura soffice\r\n<strong>Fermentazione:<\/strong>\u00a0partenza con \u201cpied-de-cuve\u201d di solo lieviti indigeni con le bucce per circa 60 giorni\r\n<strong>Maturazione:<\/strong>\u00a0In vasche neutre di vetroresina da 2500 a 7000 litri\r\n<strong>Chiarifica:<\/strong>\u00a0No\r\n<strong>Filtrazione:<\/strong>\u00a0Prima dell\u2019imbottigliamento con cartucce PP di 2 micron\r\n<strong>Solforosa:<\/strong>\u00a0valori possono variare tra 5 e 30 mg\/l., aggiunti o meno, a seconda della qualit\u00e0 dell\u2019uva e la stabilit\u00e0 del vino\r\n<strong>Produzione annua:<\/strong>\u00a035.000 bottiglie\r\n<strong>Prima annata:<\/strong>\u00a02003\r\n<strong>Denominazione:<\/strong>\u00a0Etna Rosso DOP o IGP Terre Siciliane Nerello Mascalese\r\n<strong>Tipo di bottiglia:<\/strong>\u00a0Borgognotta trasparente\r\n<strong>Formati disponibili:<\/strong>\u00a0750ML, 1500ML, 3000ML e 5000ML (solo su richiesta)\r\n<strong>Bicchiere consigliato:<\/strong>\u00a0Zalto Bordeaux","_it_post_name":"susucaru","_it_post_excerpt":"","_it_post_title":"Susucaru Rosso-Ex Contadino 75 cl","_en_post_content":"<p><span style=\"font-family: Raleway, Arial, Helvetica, sans-serif; font-size: 14px;\">A rich and fragrant wine of pure Nerello Mascalese from different vineyards, partly from our best parcels where we produce our crus (Zottorinoto-Chiusa Spagnolo, Feudo di Mezzo-Porcaria, Pontale Palino) as well as designated vineyards for this specific wine (Rampante, Piano Daini and Cras\u00e0). A classic, traditional Nerello Mascalese with tannins and sweetness of ripe fruit. My vision of a traditional, balanced and rich Northern Valley Etna wine.<\/span><\/p>\r\n<p><span style=\"font-family: Raleway, Arial, Helvetica, sans-serif; font-size: 14px;\"><strong style=\"line-height: inherit; font-family: Raleway, Arial, Helvetica, sans-serif; font-size: 14px;\">Region<\/strong><span style=\"font-family: Raleway, Arial, Helvetica, sans-serif; font-size: 14px;\">: Etna, Northern valley<\/span><br style=\"font-family: Raleway, Arial, Helvetica, sans-serif; font-size: 14px;\" \/><strong style=\"line-height: inherit; font-family: Raleway, Arial, Helvetica, sans-serif; font-size: 14px;\">Vineyard (s)<\/strong><span style=\"font-family: Raleway, Arial, Helvetica, sans-serif; font-size: 14px;\">: Zottorinoto-Chiusa Spagnolo, Feudo di Mezzo-Porcaria, Cras\u00e0, Piano dei Daini<\/span><br style=\"font-family: Raleway, Arial, Helvetica, sans-serif; font-size: 14px;\" \/><strong style=\"line-height: inherit; font-family: Raleway, Arial, Helvetica, sans-serif; font-size: 14px;\">Varietal (s)<\/strong><span style=\"font-family: Raleway, Arial, Helvetica, sans-serif; font-size: 14px;\">: Nerello Mascalese 100%<\/span><br style=\"font-family: Raleway, Arial, Helvetica, sans-serif; font-size: 14px;\" \/><strong style=\"line-height: inherit; font-family: Raleway, Arial, Helvetica, sans-serif; font-size: 14px;\">Average age of vines<\/strong><span style=\"font-family: Raleway, Arial, Helvetica, sans-serif; font-size: 14px;\">: 60+ years<\/span><br style=\"font-family: Raleway, Arial, Helvetica, sans-serif; font-size: 14px;\" \/><strong style=\"line-height: inherit; font-family: Raleway, Arial, Helvetica, sans-serif; font-size: 14px;\">Vinification<\/strong><span style=\"font-family: Raleway, Arial, Helvetica, sans-serif; font-size: 14px;\">: Destemming and light crushing of the grapes, skin fermentation for approximately 60 days<\/span><br style=\"font-family: Raleway, Arial, Helvetica, sans-serif; font-size: 14px;\" \/><strong style=\"line-height: inherit; font-family: Raleway, Arial, Helvetica, sans-serif; font-size: 14px;\">Aging<\/strong><span style=\"font-family: Raleway, Arial, Helvetica, sans-serif; font-size: 14px;\">: In neutral epoxy tanks from 2500 liters to 7000 liters<\/span><br style=\"font-family: Raleway, Arial, Helvetica, sans-serif; font-size: 14px;\" \/><strong style=\"line-height: inherit; font-family: Raleway, Arial, Helvetica, sans-serif; font-size: 14px;\">Fining<\/strong><span style=\"font-family: Raleway, Arial, Helvetica, sans-serif; font-size: 14px;\">: No<\/span><br style=\"font-family: Raleway, Arial, Helvetica, sans-serif; font-size: 14px;\" \/><strong style=\"line-height: inherit; font-family: Raleway, Arial, Helvetica, sans-serif; font-size: 14px;\">Filtering<\/strong><span style=\"font-family: Raleway, Arial, Helvetica, sans-serif; font-size: 14px;\">: Before bottling with cartridges of 5 micron<\/span><br style=\"font-family: Raleway, Arial, Helvetica, sans-serif; font-size: 14px;\" \/><strong style=\"line-height: inherit; font-family: Raleway, Arial, Helvetica, sans-serif; font-size: 14px;\">Annual production<\/strong><span style=\"font-family: Raleway, Arial, Helvetica, sans-serif; font-size: 14px;\">: 12.000 bottles<\/span><br style=\"font-family: Raleway, Arial, Helvetica, sans-serif; font-size: 14px;\" \/><strong style=\"line-height: inherit; font-family: Raleway, Arial, Helvetica, sans-serif; font-size: 14px;\">First vintage<\/strong><span style=\"font-family: Raleway, Arial, Helvetica, sans-serif; font-size: 14px;\">: 2001<\/span><br style=\"font-family: Raleway, Arial, Helvetica, sans-serif; font-size: 14px;\" \/><strong style=\"line-height: inherit; font-family: Raleway, Arial, Helvetica, sans-serif; font-size: 14px;\">Denomination<\/strong><span style=\"font-family: Raleway, Arial, Helvetica, sans-serif; font-size: 14px;\">: Etna Rosso DOP (before 2016 IGP Terre Siciliane Nerello Mascalese)<\/span><br style=\"font-family: Raleway, Arial, Helvetica, sans-serif; font-size: 14px;\" \/><strong style=\"line-height: inherit; font-family: Raleway, Arial, Helvetica, sans-serif; font-size: 14px;\">Bottle type<\/strong><span style=\"font-family: Raleway, Arial, Helvetica, sans-serif; font-size: 14px;\">: Dark burgundy bottle<\/span><br style=\"font-family: Raleway, Arial, Helvetica, sans-serif; font-size: 14px;\" \/><strong style=\"line-height: inherit; font-family: Raleway, Arial, Helvetica, sans-serif; font-size: 14px;\">Cases of<\/strong><span style=\"font-family: Raleway, Arial, Helvetica, sans-serif; font-size: 14px;\">: 6 or 12 bottles, 3 magnums and 2 double magnum<\/span><br style=\"font-family: Raleway, Arial, Helvetica, sans-serif; font-size: 14px;\" \/><strong style=\"line-height: inherit; font-family: Raleway, Arial, Helvetica, sans-serif; font-size: 14px;\">Recommended stemware<\/strong><span style=\"font-family: Raleway, Arial, Helvetica, sans-serif; font-size: 14px;\">: Zalto Burgundy<\/span><\/span><\/p>","_en_post_name":"munjebel-rosso","_en_post_excerpt":"","_en_post_title":"MUNJEBEL ROSSO","_fr_post_content":"","_fr_post_name":"","_fr_post_excerpt":"","_fr_post_title":"","_de_post_content":"","_de_post_name":"","_de_post_excerpt":"","_de_post_title":"","edit_language":"fr"},"product_cat":[209,208],"product_tag":[],"class_list":{"0":"post-4375","1":"product","2":"type-product","3":"status-publish","4":"has-post-thumbnail","6":"product_cat-vini","7":"product_cat-cornelissen-frank-catania","9":"first","10":"outofstock","11":"taxable","12":"shipping-taxable","13":"purchasable","14":"product-type-simple"},"jetpack_sharing_enabled":true,"_links":{"self":[{"href":"https:\/\/www.enotecailbarocco.it\/fr\/wp-json\/wp\/v2\/product\/4375"}],"collection":[{"href":"https:\/\/www.enotecailbarocco.it\/fr\/wp-json\/wp\/v2\/product"}],"about":[{"href":"https:\/\/www.enotecailbarocco.it\/fr\/wp-json\/wp\/v2\/types\/product"}],"wp:featuredmedia":[{"embeddable":true,"href":"https:\/\/www.enotecailbarocco.it\/fr\/wp-json\/wp\/v2\/media\/4376"}],"wp:attachment":[{"href":"https:\/\/www.enotecailbarocco.it\/fr\/wp-json\/wp\/v2\/media?parent=4375"}],"wp:term":[{"taxonomy":"product_cat","embeddable":true,"href":"https:\/\/www.enotecailbarocco.it\/fr\/wp-json\/wp\/v2\/product_cat?post=4375"},{"taxonomy":"product_tag","embeddable":true,"href":"https:\/\/www.enotecailbarocco.it\/fr\/wp-json\/wp\/v2\/product_tag?post=4375"}],"curies":[{"name":"wp","href":"https:\/\/api.w.org\/{rel}","templated":true}]}}