{"id":2784,"date":"2018-03-02T15:33:41","date_gmt":"2018-03-02T14:33:41","guid":{"rendered":"https:\/\/www.enotecailbarocco.it\/product\/cirneco\/"},"modified":"2025-06-12T11:34:24","modified_gmt":"2025-06-12T09:34:24","slug":"","status":"publish","type":"product","link":"https:\/\/www.enotecailbarocco.it\/fr\/produit\/cirneco\/","title":{"rendered":"","raw":""},"content":{"rendered":"","protected":false,"raw":""},"excerpt":{"rendered":"Tipologia:\u00a0Rosso Etna D.O.C.Vitigno:\u00a0Nerello Mascalese in purezzaCaldo e robusto al palato, colore rosso rubino luminoso e compatto. In bocca coniuga alla perfezione esuberanza e armonia: si dimostra splendido esempio di integrit\u00e0 e dolcezza del tannino, calibrato in un contesto ottimale di freschezza e sapidit\u00e0. Seducente e lunghissima la persistenza. Il pi\u00f9 perfetto, elegante ritratto del suo [...]","protected":false,"raw":""},"featured_media":3403,"template":"","meta":{"_it_post_content":"<span style=\"padding: 0px; margin: 0px; font-family: 'Open Sans', sans-serif; font-weight: 600; color: #666666; font-size: 15px;\">Tipologia:<\/span><span style=\"color: #666666; font-family: 'Open Sans', sans-serif; font-size: 15px;\">\u00a0Rosso Etna D.O.C.<\/span><br style=\"padding: 0px; margin: 0px; font-family: 'Crimson Text', serif; color: #666666; font-size: 15px;\" \/><span style=\"padding: 0px; margin: 0px; font-family: 'Open Sans', sans-serif; font-weight: 600; color: #666666; font-size: 15px;\">Vitigno:<\/span><span style=\"color: #666666; font-family: 'Open Sans', sans-serif; font-size: 15px;\">\u00a0Nerello Mascalese in purezza<\/span><br style=\"padding: 0px; margin: 0px; font-family: 'Crimson Text', serif; color: #666666; font-size: 15px;\" \/><span style=\"color: #666666; font-family: 'Open Sans', sans-serif; font-size: 15px;\">Caldo e robusto al palato, colore rosso rubino luminoso e compatto. In bocca coniuga alla perfezione esuberanza e armonia: si dimostra splendido esempio di integrit\u00e0 e dolcezza del tannino, calibrato in un contesto ottimale di freschezza e sapidit\u00e0. Seducente e lunghissima la persistenza. Il pi\u00f9 perfetto, elegante ritratto del suo territorio di origine.<\/span>","_it_post_name":"cirneco","_it_post_excerpt":"","_it_post_title":"Cirneco 75 cl","_en_post_content":"<p><span style=\"padding: 0px; margin: 0px; font-family: 'Open Sans', sans-serif; font-weight: 600; list-style: none; color: #666666; font-size: 15px;\">Tipologia:<\/span><span style=\"color: #666666; font-family: 'Open Sans', sans-serif; font-size: 15px;\">&nbsp;Rosso Etna D.O.C.<\/span><br style=\"padding: 0px; margin: 0px; font-family: 'Crimson Text', serif; list-style: none; color: #666666; font-size: 15px;\" \/><span style=\"padding: 0px; margin: 0px; font-family: 'Open Sans', sans-serif; font-weight: 600; list-style: none; color: #666666; font-size: 15px;\">Vitigno:<\/span><span style=\"color: #666666; font-family: 'Open Sans', sans-serif; font-size: 15px;\">&nbsp;Nerello Mascalese in purezza<\/span><br style=\"padding: 0px; margin: 0px; font-family: 'Crimson Text', serif; list-style: none; color: #666666; font-size: 15px;\" \/><span style=\"color: #666666; font-family: 'Open Sans', sans-serif; font-size: 15px;\">Caldo e robusto al palato, colore rosso rubino luminoso e compatto. In bocca coniuga alla perfezione esuberanza e armonia: si dimostra splendido esempio di integrit\u00e0 e dolcezza del tannino, calibrato in un contesto ottimale di freschezza e sapidit\u00e0. Seducente e lunghissima la persistenza. Il pi\u00f9 perfetto, elegante ritratto del suo territorio di origine.<\/span><\/p>","_en_post_name":"cirneco","_en_post_excerpt":"","_en_post_title":"CIRNECO","_fr_post_content":"","_fr_post_name":"","_fr_post_excerpt":"","_fr_post_title":"","_de_post_content":"","_de_post_name":"","_de_post_excerpt":"","_de_post_title":"","edit_language":"fr"},"product_cat":[209,199],"product_tag":[],"class_list":{"0":"post-2784","1":"product","2":"type-product","3":"status-publish","4":"has-post-thumbnail","6":"product_cat-vini","7":"product_cat-terrazze-dell-etna-catania","9":"first","10":"instock","11":"taxable","12":"shipping-taxable","13":"purchasable","14":"product-type-simple"},"jetpack_sharing_enabled":true,"_links":{"self":[{"href":"https:\/\/www.enotecailbarocco.it\/fr\/wp-json\/wp\/v2\/product\/2784"}],"collection":[{"href":"https:\/\/www.enotecailbarocco.it\/fr\/wp-json\/wp\/v2\/product"}],"about":[{"href":"https:\/\/www.enotecailbarocco.it\/fr\/wp-json\/wp\/v2\/types\/product"}],"wp:featuredmedia":[{"embeddable":true,"href":"https:\/\/www.enotecailbarocco.it\/fr\/wp-json\/wp\/v2\/media\/3403"}],"wp:attachment":[{"href":"https:\/\/www.enotecailbarocco.it\/fr\/wp-json\/wp\/v2\/media?parent=2784"}],"wp:term":[{"taxonomy":"product_cat","embeddable":true,"href":"https:\/\/www.enotecailbarocco.it\/fr\/wp-json\/wp\/v2\/product_cat?post=2784"},{"taxonomy":"product_tag","embeddable":true,"href":"https:\/\/www.enotecailbarocco.it\/fr\/wp-json\/wp\/v2\/product_tag?post=2784"}],"curies":[{"name":"wp","href":"https:\/\/api.w.org\/{rel}","templated":true}]}}