{"id":2069,"date":"2018-03-02T15:31:15","date_gmt":"2018-03-02T14:31:15","guid":{"rendered":"https:\/\/www.enotecailbarocco.it\/product\/noblesse-brut-metodo-classico\/"},"modified":"2024-12-17T15:40:54","modified_gmt":"2024-12-17T14:40:54","slug":"","status":"publish","type":"product","link":"https:\/\/www.enotecailbarocco.it\/fr\/produit\/noblesse-brut-metodo-classico\/","title":{"rendered":"","raw":""},"content":{"rendered":"","protected":false,"raw":""},"excerpt":{"rendered":"Noblesse nasce per l'unicit\u00e0 del territorio dell'Etna che, attraverso il suo vitigno autoctono bianco pi\u00f9 espressivo, il Carricante, d\u00e0 un vino base ideale anche per la spumantizzazione con Metodo Classico. La presa di spuma e la permanenza sui lieviti per oltre 36 mesi donano, a questo vino bianco spumante, eleganza e profumo delicato, gusto fine [...]","protected":false,"raw":""},"featured_media":12079,"template":"","meta":{"_it_post_content":"Noblesse nasce per l'unicit\u00e0 del territorio dell'Etna che, attraverso il suo vitigno autoctono bianco pi\u00f9 espressivo, il Carricante, d\u00e0 un vino base ideale anche per la spumantizzazione con Metodo Classico. La presa di spuma e la permanenza sui lieviti per oltre 36 mesi donano, a questo vino bianco spumante, eleganza e profumo delicato, gusto fine e rotondo. Ottimo come Classico per ogni occasione.\r\n<table style=\"margin: 0px; padding: 0px; border: 0px; font-size: 13px; vertical-align: baseline; border-spacing: 0px; color: #333333; font-family: 'PT Sans', Arial, Helvetica, sans-serif; line-height: 18px; width: 380px;\" border=\"1\" cellspacing=\"0\" cellpadding=\"0\">\r\n<tbody style=\"margin: 0px; padding: 0px; border: 0px; vertical-align: baseline; background-color: transparent;\">\r\n<tr style=\"margin: 0px; padding: 0px; border-width: 0px 0px 1px; border-bottom-style: solid; border-bottom-color: #eaeaea; vertical-align: baseline; background-color: transparent; height: 18px;\">\r\n<th style=\"margin: 0px; padding: 2px 0px; border: 0px; vertical-align: baseline; background-color: transparent;\" scope=\"row\" width=\"120\">\r\n<p style=\"margin: 0px; padding: 0px; border: 0px; vertical-align: baseline; background-color: transparent;\">Denominazione<\/p>\r\n<\/th>\r\n<td style=\"margin: 0px; padding: 2px 0px; border: 0px; font-size: 13px; vertical-align: baseline; background-color: transparent; color: #666666;\" width=\"230\">\r\n<p style=\"padding: 0px; border: 0px; vertical-align: baseline; background-color: transparent; line-height: 14px;\">Vino spumante di qualit\u00e0 VSQ<\/p>\r\n<\/td>\r\n<\/tr>\r\n<tr style=\"margin: 0px; padding: 0px; border-width: 0px 0px 1px; border-bottom-style: solid; border-bottom-color: #eaeaea; vertical-align: baseline; background-color: transparent; height: 18px;\">\r\n<th style=\"margin: 0px; padding: 2px 0px; border: 0px; vertical-align: baseline; background-color: transparent;\" scope=\"row\">\r\n<p style=\"margin: 0px; padding: 0px; border: 0px; vertical-align: baseline; background-color: transparent;\">Regione<\/p>\r\n<\/th>\r\n<td style=\"margin: 0px; padding: 2px 0px; border: 0px; font-size: 13px; vertical-align: baseline; background-color: transparent; color: #666666;\">\r\n<p style=\"padding: 0px; border: 0px; vertical-align: baseline; background-color: transparent; line-height: 14px;\">Sicilia<\/p>\r\n<\/td>\r\n<\/tr>\r\n<tr style=\"margin: 0px; padding: 0px; border-width: 0px 0px 1px; border-bottom-style: solid; border-bottom-color: #eaeaea; vertical-align: baseline; background-color: transparent; height: 18px;\">\r\n<th style=\"margin: 0px; padding: 2px 0px; border: 0px; vertical-align: baseline; background-color: transparent;\" scope=\"row\">\r\n<p style=\"margin: 0px; padding: 0px; border: 0px; vertical-align: baseline; background-color: transparent;\">Tipologia<\/p>\r\n<\/th>\r\n<td style=\"margin: 0px; padding: 2px 0px; border: 0px; font-size: 13px; vertical-align: baseline; background-color: transparent; color: #666666;\">\r\n<p style=\"padding: 0px; border: 0px; vertical-align: baseline; background-color: transparent; line-height: 14px;\">Metodo Classico<\/p>\r\n<\/td>\r\n<\/tr>\r\n<tr style=\"margin: 0px; padding: 0px; border-width: 0px 0px 1px; border-bottom-style: solid; border-bottom-color: #eaeaea; vertical-align: baseline; background-color: transparent; height: 18px;\">\r\n<th style=\"margin: 0px; padding: 2px 0px; border: 0px; vertical-align: baseline; background-color: transparent;\" scope=\"row\">\r\n<p style=\"margin: 0px; padding: 0px; border: 0px; vertical-align: baseline; background-color: transparent;\">Vitigni<\/p>\r\n<\/th>\r\n<td style=\"margin: 0px; padding: 2px 0px; border: 0px; font-size: 13px; vertical-align: baseline; background-color: transparent; color: #666666;\">\r\n<p style=\"padding: 0px; border: 0px; vertical-align: baseline; background-color: transparent; line-height: 14px;\">Carricante 90%, altre variet\u00e0 autoctone 10%<\/p>\r\n<\/td>\r\n<\/tr>\r\n<tr style=\"margin: 0px; padding: 0px; border-width: 0px 0px 1px; border-bottom-style: solid; border-bottom-color: #eaeaea; vertical-align: baseline; background-color: transparent; height: 18px;\">\r\n<th style=\"margin: 0px; padding: 2px 0px; border: 0px; vertical-align: baseline; background-color: transparent;\" scope=\"row\">\r\n<p style=\"margin: 0px; padding: 0px; border: 0px; vertical-align: baseline; background-color: transparent;\">Vendemmia<\/p>\r\n<\/th>\r\n<td style=\"margin: 0px; padding: 2px 0px; border: 0px; font-size: 13px; vertical-align: baseline; background-color: transparent; color: #666666;\">\r\n<p style=\"padding: 0px; border: 0px; vertical-align: baseline; background-color: transparent; line-height: 14px;\">s.a.<\/p>\r\n<\/td>\r\n<\/tr>\r\n<tr style=\"margin: 0px; padding: 0px; border-width: 0px 0px 1px; border-bottom-style: solid; border-bottom-color: #eaeaea; vertical-align: baseline; background-color: transparent; height: 18px;\">\r\n<th style=\"margin: 0px; padding: 2px 0px; border: 0px; vertical-align: baseline; background-color: transparent;\" scope=\"row\">\r\n<p style=\"margin: 0px; padding: 0px; border: 0px; vertical-align: baseline; background-color: transparent;\">Vinificazione<\/p>\r\n<\/th>\r\n<td style=\"margin: 0px; padding: 2px 0px; border: 0px; font-size: 13px; vertical-align: baseline; background-color: transparent; color: #666666;\">\r\n<p style=\"padding: 0px; border: 0px; vertical-align: baseline; background-color: transparent; line-height: 14px;\">fermentazione parte in legno, parte in acciao. nella primavera successiva presa di spuma in bottiglia<\/p>\r\n<\/td>\r\n<\/tr>\r\n<tr style=\"margin: 0px; padding: 0px; border-width: 0px 0px 1px; border-bottom-style: solid; border-bottom-color: #eaeaea; vertical-align: baseline; background-color: transparent; height: 18px;\">\r\n<th style=\"margin: 0px; padding: 2px 0px; border: 0px; vertical-align: baseline; background-color: transparent;\" scope=\"row\">\r\n<p style=\"margin: 0px; padding: 0px; border: 0px; vertical-align: baseline; background-color: transparent;\">Affinamento<\/p>\r\n<\/th>\r\n<td style=\"margin: 0px; padding: 2px 0px; border: 0px; font-size: 13px; vertical-align: baseline; background-color: transparent; color: #666666;\">\r\n<p style=\"padding: 0px; border: 0px; vertical-align: baseline; background-color: transparent; line-height: 14px;\">almeno 18 mesi sui lieviti<\/p>\r\n<\/td>\r\n<\/tr>\r\n<tr style=\"margin: 0px; padding: 0px; border-width: 0px 0px 1px; border-bottom-style: solid; border-bottom-color: #eaeaea; vertical-align: baseline; background-color: transparent; height: 18px;\">\r\n<th style=\"margin: 0px; padding: 2px 0px; border: 0px; vertical-align: baseline; background-color: transparent;\" scope=\"row\">\r\n<p style=\"margin: 0px; padding: 0px; border: 0px; vertical-align: baseline; background-color: transparent;\">Sboccatura<\/p>\r\n<\/th>\r\n<td style=\"margin: 0px; padding: 2px 0px; border: 0px; font-size: 13px; vertical-align: baseline; background-color: transparent; color: #666666;\">\r\n<p style=\"padding: 0px; border: 0px; vertical-align: baseline; background-color: transparent; line-height: 14px;\">Aprile 2013<\/p>\r\n<\/td>\r\n<\/tr>\r\n<tr style=\"margin: 0px; padding: 0px; border-width: 0px 0px 1px; border-bottom-style: solid; border-bottom-color: #eaeaea; vertical-align: baseline; background-color: transparent; height: 18px;\">\r\n<th style=\"margin: 0px; padding: 2px 0px; border: 0px; vertical-align: baseline; background-color: transparent;\" scope=\"row\">\r\n<p style=\"margin: 0px; padding: 0px; border: 0px; vertical-align: baseline; background-color: transparent;\">Formato<\/p>\r\n<\/th>\r\n<td style=\"margin: 0px; padding: 2px 0px; border: 0px; font-size: 13px; vertical-align: baseline; background-color: transparent; color: #666666;\">\r\n<p style=\"padding: 0px; border: 0px; vertical-align: baseline; background-color: transparent; line-height: 14px;\">75 cl<\/p>\r\n<\/td>\r\n<\/tr>\r\n<tr style=\"margin: 0px; padding: 0px; border-width: 0px 0px 1px; border-bottom-style: solid; border-bottom-color: #eaeaea; vertical-align: baseline; background-color: transparent; height: 18px;\">\r\n<th style=\"margin: 0px; padding: 2px 0px; border: 0px; vertical-align: baseline; background-color: transparent;\" scope=\"row\">\r\n<p style=\"margin: 0px; padding: 0px; border: 0px; vertical-align: baseline; background-color: transparent;\">Gradazione<\/p>\r\n<\/th>\r\n<td style=\"margin: 0px; padding: 2px 0px; border: 0px; font-size: 13px; vertical-align: baseline; background-color: transparent; color: #666666;\">\r\n<p style=\"padding: 0px; border: 0px; vertical-align: baseline; background-color: transparent; line-height: 14px;\">12,5%<\/p>\r\n<\/td>\r\n<\/tr>\r\n<tr style=\"margin: 0px; padding: 0px; border-width: 0px 0px 1px; border-bottom-style: solid; border-bottom-color: #eaeaea; vertical-align: baseline; background-color: transparent; height: 18px;\">\r\n<th style=\"margin: 0px; padding: 2px 0px; border: 0px; vertical-align: baseline; background-color: transparent;\" scope=\"row\">\r\n<p style=\"margin: 0px; padding: 0px; border: 0px; vertical-align: baseline; background-color: transparent;\">Abbinamenti<\/p>\r\n<\/th>\r\n<td style=\"margin: 0px; padding: 2px 0px; border: 0px; font-size: 13px; vertical-align: baseline; background-color: transparent; color: #666666;\">\r\n<p style=\"padding: 0px; border: 0px; vertical-align: baseline; background-color: transparent; line-height: 14px;\">antipasti, primi e secondi di pesce<\/p>\r\n<\/td>\r\n<\/tr>\r\n<\/tbody>\r\n<\/table>","_it_post_name":"noblesse-brut-metodo-classico","_it_post_excerpt":"","_it_post_title":"Noblesse Brut Metodo Classico 48 mesi Benanti 75 cl","_en_post_content":"<p>Noblesse nasce per l'unicit\u00e0 del territorio dell'Etna che, attraverso il suo vitigno autoctono bianco pi\u00f9 espressivo, il Carricante, d\u00e0 un vino base ideale anche per la spumantizzazione con Metodo Classico. La presa di spuma e la permanenza sui lieviti per oltre 36 mesi donano, a questo vino bianco spumante, eleganza e profumo delicato, gusto fine e rotondo. Ottimo come Classico per ogni occasione.&nbsp;<\/p>\r\n<table style=\"margin: 0px; padding: 0px; border: 0px; outline: 0px; font-size: 13px; vertical-align: baseline; border-spacing: 0px; color: #333333; font-family: 'PT Sans', Arial, Helvetica, sans-serif; line-height: 18px; width: 380px;\" border=\"1\" cellspacing=\"0\" cellpadding=\"0\">\r\n<tbody style=\"margin: 0px; padding: 0px; border: 0px; outline: 0px; vertical-align: baseline; background-color: transparent;\">\r\n<tr style=\"margin: 0px; padding: 0px; border-width: 0px 0px 1px; border-bottom-style: solid; border-bottom-color: #eaeaea; outline: 0px; vertical-align: baseline; background-color: transparent; height: 18px;\"><th style=\"margin: 0px; padding: 2px 0px; border: 0px; outline: 0px; vertical-align: baseline; background-color: transparent;\" scope=\"row\" width=\"120\">\r\n<p style=\"margin: 0px; padding: 0px; border: 0px; outline: 0px; vertical-align: baseline; background-color: transparent;\">Denominazione<\/p>\r\n<\/th>\r\n<td style=\"margin: 0px; padding: 2px 0px; border: 0px; outline: 0px; font-size: 13px; vertical-align: baseline; background-color: transparent; color: #666666;\" width=\"230\">\r\n<p style=\"padding: 0px; border: 0px; outline: 0px; vertical-align: baseline; background-color: transparent; line-height: 14px;\">Vino spumante di qualit\u00e0 VSQ<\/p>\r\n<\/td>\r\n<\/tr>\r\n<tr style=\"margin: 0px; padding: 0px; border-width: 0px 0px 1px; border-bottom-style: solid; border-bottom-color: #eaeaea; outline: 0px; vertical-align: baseline; background-color: transparent; height: 18px;\"><th style=\"margin: 0px; padding: 2px 0px; border: 0px; outline: 0px; vertical-align: baseline; background-color: transparent;\" scope=\"row\">\r\n<p style=\"margin: 0px; padding: 0px; border: 0px; outline: 0px; vertical-align: baseline; background-color: transparent;\">Regione<\/p>\r\n<\/th>\r\n<td style=\"margin: 0px; padding: 2px 0px; border: 0px; outline: 0px; font-size: 13px; vertical-align: baseline; background-color: transparent; color: #666666;\">\r\n<p style=\"padding: 0px; border: 0px; outline: 0px; vertical-align: baseline; background-color: transparent; line-height: 14px;\">Sicilia<\/p>\r\n<\/td>\r\n<\/tr>\r\n<tr style=\"margin: 0px; padding: 0px; border-width: 0px 0px 1px; border-bottom-style: solid; border-bottom-color: #eaeaea; outline: 0px; vertical-align: baseline; background-color: transparent; height: 18px;\"><th style=\"margin: 0px; padding: 2px 0px; border: 0px; outline: 0px; vertical-align: baseline; background-color: transparent;\" scope=\"row\">\r\n<p style=\"margin: 0px; padding: 0px; border: 0px; outline: 0px; vertical-align: baseline; background-color: transparent;\">Tipologia<\/p>\r\n<\/th>\r\n<td style=\"margin: 0px; padding: 2px 0px; border: 0px; outline: 0px; font-size: 13px; vertical-align: baseline; background-color: transparent; color: #666666;\">\r\n<p style=\"padding: 0px; border: 0px; outline: 0px; vertical-align: baseline; background-color: transparent; line-height: 14px;\">Metodo Classico<\/p>\r\n<\/td>\r\n<\/tr>\r\n<tr style=\"margin: 0px; padding: 0px; border-width: 0px 0px 1px; border-bottom-style: solid; border-bottom-color: #eaeaea; outline: 0px; vertical-align: baseline; background-color: transparent; height: 18px;\"><th style=\"margin: 0px; padding: 2px 0px; border: 0px; outline: 0px; vertical-align: baseline; background-color: transparent;\" scope=\"row\">\r\n<p style=\"margin: 0px; padding: 0px; border: 0px; outline: 0px; vertical-align: baseline; background-color: transparent;\">Vitigni<\/p>\r\n<\/th>\r\n<td style=\"margin: 0px; padding: 2px 0px; border: 0px; outline: 0px; font-size: 13px; vertical-align: baseline; background-color: transparent; color: #666666;\">\r\n<p style=\"padding: 0px; border: 0px; outline: 0px; vertical-align: baseline; background-color: transparent; line-height: 14px;\">Carricante 90%, altre variet\u00e0 autoctone 10%<\/p>\r\n<\/td>\r\n<\/tr>\r\n<tr style=\"margin: 0px; padding: 0px; border-width: 0px 0px 1px; border-bottom-style: solid; border-bottom-color: #eaeaea; outline: 0px; vertical-align: baseline; background-color: transparent; height: 18px;\"><th style=\"margin: 0px; padding: 2px 0px; border: 0px; outline: 0px; vertical-align: baseline; background-color: transparent;\" scope=\"row\">\r\n<p style=\"margin: 0px; padding: 0px; border: 0px; outline: 0px; vertical-align: baseline; background-color: transparent;\">Vendemmia<\/p>\r\n<\/th>\r\n<td style=\"margin: 0px; padding: 2px 0px; border: 0px; outline: 0px; font-size: 13px; vertical-align: baseline; background-color: transparent; color: #666666;\">\r\n<p style=\"padding: 0px; border: 0px; outline: 0px; vertical-align: baseline; background-color: transparent; line-height: 14px;\">s.a.<\/p>\r\n<\/td>\r\n<\/tr>\r\n<tr style=\"margin: 0px; padding: 0px; border-width: 0px 0px 1px; border-bottom-style: solid; border-bottom-color: #eaeaea; outline: 0px; vertical-align: baseline; background-color: transparent; height: 18px;\"><th style=\"margin: 0px; padding: 2px 0px; border: 0px; outline: 0px; vertical-align: baseline; background-color: transparent;\" scope=\"row\">\r\n<p style=\"margin: 0px; padding: 0px; border: 0px; outline: 0px; vertical-align: baseline; background-color: transparent;\">Vinificazione<\/p>\r\n<\/th>\r\n<td style=\"margin: 0px; padding: 2px 0px; border: 0px; outline: 0px; font-size: 13px; vertical-align: baseline; background-color: transparent; color: #666666;\">\r\n<p style=\"padding: 0px; border: 0px; outline: 0px; vertical-align: baseline; background-color: transparent; line-height: 14px;\">fermentazione parte in legno, parte in acciao. nella primavera successiva presa di spuma in bottiglia<\/p>\r\n<\/td>\r\n<\/tr>\r\n<tr style=\"margin: 0px; padding: 0px; border-width: 0px 0px 1px; border-bottom-style: solid; border-bottom-color: #eaeaea; outline: 0px; vertical-align: baseline; background-color: transparent; height: 18px;\"><th style=\"margin: 0px; padding: 2px 0px; border: 0px; outline: 0px; vertical-align: baseline; background-color: transparent;\" scope=\"row\">\r\n<p style=\"margin: 0px; padding: 0px; border: 0px; outline: 0px; vertical-align: baseline; background-color: transparent;\">Affinamento<\/p>\r\n<\/th>\r\n<td style=\"margin: 0px; padding: 2px 0px; border: 0px; outline: 0px; font-size: 13px; vertical-align: baseline; background-color: transparent; color: #666666;\">\r\n<p style=\"padding: 0px; border: 0px; outline: 0px; vertical-align: baseline; background-color: transparent; line-height: 14px;\">almeno 18 mesi sui lieviti<\/p>\r\n<\/td>\r\n<\/tr>\r\n<tr style=\"margin: 0px; padding: 0px; border-width: 0px 0px 1px; border-bottom-style: solid; border-bottom-color: #eaeaea; outline: 0px; vertical-align: baseline; background-color: transparent; height: 18px;\"><th style=\"margin: 0px; padding: 2px 0px; border: 0px; outline: 0px; vertical-align: baseline; background-color: transparent;\" scope=\"row\">\r\n<p style=\"margin: 0px; padding: 0px; border: 0px; outline: 0px; vertical-align: baseline; background-color: transparent;\">Sboccatura<\/p>\r\n<\/th>\r\n<td style=\"margin: 0px; padding: 2px 0px; border: 0px; outline: 0px; font-size: 13px; vertical-align: baseline; background-color: transparent; color: #666666;\">\r\n<p style=\"padding: 0px; border: 0px; outline: 0px; vertical-align: baseline; background-color: transparent; line-height: 14px;\">Aprile 2013<\/p>\r\n<\/td>\r\n<\/tr>\r\n<tr style=\"margin: 0px; padding: 0px; border-width: 0px 0px 1px; border-bottom-style: solid; border-bottom-color: #eaeaea; outline: 0px; vertical-align: baseline; background-color: transparent; height: 18px;\"><th style=\"margin: 0px; padding: 2px 0px; border: 0px; outline: 0px; vertical-align: baseline; background-color: transparent;\" scope=\"row\">\r\n<p style=\"margin: 0px; padding: 0px; border: 0px; outline: 0px; vertical-align: baseline; background-color: transparent;\">Formato<\/p>\r\n<\/th>\r\n<td style=\"margin: 0px; padding: 2px 0px; border: 0px; outline: 0px; font-size: 13px; vertical-align: baseline; background-color: transparent; color: #666666;\">\r\n<p style=\"padding: 0px; border: 0px; outline: 0px; vertical-align: baseline; background-color: transparent; line-height: 14px;\">75 cl<\/p>\r\n<\/td>\r\n<\/tr>\r\n<tr style=\"margin: 0px; padding: 0px; border-width: 0px 0px 1px; border-bottom-style: solid; border-bottom-color: #eaeaea; outline: 0px; vertical-align: baseline; background-color: transparent; height: 18px;\"><th style=\"margin: 0px; padding: 2px 0px; border: 0px; outline: 0px; vertical-align: baseline; background-color: transparent;\" scope=\"row\">\r\n<p style=\"margin: 0px; padding: 0px; border: 0px; outline: 0px; vertical-align: baseline; background-color: transparent;\">Gradazione<\/p>\r\n<\/th>\r\n<td style=\"margin: 0px; padding: 2px 0px; border: 0px; outline: 0px; font-size: 13px; vertical-align: baseline; background-color: transparent; color: #666666;\">\r\n<p style=\"padding: 0px; border: 0px; outline: 0px; vertical-align: baseline; background-color: transparent; line-height: 14px;\">12,5%<\/p>\r\n<\/td>\r\n<\/tr>\r\n<tr style=\"margin: 0px; padding: 0px; border-width: 0px 0px 1px; border-bottom-style: solid; border-bottom-color: #eaeaea; outline: 0px; vertical-align: baseline; background-color: transparent; height: 18px;\"><th style=\"margin: 0px; padding: 2px 0px; border: 0px; outline: 0px; vertical-align: baseline; background-color: transparent;\" scope=\"row\">\r\n<p style=\"margin: 0px; padding: 0px; border: 0px; outline: 0px; vertical-align: baseline; background-color: transparent;\">Abbinamenti<\/p>\r\n<\/th>\r\n<td style=\"margin: 0px; padding: 2px 0px; border: 0px; outline: 0px; font-size: 13px; vertical-align: baseline; background-color: transparent; color: #666666;\">\r\n<p style=\"padding: 0px; border: 0px; outline: 0px; vertical-align: baseline; background-color: transparent; line-height: 14px;\">antipasti, primi e secondi di pesce<\/p>\r\n<\/td>\r\n<\/tr>\r\n<\/tbody>\r\n<\/table>","_en_post_name":"noblesse-brut-metodo-classico","_en_post_excerpt":"","_en_post_title":"Noblesse Brut Metodo Classico","_fr_post_content":"","_fr_post_name":"","_fr_post_excerpt":"","_fr_post_title":"","_de_post_content":"","_de_post_name":"","_de_post_excerpt":"","_de_post_title":"","edit_language":"fr"},"product_cat":[148,209,177],"product_tag":[],"class_list":{"0":"post-2069","1":"product","2":"type-product","3":"status-publish","4":"has-post-thumbnail","6":"product_cat-bollicine","7":"product_cat-vini","8":"product_cat-benanti-catania","10":"first","11":"instock","12":"taxable","13":"shipping-taxable","14":"purchasable","15":"product-type-simple"},"jetpack_sharing_enabled":true,"_links":{"self":[{"href":"https:\/\/www.enotecailbarocco.it\/fr\/wp-json\/wp\/v2\/product\/2069"}],"collection":[{"href":"https:\/\/www.enotecailbarocco.it\/fr\/wp-json\/wp\/v2\/product"}],"about":[{"href":"https:\/\/www.enotecailbarocco.it\/fr\/wp-json\/wp\/v2\/types\/product"}],"wp:featuredmedia":[{"embeddable":true,"href":"https:\/\/www.enotecailbarocco.it\/fr\/wp-json\/wp\/v2\/media\/12079"}],"wp:attachment":[{"href":"https:\/\/www.enotecailbarocco.it\/fr\/wp-json\/wp\/v2\/media?parent=2069"}],"wp:term":[{"taxonomy":"product_cat","embeddable":true,"href":"https:\/\/www.enotecailbarocco.it\/fr\/wp-json\/wp\/v2\/product_cat?post=2069"},{"taxonomy":"product_tag","embeddable":true,"href":"https:\/\/www.enotecailbarocco.it\/fr\/wp-json\/wp\/v2\/product_tag?post=2069"}],"curies":[{"name":"wp","href":"https:\/\/api.w.org\/{rel}","templated":true}]}}