{"id":1885,"date":"2018-03-02T15:30:24","date_gmt":"2018-03-02T14:30:24","guid":{"rendered":"https:\/\/www.enotecailbarocco.it\/product\/sweet-sicily\/"},"modified":"2018-06-20T18:32:52","modified_gmt":"2018-06-20T16:32:52","slug":"","status":"publish","type":"product","link":"https:\/\/www.enotecailbarocco.it\/fr\/produit\/sweet-sicily\/","title":{"rendered":"","raw":""},"content":{"rendered":"","protected":false,"raw":""},"excerpt":{"rendered":"Dolce, intensa e coloratissima: cos\u00ec appare la\u00a0pasticceria siciliana agli occhi fortunati che la\u00a0incontrano per la prima volta. Ma a chi ha tempo di\u00a0conoscerla si mostra anche sensuale, drammatica,\u00a0irriverente. Perch\u00e9 la preparazione di un dolce in\u00a0Sicilia non \u00e8 mai una questione esclusivamente\u00a0gastronomica. Pu\u00f2 veicolare una dichiarazione\u00a0d\u2019amore, l\u2019ostentazione sociale delle proprie\u00a0possibilit\u00e0 economiche, una forma di dileggio verso\u00a0il [...]","protected":false,"raw":""},"featured_media":3994,"template":"","meta":{"_it_post_content":"Dolce, intensa e coloratissima: cos\u00ec appare la\u00a0pasticceria siciliana agli occhi fortunati che la\u00a0incontrano per la prima volta. Ma a chi ha tempo di\u00a0conoscerla si mostra anche sensuale, drammatica,\u00a0irriverente. Perch\u00e9 la preparazione di un dolce in\u00a0Sicilia non \u00e8 mai una questione esclusivamente\u00a0gastronomica. Pu\u00f2 veicolare una dichiarazione\u00a0d\u2019amore, l\u2019ostentazione sociale delle proprie\u00a0possibilit\u00e0 economiche, una forma di dileggio verso\u00a0il nemico sconfitto. \u00c8 un gesto che sottende mille\u00a0intenzioni, codificate e descritte da storie lunghe\u00a0secoli. Questo libro raccoglie alcune di quelle storie e\u00a0i pi\u00f9 golosi dolci della tradizione siciliana, illustrati da\u00a0fotografie emozionali e accompagnati da suggestioni\u00a0personali, profumi dell\u2019infanzia e qualche ricordo,\u00a0tutto suggellato da un\u2019unica granitica certezza: quella\u00a0che un dolce in Sicilia non \u00e8 mai semplicemente\u00a0qualcosa di buono da mangiare. \u00c8 un microcosmo\u00a0incantato, una storia antica, una leggenda che chiede di essere raccontata.\r\n\r\nQuesto libro raccoglie alcune di quelle storie e pi\u00f9 golosi dolci della tradizione siciliana, illustrata da fotografie emozionali e accompagnati da suggestioni personali, profumi dell'infanzia e qualche ricordo, tutto sogellato da un'unica granitica certezza: quelle che un dolce in Sicilia non \u00e8 mai semplicemente qualcosa di buono di mangiare. E' un microcosmo incantato, una storia antica, una leggenda che chiede di essere raccontata.","_it_post_name":"sweet-sicily","_it_post_excerpt":"","_it_post_title":"Sweet Sicily","_en_post_content":"<p>Dolce, intensa e coloratissima: cos\u00ec appare la&nbsp;pasticceria siciliana agli occhi fortunati che la&nbsp;incontrano per la prima volta. Ma a chi ha tempo di&nbsp;conoscerla si mostra anche sensuale, drammatica,&nbsp;irriverente. Perch\u00e9 la preparazione di un dolce in&nbsp;Sicilia non \u00e8 mai una questione esclusivamente&nbsp;gastronomica. Pu\u00f2 veicolare una dichiarazione&nbsp;d\u2019amore, l\u2019ostentazione sociale delle proprie&nbsp;possibilit\u00e0 economiche, una forma di dileggio verso&nbsp;il nemico sconfitto. \u00c8 un gesto che sottende mille&nbsp;intenzioni, codificate e descritte da storie lunghe&nbsp;secoli. Questo libro raccoglie alcune di quelle storie e&nbsp;i pi\u00f9 golosi dolci della tradizione siciliana, illustrati da&nbsp;fotografie emozionali e accompagnati da suggestioni&nbsp;personali, profumi dell\u2019infanzia e qualche ricordo,&nbsp;tutto suggellato da un\u2019unica granitica certezza: quella&nbsp;che un dolce in Sicilia non \u00e8 mai semplicemente&nbsp;qualcosa di buono da mangiare. \u00c8 un microcosmo&nbsp;incantato, una storia antica, una leggenda che chiede di essere raccontata.<\/p>\r\n<p>Questo libro raccoglie alcune di quelle storie e pi\u00f9 golosi dolci della tradizione siciliana, illustrata da fotografie emozionali e accompagnati da suggestioni personali, profumi dell'infanzia e qualche ricordo, tutto sogellato da un'unica granitica certezza: quelle che un dolce in Sicilia non \u00e8 mai semplicemente qualcosa di buono di mangiare. E' un microcosmo incantato, una storia antica, una leggenda che chiede di essere raccontata.<\/p>","_en_post_name":"sweet-sicily","_en_post_excerpt":"","_en_post_title":"sweet sicily","_fr_post_content":"","_fr_post_name":"","_fr_post_excerpt":"","_fr_post_title":"","_de_post_content":"","_de_post_name":"","_de_post_excerpt":"","_de_post_title":"","edit_language":"fr"},"product_cat":[163],"product_tag":[],"class_list":{"0":"post-1885","1":"product","2":"type-product","3":"status-publish","4":"has-post-thumbnail","6":"product_cat-libri","8":"first","9":"instock","10":"taxable","11":"shipping-taxable","12":"purchasable","13":"product-type-simple"},"jetpack_sharing_enabled":true,"_links":{"self":[{"href":"https:\/\/www.enotecailbarocco.it\/fr\/wp-json\/wp\/v2\/product\/1885"}],"collection":[{"href":"https:\/\/www.enotecailbarocco.it\/fr\/wp-json\/wp\/v2\/product"}],"about":[{"href":"https:\/\/www.enotecailbarocco.it\/fr\/wp-json\/wp\/v2\/types\/product"}],"wp:featuredmedia":[{"embeddable":true,"href":"https:\/\/www.enotecailbarocco.it\/fr\/wp-json\/wp\/v2\/media\/3994"}],"wp:attachment":[{"href":"https:\/\/www.enotecailbarocco.it\/fr\/wp-json\/wp\/v2\/media?parent=1885"}],"wp:term":[{"taxonomy":"product_cat","embeddable":true,"href":"https:\/\/www.enotecailbarocco.it\/fr\/wp-json\/wp\/v2\/product_cat?post=1885"},{"taxonomy":"product_tag","embeddable":true,"href":"https:\/\/www.enotecailbarocco.it\/fr\/wp-json\/wp\/v2\/product_tag?post=1885"}],"curies":[{"name":"wp","href":"https:\/\/api.w.org\/{rel}","templated":true}]}}