{"id":16829,"date":"2026-05-12T16:39:21","date_gmt":"2026-05-12T14:39:21","guid":{"rendered":"https:\/\/www.enotecailbarocco.it\/?post_type=product&#038;p=16829"},"modified":"2026-05-12T17:08:10","modified_gmt":"2026-05-12T15:08:10","slug":"","status":"publish","type":"product","link":"https:\/\/www.enotecailbarocco.it\/fr\/produit\/bianco-di-venere-75-cl\/","title":{"rendered":"","raw":""},"content":{"rendered":"","protected":false,"raw":""},"excerpt":{"rendered":"Provenienza: Isola di Pantelleria Vitigno: Zibibbo Note di degustazione COLORE: Gialllo paglierino. PROFUMO: Bouquet fragrante sprigiona profumi di zagara, fiori di cappero e agrumi. GUSTO: Fresco e dinamico con una live sapidit\u00e0 finale Abbinamenti Ideale come aperitivo, si abbina perfettamente a crudi di pesce, piatti vegetariani leggeri come tempura di verdure o insalate fresche, e [...]","protected":false,"raw":""},"featured_media":0,"template":"","meta":{"_it_post_content":"<strong>Provenienza<\/strong>: Isola di Pantelleria\r\n\r\n<strong>Vitigno<\/strong>: Zibibbo\r\n<p style=\"margin: 0px 0px 5px; padding: 0px; border: 0px; font-size: 12px; vertical-align: baseline; color: #666666; font-family: 'Open Sans', arial, sans-serif; line-height: 18px;\"><\/p>\r\n\r\n<div class=\"product-detail__item\">\r\n<p class=\"product-detail__title\"><strong>Note di degustazione<\/strong><\/p>\r\n<span data-sheets-root=\"1\">COLORE: Gialllo paglierino. PROFUMO: Bouquet fragrante sprigiona profumi di zagara, fiori di cappero e agrumi. GUSTO: Fresco e dinamico con una live sapidit\u00e0 finale<\/span>\r\n\r\n<\/div>\r\n<p class=\"product-detail__title\"><strong>Abbinamenti<\/strong><\/p>\r\n\r\n<div class=\"product-detail__content\"><span data-sheets-root=\"1\">Ideale come aperitivo, si abbina perfettamente a crudi di pesce, piatti vegetariani leggeri come tempura di verdure o insalate fresche, e a formaggi delicati come mozzarella e burrata.<\/span><\/div>\r\n<div class=\"product-detail__item\">\r\n<p class=\"product-detail__title\"><strong>Perch\u00e9 ci piace<\/strong><\/p>\r\n\r\n<div class=\"product-detail__content\">\r\n\r\n<span data-sheets-root=\"1\">Un bianco dall'anima solare, dedicato al lago di Venere, uno dei simboli pi\u00f9 soprendenti di Pantelleria. Da uve zibibbo, la cui coltivazione ad alberello pantesco \u00e8 Patrimonio dell'Umanit\u00e0 Unesco, si caratterizza per la chiara personalit\u00e0 isolana.<\/span>\r\n\r\n<\/div>\r\n<\/div>","_it_post_name":"bianco-di-venere-75-cl","_it_post_excerpt":"","_it_post_title":"Bianco di Venere 75 cl","_en_post_content":"<p style=\"margin: 0px 0px 5px; padding: 0px; border: 0px; outline: 0px; font-size: 12px; vertical-align: baseline; background-image: initial; background-position: initial; background-repeat: initial; background-attachment: initial; color: #666666; font-family: 'Open Sans', arial, sans-serif; line-height: 18px;\"><strong style=\"margin: 0px; padding: 0px; border: 0px; outline: 0px; vertical-align: baseline; background: transparent;\">Provenienza:&nbsp;<\/strong>Provincia di Trapani<\/p>\r\n<p style=\"margin: 0px 0px 5px; padding: 0px; border: 0px; outline: 0px; font-size: 12px; vertical-align: baseline; background-image: initial; background-position: initial; background-repeat: initial; background-attachment: initial; color: #666666; font-family: 'Open Sans', arial, sans-serif; line-height: 18px;\"><strong style=\"margin: 0px; padding: 0px; border: 0px; outline: 0px; vertical-align: baseline; background: transparent;\">Vinificazione:&nbsp;<\/strong>Tradizionale, in bianco con pressatura soffice, fermentazione a temperatura controllata.<\/p>\r\n<p style=\"margin: 0px 0px 5px; padding: 0px; border: 0px; outline: 0px; font-size: 12px; vertical-align: baseline; background-image: initial; background-position: initial; background-repeat: initial; background-attachment: initial; color: #666666; font-family: 'Open Sans', arial, sans-serif; line-height: 18px;\"><strong style=\"margin: 0px; padding: 0px; border: 0px; outline: 0px; vertical-align: baseline; background: transparent;\">Affinamento:&nbsp;<\/strong>Tini d\u2019acciaio inox per 4 mesi, si completa in bottiglia<\/p>\r\n<p style=\"margin: 0px 0px 5px; padding: 0px; border: 0px; outline: 0px; font-size: 12px; vertical-align: baseline; background-image: initial; background-position: initial; background-repeat: initial; background-attachment: initial; color: #666666; font-family: 'Open Sans', arial, sans-serif; line-height: 18px;\"><strong style=\"margin: 0px; padding: 0px; border: 0px; outline: 0px; vertical-align: baseline; background: transparent;\">Colore<\/strong>: Giallo paglierino<\/p>\r\n<p style=\"margin: 0px 0px 5px; padding: 0px; border: 0px; outline: 0px; font-size: 12px; vertical-align: baseline; background-image: initial; background-position: initial; background-repeat: initial; background-attachment: initial; color: #666666; font-family: 'Open Sans', arial, sans-serif; line-height: 18px;\"><strong style=\"margin: 0px; padding: 0px; border: 0px; outline: 0px; vertical-align: baseline; background: transparent;\">Profumo<\/strong>: Intenso e persistente con note di agrumi, pesca bianca, glicine e gelsomino<\/p>\r\n<p style=\"margin: 0px 0px 5px; padding: 0px; border: 0px; outline: 0px; font-size: 12px; vertical-align: baseline; background-image: initial; background-position: initial; background-repeat: initial; background-attachment: initial; color: #666666; font-family: 'Open Sans', arial, sans-serif; line-height: 18px;\"><strong style=\"margin: 0px; padding: 0px; border: 0px; outline: 0px; vertical-align: baseline; background: transparent;\">Gusto<\/strong>: Secco, fresco, con lunga persistenza aromatica<\/p>\r\n<p style=\"margin: 0px 0px 5px; padding: 0px; border: 0px; outline: 0px; font-size: 12px; vertical-align: baseline; background-image: initial; background-position: initial; background-repeat: initial; background-attachment: initial; color: #666666; font-family: 'Open Sans', arial, sans-serif; line-height: 18px;\"><strong style=\"margin: 0px; padding: 0px; border: 0px; outline: 0px; vertical-align: baseline; background: transparent;\">Abbinamento:&nbsp;<\/strong>Vino da aperitivo, ottimo con crudo di pesce e crostacei, omelette e piatti di cucina marinara.<\/p>","_en_post_name":"gibele","_en_post_excerpt":"","_en_post_title":"GIBELE'","_fr_post_content":"","_fr_post_name":"","_fr_post_excerpt":"","_fr_post_title":"","_de_post_content":"","_de_post_name":"","_de_post_excerpt":"","_de_post_title":"","edit_language":"fr"},"product_cat":[209,205],"product_tag":[],"class_list":{"0":"post-16829","1":"product","2":"type-product","3":"status-publish","5":"product_cat-vini","6":"product_cat-pellegrino-trapani","8":"first","9":"instock","10":"taxable","11":"shipping-taxable","12":"purchasable","13":"product-type-simple"},"jetpack_sharing_enabled":true,"_links":{"self":[{"href":"https:\/\/www.enotecailbarocco.it\/fr\/wp-json\/wp\/v2\/product\/16829"}],"collection":[{"href":"https:\/\/www.enotecailbarocco.it\/fr\/wp-json\/wp\/v2\/product"}],"about":[{"href":"https:\/\/www.enotecailbarocco.it\/fr\/wp-json\/wp\/v2\/types\/product"}],"wp:attachment":[{"href":"https:\/\/www.enotecailbarocco.it\/fr\/wp-json\/wp\/v2\/media?parent=16829"}],"wp:term":[{"taxonomy":"product_cat","embeddable":true,"href":"https:\/\/www.enotecailbarocco.it\/fr\/wp-json\/wp\/v2\/product_cat?post=16829"},{"taxonomy":"product_tag","embeddable":true,"href":"https:\/\/www.enotecailbarocco.it\/fr\/wp-json\/wp\/v2\/product_tag?post=16829"}],"curies":[{"name":"wp","href":"https:\/\/api.w.org\/{rel}","templated":true}]}}