{"id":1638,"date":"2018-03-02T15:29:23","date_gmt":"2018-03-02T14:29:23","guid":{"rendered":"https:\/\/www.enotecailbarocco.it\/product\/limoncello-50-cl\/"},"modified":"2025-07-06T18:54:02","modified_gmt":"2025-07-06T16:54:02","slug":"","status":"publish","type":"product","link":"https:\/\/www.enotecailbarocco.it\/fr\/produit\/limoncello-50-cl\/","title":{"rendered":"","raw":""},"content":{"rendered":"","protected":false,"raw":""},"excerpt":{"rendered":"LIMONCELLO DI SIRACUSA Il limoncello Sicilsapori \u00e8 prodotto con il Limone di Siracusa IGP appartenente alla cultivar femminello siracusano, la pi\u00f9 rappresentativa in Italia con oltre il 40% della produzione italiana. Dal 2000 il limone di Siracusa \u00e8 diventato IGP. Coltivato in quasi tutta la provincia di Siracusa \u00e8 un ingrediente fortemente legato alla tradizione [...]","protected":false,"raw":""},"featured_media":7972,"template":"","meta":{"_it_post_content":"<strong>LIMONCELLO DI SIRACUSA<\/strong>\r\nIl limoncello Sicilsapori \u00e8 prodotto con il Limone di Siracusa IGP appartenente alla cultivar femminello siracusano, la pi\u00f9 rappresentativa in Italia con oltre il 40% della produzione italiana.\r\n\r\nDal 2000 il limone di Siracusa \u00e8 diventato IGP.\r\n\r\nColtivato in quasi tutta la provincia di Siracusa \u00e8 un ingrediente fortemente legato alla tradizione culinaria, dalla pasticceria, alla cucina tipica.\r\n\r\nIl limoncello con il Limone di Siracusa IGP \u00e8 uno di questi, e noi ne siamo gli unici produttori del territorio.\r\n<ul>\r\n \t<li><strong>DESCRIZIONE<\/strong>:Liquore dolce ottenuto dall\u2019immersione in alcool puro di scorzette di \u201cLimoni di Siracusa IGP\u201d.\r\nOttimo a fine pasto, eccellente sulla macedonia e nei long drink. Ideale servito fresco o a temperature ambiente in bicchieri ghiacciati. Non ama essere servito caldo.<\/li>\r\n \t<li><strong>INGREDIENTI:<\/strong> Acqua, Zucchero, Alcool, Infuso di scorze di \u201cLimoni di Siracusa IGP\u201d (minimo 1500 gr di \u201cLimoni di Siracusa IGP\u201dper litro di infuso), Aroma naturale di limone.<\/li>\r\n \t<li><strong>TEMPERATURA DI SERVIZIO<\/strong>: 2\u00b0\/ 4\u00b0 C<\/li>\r\n \t<li><strong>GRADAZIONE<\/strong>: 30% Vol.<\/li>\r\n \t<li><strong>ASPETTO<\/strong>: Liquido, torbido, omogeneo.<\/li>\r\n \t<li><strong>COLORE<\/strong>: Variabile: giallo leggero con riflessi brillanti \u2013 giallo vivo con intensi riflessi verdi.<\/li>\r\n \t<li><strong>ODORE:<\/strong> Ricco, deciso con fresche note evidenti di limone.<\/li>\r\n \t<li><strong>SAPORE:<\/strong> Intenso, equilibrato e di eccellente freschezza di limone.<\/li>\r\n<\/ul>","_it_post_name":"limoncello-50-cl","_it_post_excerpt":"","_it_post_title":"Limoncello di Siracusa","_en_post_content":"","_en_post_name":"limoncello-50-cl","_en_post_excerpt":"","_en_post_title":"Limoncello 50 CL","_fr_post_content":"","_fr_post_name":"","_fr_post_excerpt":"","_fr_post_title":"","_de_post_content":"","_de_post_name":"","_de_post_excerpt":"","_de_post_title":"","edit_language":"fr"},"product_cat":[210,150],"product_tag":[],"class_list":{"0":"post-1638","1":"product","2":"type-product","3":"status-publish","4":"has-post-thumbnail","6":"product_cat-liquori","7":"product_cat-liquori-artigianali","9":"first","10":"instock","11":"featured","12":"taxable","13":"shipping-taxable","14":"purchasable","15":"product-type-variable"},"jetpack_sharing_enabled":true,"_links":{"self":[{"href":"https:\/\/www.enotecailbarocco.it\/fr\/wp-json\/wp\/v2\/product\/1638"}],"collection":[{"href":"https:\/\/www.enotecailbarocco.it\/fr\/wp-json\/wp\/v2\/product"}],"about":[{"href":"https:\/\/www.enotecailbarocco.it\/fr\/wp-json\/wp\/v2\/types\/product"}],"wp:featuredmedia":[{"embeddable":true,"href":"https:\/\/www.enotecailbarocco.it\/fr\/wp-json\/wp\/v2\/media\/7972"}],"wp:attachment":[{"href":"https:\/\/www.enotecailbarocco.it\/fr\/wp-json\/wp\/v2\/media?parent=1638"}],"wp:term":[{"taxonomy":"product_cat","embeddable":true,"href":"https:\/\/www.enotecailbarocco.it\/fr\/wp-json\/wp\/v2\/product_cat?post=1638"},{"taxonomy":"product_tag","embeddable":true,"href":"https:\/\/www.enotecailbarocco.it\/fr\/wp-json\/wp\/v2\/product_tag?post=1638"}],"curies":[{"name":"wp","href":"https:\/\/api.w.org\/{rel}","templated":true}]}}