{"id":15642,"date":"2025-06-06T14:35:40","date_gmt":"2025-06-06T12:35:40","guid":{"rendered":"https:\/\/www.enotecailbarocco.it\/?post_type=product&#038;p=15642"},"modified":"2025-12-09T13:27:26","modified_gmt":"2025-12-09T12:27:26","slug":"","status":"publish","type":"product","link":"https:\/\/www.enotecailbarocco.it\/fr\/produit\/vigna-vico-etna-bianco-75cl\/","title":{"rendered":"","raw":""},"content":{"rendered":"","protected":false,"raw":""},"excerpt":{"rendered":"Tenute Bosco Etna Bianco Vico \u00e8 un vino bianco siciliano di grande eleganza e complessit\u00e0, prodotto sulle pendici settentrionali dell'Etna. Questo Etna Bianco DOC \u00e8 composto per il 100% da uve Carricante, variet\u00e0 autoctona che conferiscono al vino una personalit\u00e0 unica. Il terroir vulcanico dell'Etna dona a questo vino una mineralit\u00e0 distintiva, esaltata da un [...]","protected":false,"raw":""},"featured_media":15643,"template":"","meta":{"_it_post_content":"<p data-sourcepos=\"15:1-15:616\"><strong>Tenute Bosco Etna Bianco Vico<\/strong> \u00e8 un vino bianco siciliano di grande eleganza e complessit\u00e0, prodotto sulle pendici settentrionali dell'Etna. Questo Etna Bianco DOC \u00e8 composto per il 100% da uve Carricante, variet\u00e0 autoctona che conferiscono al vino una personalit\u00e0 unica. Il terroir vulcanico dell'Etna dona a questo vino una mineralit\u00e0 distintiva, esaltata da un processo di vinificazione attento e rispettoso delle tradizioni locali. I grappoli vengono in parte diraspati e sottoposti a una leggera pressatura, utilizzando esclusivamente il mosto fiore. Le bucce vengono separate nella pressa a 0 bar e il mosto viene chiarificato staticamente a freddo, per poi fermentare a temperatura controllata tra i 13 e i 15 \u00baC per almeno 10 giorni. L'affinamento avviene per 4 mesi in acciaio e in tonneau da 500 litri di rovere francese leggermente tostato, mantenendo in sospensione le fecce pi\u00f9 fini per arricchire il profilo aromatico del vino. Successivamente, il vino riposa in bottiglia per un periodo di 15-18 mesi, sviluppando una complessit\u00e0 e una profondit\u00e0 di sapore che lo rendono ideale per accompagnare aperitivi, molluschi, crostacei, pesce e formaggi freschi. La temperatura di servizio consigliata \u00e8 tra gli 8 e i 10 \u00b0C, per esaltare al meglio le sue caratteristiche organolettiche. Con un grado alcolico del 12,5%, Tenute Bosco Etna Bianco Vico si presenta come un vino equilibrato e versatile, perfetto per chi cerca un'esperienza enologica autentica e raffinata.<\/p>","_it_post_name":"vigna-vico-etna-bianco-75cl","_it_post_excerpt":"","_it_post_title":"Vigna Vico Etna Bianco 75cl","_en_post_content":"","_en_post_name":"","_en_post_excerpt":"","_en_post_title":"","_fr_post_content":"","_fr_post_name":"","_fr_post_excerpt":"","_fr_post_title":"","_de_post_content":"","_de_post_name":"","_de_post_excerpt":"","_de_post_title":"","edit_language":"fr"},"product_cat":[541],"product_tag":[],"class_list":{"0":"post-15642","1":"product","2":"type-product","3":"status-publish","4":"has-post-thumbnail","6":"product_cat-tenute-bosco-etna-catania","8":"first","9":"instock","10":"taxable","11":"shipping-taxable","12":"purchasable","13":"product-type-simple"},"jetpack_sharing_enabled":true,"_links":{"self":[{"href":"https:\/\/www.enotecailbarocco.it\/fr\/wp-json\/wp\/v2\/product\/15642"}],"collection":[{"href":"https:\/\/www.enotecailbarocco.it\/fr\/wp-json\/wp\/v2\/product"}],"about":[{"href":"https:\/\/www.enotecailbarocco.it\/fr\/wp-json\/wp\/v2\/types\/product"}],"wp:featuredmedia":[{"embeddable":true,"href":"https:\/\/www.enotecailbarocco.it\/fr\/wp-json\/wp\/v2\/media\/15643"}],"wp:attachment":[{"href":"https:\/\/www.enotecailbarocco.it\/fr\/wp-json\/wp\/v2\/media?parent=15642"}],"wp:term":[{"taxonomy":"product_cat","embeddable":true,"href":"https:\/\/www.enotecailbarocco.it\/fr\/wp-json\/wp\/v2\/product_cat?post=15642"},{"taxonomy":"product_tag","embeddable":true,"href":"https:\/\/www.enotecailbarocco.it\/fr\/wp-json\/wp\/v2\/product_tag?post=15642"}],"curies":[{"name":"wp","href":"https:\/\/api.w.org\/{rel}","templated":true}]}}