{"id":15027,"date":"2024-11-28T13:33:55","date_gmt":"2024-11-28T12:33:55","guid":{"rendered":"https:\/\/www.enotecailbarocco.it\/?post_type=product&#038;p=15027"},"modified":"2024-12-03T19:22:32","modified_gmt":"2024-12-03T18:22:32","slug":"","status":"publish","type":"product","link":"https:\/\/www.enotecailbarocco.it\/fr\/produit\/gin-ionico-70cl\/","title":{"rendered":"","raw":""},"content":{"rendered":"","protected":false,"raw":""},"excerpt":{"rendered":"Il nuovissimo gin ai cristalli di sale. Un prodotto di qualit\u00e0, capace di riunire in s\u00e9 tre qualit\u00e0 fondamentali: l\u2019essenza del gin, con un distillato di ginepro di altissima qualit\u00e0; i profumi della nostra regione, agrumati ed intensi; il sapore del mare, dalla sapidit\u00e0 netta e persistente. Al naso, un aroma intenso dal sentore di [...]","protected":false,"raw":""},"featured_media":15026,"template":"","meta":{"_it_post_content":"Il nuovissimo gin ai cristalli di sale. Un prodotto di qualit\u00e0, capace di riunire in s\u00e9 tre qualit\u00e0 fondamentali: l\u2019essenza del gin, con un distillato di ginepro di altissima qualit\u00e0; i profumi della nostra regione, agrumati ed intensi; il sapore del mare, dalla sapidit\u00e0 netta e persistente. Al naso, un aroma intenso dal sentore di agrumi; in bocca, un\u2019esplosione marina dall\u2019impatto deciso, che rievoca le fragranze della Sicilia mantenendo una sapidit\u00e0 inimitabile.\r\n43% VOL.","_it_post_name":"gin-ionico-70cl","_it_post_excerpt":"70cl","_it_post_title":"Gin Ionico 70cl","_en_post_content":"","_en_post_name":"","_en_post_excerpt":"","_en_post_title":"","_fr_post_content":"","_fr_post_name":"","_fr_post_excerpt":"","_fr_post_title":"","_de_post_content":"","_de_post_name":"","_de_post_excerpt":"","_de_post_title":"","edit_language":"fr"},"product_cat":[535,149],"product_tag":[],"class_list":{"0":"post-15027","1":"product","2":"type-product","3":"status-publish","4":"has-post-thumbnail","6":"product_cat-mixology","7":"product_cat-grappe-siciliane","9":"first","10":"instock","11":"taxable","12":"shipping-taxable","13":"purchasable","14":"product-type-simple"},"jetpack_sharing_enabled":true,"_links":{"self":[{"href":"https:\/\/www.enotecailbarocco.it\/fr\/wp-json\/wp\/v2\/product\/15027"}],"collection":[{"href":"https:\/\/www.enotecailbarocco.it\/fr\/wp-json\/wp\/v2\/product"}],"about":[{"href":"https:\/\/www.enotecailbarocco.it\/fr\/wp-json\/wp\/v2\/types\/product"}],"wp:featuredmedia":[{"embeddable":true,"href":"https:\/\/www.enotecailbarocco.it\/fr\/wp-json\/wp\/v2\/media\/15026"}],"wp:attachment":[{"href":"https:\/\/www.enotecailbarocco.it\/fr\/wp-json\/wp\/v2\/media?parent=15027"}],"wp:term":[{"taxonomy":"product_cat","embeddable":true,"href":"https:\/\/www.enotecailbarocco.it\/fr\/wp-json\/wp\/v2\/product_cat?post=15027"},{"taxonomy":"product_tag","embeddable":true,"href":"https:\/\/www.enotecailbarocco.it\/fr\/wp-json\/wp\/v2\/product_tag?post=15027"}],"curies":[{"name":"wp","href":"https:\/\/api.w.org\/{rel}","templated":true}]}}