{"id":13326,"date":"2023-06-07T23:33:36","date_gmt":"2023-06-07T21:33:36","guid":{"rendered":"https:\/\/www.enotecailbarocco.it\/?post_type=product&#038;p=13326"},"modified":"2025-09-16T21:04:54","modified_gmt":"2025-09-16T19:04:54","slug":"","status":"publish","type":"product","link":"https:\/\/www.enotecailbarocco.it\/fr\/produit\/alessandro-viola-note-di-bianco-75cl-2\/","title":{"rendered":"","raw":""},"content":{"rendered":"","protected":false,"raw":""},"excerpt":{"rendered":"Complesso nella sua semplicit\u00e0, Note di Bianco \u00e8 elegante come il suo vignaiolo, Alessandro Viola. Le note erbacee completano un finale lungo e iodato. La variet\u00e0 \u00e8 il Grillo, fermentato spontaneamente e successivamente affinato per 6 mesi sui lieviti.","protected":false,"raw":""},"featured_media":13320,"template":"","meta":{"_it_post_content":"Complesso nella sua semplicit\u00e0, Note di Bianco \u00e8 elegante come il suo vignaiolo, Alessandro Viola. Le note erbacee completano un finale lungo e iodato. La variet\u00e0 \u00e8 il Grillo, fermentato spontaneamente e successivamente affinato per 6 mesi sui lieviti.","_it_post_name":"alessandro-viola-note-di-bianco-75cl-2","_it_post_excerpt":"","_it_post_title":"Alessandro Viola Note di Bianco 75cl","_en_post_content":"","_en_post_name":"","_en_post_excerpt":"","_en_post_title":"","_fr_post_content":"","_fr_post_name":"","_fr_post_excerpt":"","_fr_post_title":"","_de_post_content":"","_de_post_name":"","_de_post_excerpt":"","_de_post_title":"","edit_language":"fr"},"product_cat":[525,542],"product_tag":[],"class_list":{"0":"post-13326","1":"product","2":"type-product","3":"status-publish","4":"has-post-thumbnail","6":"product_cat-vini-naturali","7":"product_cat-alessandro-viola-alcamo-trapani","9":"first","10":"instock","11":"taxable","12":"shipping-taxable","13":"purchasable","14":"product-type-simple"},"jetpack_sharing_enabled":true,"_links":{"self":[{"href":"https:\/\/www.enotecailbarocco.it\/fr\/wp-json\/wp\/v2\/product\/13326"}],"collection":[{"href":"https:\/\/www.enotecailbarocco.it\/fr\/wp-json\/wp\/v2\/product"}],"about":[{"href":"https:\/\/www.enotecailbarocco.it\/fr\/wp-json\/wp\/v2\/types\/product"}],"wp:featuredmedia":[{"embeddable":true,"href":"https:\/\/www.enotecailbarocco.it\/fr\/wp-json\/wp\/v2\/media\/13320"}],"wp:attachment":[{"href":"https:\/\/www.enotecailbarocco.it\/fr\/wp-json\/wp\/v2\/media?parent=13326"}],"wp:term":[{"taxonomy":"product_cat","embeddable":true,"href":"https:\/\/www.enotecailbarocco.it\/fr\/wp-json\/wp\/v2\/product_cat?post=13326"},{"taxonomy":"product_tag","embeddable":true,"href":"https:\/\/www.enotecailbarocco.it\/fr\/wp-json\/wp\/v2\/product_tag?post=13326"}],"curies":[{"name":"wp","href":"https:\/\/api.w.org\/{rel}","templated":true}]}}