{"id":12653,"date":"2022-07-14T18:33:12","date_gmt":"2022-07-14T16:33:12","guid":{"rendered":"https:\/\/www.enotecailbarocco.it\/?post_type=product&#038;p=12653"},"modified":"2026-04-10T20:25:47","modified_gmt":"2026-04-10T18:25:47","slug":"","status":"publish","type":"product","link":"https:\/\/www.enotecailbarocco.it\/fr\/produit\/longarico-catartico-75cl\/","title":{"rendered":"","raw":""},"content":{"rendered":"","protected":false,"raw":""},"excerpt":{"rendered":"Un vino nudo e crudo, Catartico \u00e8 un Catarratto in purezza che macera tre giorni sulle bucce e fermenta spontaneamente a opera dei lieviti indigeni, poi viene affinato in legno di castagno per 6 mesi sulle fecce fini. Una spiccata nota tostata al naso \u00e8 accompagnata da una mineralit\u00e0 esaltata da un finale lungo tanto [...]","protected":false,"raw":""},"featured_media":12654,"template":"","meta":{"_it_post_content":"Un vino nudo e crudo, Catartico \u00e8 un Catarratto in purezza che macera tre giorni sulle bucce e fermenta spontaneamente a opera dei lieviti indigeni, poi viene affinato in legno di castagno per 6 mesi sulle fecce fini. Una spiccata nota tostata al naso \u00e8 accompagnata da una mineralit\u00e0 esaltata da un finale lungo tanto quanto la difficolt\u00e0 nel salire sulla collina dove crescono le uve di questo nettare. Gran vino!","_it_post_name":"longarico-catartico-75cl","_it_post_excerpt":"","_it_post_title":"Longarico Catartico 75cl","_en_post_content":"","_en_post_name":"","_en_post_excerpt":"","_en_post_title":"","_fr_post_content":"","_fr_post_name":"","_fr_post_excerpt":"","_fr_post_title":"","_de_post_content":"","_de_post_name":"","_de_post_excerpt":"","_de_post_title":"","edit_language":"fr"},"product_cat":[525],"product_tag":[],"class_list":{"0":"post-12653","1":"product","2":"type-product","3":"status-publish","4":"has-post-thumbnail","6":"product_cat-vini-naturali","8":"first","9":"instock","10":"taxable","11":"shipping-taxable","12":"purchasable","13":"product-type-simple"},"jetpack_sharing_enabled":true,"_links":{"self":[{"href":"https:\/\/www.enotecailbarocco.it\/fr\/wp-json\/wp\/v2\/product\/12653"}],"collection":[{"href":"https:\/\/www.enotecailbarocco.it\/fr\/wp-json\/wp\/v2\/product"}],"about":[{"href":"https:\/\/www.enotecailbarocco.it\/fr\/wp-json\/wp\/v2\/types\/product"}],"wp:featuredmedia":[{"embeddable":true,"href":"https:\/\/www.enotecailbarocco.it\/fr\/wp-json\/wp\/v2\/media\/12654"}],"wp:attachment":[{"href":"https:\/\/www.enotecailbarocco.it\/fr\/wp-json\/wp\/v2\/media?parent=12653"}],"wp:term":[{"taxonomy":"product_cat","embeddable":true,"href":"https:\/\/www.enotecailbarocco.it\/fr\/wp-json\/wp\/v2\/product_cat?post=12653"},{"taxonomy":"product_tag","embeddable":true,"href":"https:\/\/www.enotecailbarocco.it\/fr\/wp-json\/wp\/v2\/product_tag?post=12653"}],"curies":[{"name":"wp","href":"https:\/\/api.w.org\/{rel}","templated":true}]}}