{"id":12569,"date":"2022-06-12T12:57:32","date_gmt":"2022-06-12T10:57:32","guid":{"rendered":"https:\/\/www.enotecailbarocco.it\/?post_type=product&#038;p=12569"},"modified":"2025-12-30T12:26:21","modified_gmt":"2025-12-30T11:26:21","slug":"","status":"publish","type":"product","link":"https:\/\/www.enotecailbarocco.it\/fr\/produit\/nutaru-rose-metodo-classico-avide-75-cl\/","title":{"rendered":"","raw":""},"content":{"rendered":"","protected":false,"raw":""},"excerpt":{"rendered":"SPUMANTE BRUT METODO CLASSICO FRAPPATO 100% RIFERMENTAZIONE IN BOTTIGLIA, PERMANENZA SUI LIEVITI NELLA BOTTIGLIA PER 24 MESI Due prodotti inizialmente sperimentali, oggetto di tesi di laurea diventano due interessantissime espressioni di cosa si pi\u00f2 fare con il frappato. Dedicato ai due Notai dell\u2019azienda, il ros\u00e8 \u00e8 dedicato al quadrisavolo Francesco Destefano. \u00a0","protected":false,"raw":""},"featured_media":12570,"template":"","meta":{"_it_post_content":"SPUMANTE BRUT METODO CLASSICO FRAPPATO 100%\r\n\r\nRIFERMENTAZIONE IN BOTTIGLIA, PERMANENZA SUI LIEVITI NELLA BOTTIGLIA PER 24 MESI\r\n\r\nDue prodotti inizialmente sperimentali, oggetto di tesi di laurea diventano due interessantissime espressioni di cosa si pi\u00f2 fare con il frappato. Dedicato ai due Notai dell\u2019azienda, il ros\u00e8 \u00e8 dedicato al quadrisavolo Francesco Destefano.\r\n\r\n<span style=\"color: #58585a; font-family: Bitter, serif; font-size: 13px; line-height: 16.639999389648438px; text-align: justify;\">\u00a0<\/span>","_it_post_name":"nutaru-rose-metodo-classico-avide-75-cl","_it_post_excerpt":"","_it_post_title":"Nutaru Ros\u00e8 Metodo Classico Avide 75 cl","_en_post_content":"<p>Vino spumante di qualit\u00e0 ottenuto con metodo classico da uve frappato. Buona qualit\u00e0 di bollicine, in un giallo paglierino con riflessi tendenti al verde pallido, al naso ricorda pane tostato, croissant e nocciole. Potente retrogusto, che d\u00e0 sul finale un secco rotondo supportato da una buona acidit\u00e0.<\/p>\r\n<p><span style=\"color: #58585a; font-family: Bitter, serif; font-size: 13px; line-height: 16.639999389648438px; text-align: justify;\">&nbsp;<\/span><\/p>","_en_post_name":"nutaru-spumante-metodo-classico-brut","_en_post_excerpt":"","_en_post_title":"Nutaru Spumante Metodo Classico Brut","_fr_post_content":"","_fr_post_name":"","_fr_post_excerpt":"","_fr_post_title":"","_de_post_content":"","_de_post_name":"","_de_post_excerpt":"","_de_post_title":"","edit_language":"fr"},"product_cat":[148,102],"product_tag":[],"class_list":{"0":"post-12569","1":"product","2":"type-product","3":"status-publish","4":"has-post-thumbnail","6":"product_cat-bollicine","7":"product_cat-avide-ragusa","9":"first","10":"outofstock","11":"taxable","12":"shipping-taxable","13":"purchasable","14":"product-type-simple"},"jetpack_sharing_enabled":true,"_links":{"self":[{"href":"https:\/\/www.enotecailbarocco.it\/fr\/wp-json\/wp\/v2\/product\/12569"}],"collection":[{"href":"https:\/\/www.enotecailbarocco.it\/fr\/wp-json\/wp\/v2\/product"}],"about":[{"href":"https:\/\/www.enotecailbarocco.it\/fr\/wp-json\/wp\/v2\/types\/product"}],"wp:featuredmedia":[{"embeddable":true,"href":"https:\/\/www.enotecailbarocco.it\/fr\/wp-json\/wp\/v2\/media\/12570"}],"wp:attachment":[{"href":"https:\/\/www.enotecailbarocco.it\/fr\/wp-json\/wp\/v2\/media?parent=12569"}],"wp:term":[{"taxonomy":"product_cat","embeddable":true,"href":"https:\/\/www.enotecailbarocco.it\/fr\/wp-json\/wp\/v2\/product_cat?post=12569"},{"taxonomy":"product_tag","embeddable":true,"href":"https:\/\/www.enotecailbarocco.it\/fr\/wp-json\/wp\/v2\/product_tag?post=12569"}],"curies":[{"name":"wp","href":"https:\/\/api.w.org\/{rel}","templated":true}]}}