{"id":12376,"date":"2022-04-06T19:16:06","date_gmt":"2022-04-06T17:16:06","guid":{"rendered":"https:\/\/www.enotecailbarocco.it\/?post_type=product&#038;p=12376"},"modified":"2023-04-19T14:02:40","modified_gmt":"2023-04-19T12:02:40","slug":"","status":"publish","type":"product","link":"https:\/\/www.enotecailbarocco.it\/fr\/produit\/grappa-delletna-distilleria-giovi-50-cl\/","title":{"rendered":"","raw":""},"content":{"rendered":"","protected":false,"raw":""},"excerpt":{"rendered":"La Grappa dell\u2019Etna Giovi \u00e8 l\u2019opera del maestro distillatore Giovanni La Fauci, nata dalla selezione di vinacce esclusive ottenute da uve allevate sulle pendici dell\u2019Etna. Nerello Mascalese, Carricante e uve bianche di sottile fragranza sono le variet\u00e0 prescelte, nel rispetto della tradizione locale pi\u00f9 radicata. Il risultato \u00e8 meraviglioso: una grappa siciliana elegante, con una [...]","protected":false,"raw":""},"featured_media":8908,"template":"","meta":{"_it_post_content":"<p data-toggle-name=\"product-details_note_di_degustazione\">La Grappa dell\u2019Etna Giovi \u00e8 l\u2019opera del maestro distillatore Giovanni La Fauci, nata dalla selezione di vinacce esclusive ottenute da uve allevate sulle pendici dell\u2019Etna. Nerello Mascalese, Carricante e uve bianche di sottile fragranza sono le variet\u00e0 prescelte, nel rispetto della tradizione locale pi\u00f9 radicata. Il risultato \u00e8 meraviglioso: una grappa siciliana elegante, con una struttura aromatica ineguagliabile.<\/p>","_it_post_name":"grappa-delletna-distilleria-giovi-50-cl","_it_post_excerpt":"50CL","_it_post_title":"Grappa dell'Etna Distilleria Giovi 50 cl","_en_post_content":"","_en_post_name":"","_en_post_excerpt":"","_en_post_title":"","_fr_post_content":"","_fr_post_name":"","_fr_post_excerpt":"","_fr_post_title":"","_de_post_content":"","_de_post_name":"","_de_post_excerpt":"","_de_post_title":"","edit_language":"fr"},"product_cat":[210,149],"product_tag":[],"class_list":{"0":"post-12376","1":"product","2":"type-product","3":"status-publish","4":"has-post-thumbnail","6":"product_cat-liquori","7":"product_cat-grappe-siciliane","9":"first","10":"instock","11":"taxable","12":"shipping-taxable","13":"purchasable","14":"product-type-simple"},"jetpack_sharing_enabled":true,"_links":{"self":[{"href":"https:\/\/www.enotecailbarocco.it\/fr\/wp-json\/wp\/v2\/product\/12376"}],"collection":[{"href":"https:\/\/www.enotecailbarocco.it\/fr\/wp-json\/wp\/v2\/product"}],"about":[{"href":"https:\/\/www.enotecailbarocco.it\/fr\/wp-json\/wp\/v2\/types\/product"}],"wp:featuredmedia":[{"embeddable":true,"href":"https:\/\/www.enotecailbarocco.it\/fr\/wp-json\/wp\/v2\/media\/8908"}],"wp:attachment":[{"href":"https:\/\/www.enotecailbarocco.it\/fr\/wp-json\/wp\/v2\/media?parent=12376"}],"wp:term":[{"taxonomy":"product_cat","embeddable":true,"href":"https:\/\/www.enotecailbarocco.it\/fr\/wp-json\/wp\/v2\/product_cat?post=12376"},{"taxonomy":"product_tag","embeddable":true,"href":"https:\/\/www.enotecailbarocco.it\/fr\/wp-json\/wp\/v2\/product_tag?post=12376"}],"curies":[{"name":"wp","href":"https:\/\/api.w.org\/{rel}","templated":true}]}}