{"id":12298,"date":"2022-03-19T12:19:35","date_gmt":"2022-03-19T11:19:35","guid":{"rendered":"https:\/\/www.enotecailbarocco.it\/?post_type=product&#038;p=12298"},"modified":"2023-05-20T19:43:29","modified_gmt":"2023-05-20T17:43:29","slug":"","status":"publish","type":"product","link":"https:\/\/www.enotecailbarocco.it\/fr\/produit\/tarantello-di-tonno-rosso-in-olio-doliva-340g\/","title":{"rendered":"","raw":""},"content":{"rendered":"","protected":false,"raw":""},"excerpt":{"rendered":"Essendo una parte cos\u00ec piccola, il tarantello pu\u00f2 essere ottenuto soltanto dai tonni di grandi dimensioni secondo tecniche di lavorazione artigianale, tramandate di generazione in generazione. Si trova a met\u00e0 tra tonno e ventresca: risulta pi\u00f9 morbido del filetto di tonno rosso, senza arrivare alla consistenza pi\u00f9 grassa della ventresca, della quale per\u00f2 non perde [...]","protected":false,"raw":""},"featured_media":12299,"template":"","meta":{"_it_post_content":"<div>Essendo una parte cos\u00ec piccola, il tarantello pu\u00f2 essere ottenuto soltanto dai tonni di grandi dimensioni secondo tecniche di lavorazione artigianale, tramandate di generazione in generazione. Si trova a met\u00e0 tra tonno e ventresca: risulta pi\u00f9 morbido del filetto di tonno rosso, senza arrivare alla consistenza pi\u00f9 grassa della ventresca, della quale per\u00f2 non perde il sapore. L\u2019olio di oliva ne esalta il gusto, rendendolo ancora pi\u00f9 morbido e saporito. Ideale come antipasto condito con qualche goccia di limone oppure come ingrediente fondamentale nella preparazione di un sugo o un condimento.<\/div>\r\n<div class=\"descrizione\"><b>Ingredienti:<\/b>tarantello di tonno rosso, olio di oliva, sale marino siciliano<\/div>\r\n<div class=\"fb-comments\" data-href=\"http:\/\/www.campisiconserve.it\/prodotto\/201308-ventresca-di-tonno-rosso-in-olio-d-oliva-340-g\" data-width=\"490\" data-num-posts=\"10\"><\/div>","_it_post_name":"tarantello-di-tonno-rosso-in-olio-doliva-340g","_it_post_excerpt":"","_it_post_title":"Tarantello di Tonno Rosso in Olio D'Oliva 340g","_en_post_content":"","_en_post_name":"","_en_post_excerpt":"","_en_post_title":"","_fr_post_content":"","_fr_post_name":"","_fr_post_excerpt":"","_fr_post_title":"","_de_post_content":"","_de_post_name":"","_de_post_excerpt":"","_de_post_title":"","edit_language":"fr"},"product_cat":[212,133,194],"product_tag":[],"class_list":{"0":"post-12298","1":"product","2":"type-product","3":"status-publish","4":"has-post-thumbnail","6":"product_cat-prodotti-tipici","7":"product_cat-prodotti-ittici","8":"product_cat-campisi","10":"first","11":"instock","12":"taxable","13":"shipping-taxable","14":"purchasable","15":"product-type-simple"},"jetpack_sharing_enabled":true,"_links":{"self":[{"href":"https:\/\/www.enotecailbarocco.it\/fr\/wp-json\/wp\/v2\/product\/12298"}],"collection":[{"href":"https:\/\/www.enotecailbarocco.it\/fr\/wp-json\/wp\/v2\/product"}],"about":[{"href":"https:\/\/www.enotecailbarocco.it\/fr\/wp-json\/wp\/v2\/types\/product"}],"wp:featuredmedia":[{"embeddable":true,"href":"https:\/\/www.enotecailbarocco.it\/fr\/wp-json\/wp\/v2\/media\/12299"}],"wp:attachment":[{"href":"https:\/\/www.enotecailbarocco.it\/fr\/wp-json\/wp\/v2\/media?parent=12298"}],"wp:term":[{"taxonomy":"product_cat","embeddable":true,"href":"https:\/\/www.enotecailbarocco.it\/fr\/wp-json\/wp\/v2\/product_cat?post=12298"},{"taxonomy":"product_tag","embeddable":true,"href":"https:\/\/www.enotecailbarocco.it\/fr\/wp-json\/wp\/v2\/product_tag?post=12298"}],"curies":[{"name":"wp","href":"https:\/\/api.w.org\/{rel}","templated":true}]}}