{"id":1111,"date":"2018-03-02T15:27:23","date_gmt":"2018-03-02T14:27:23","guid":{"rendered":"https:\/\/www.enotecailbarocco.it\/product\/contrada-sciaranuova\/"},"modified":"2023-06-12T13:52:06","modified_gmt":"2023-06-12T11:52:06","slug":"","status":"publish","type":"product","link":"https:\/\/www.enotecailbarocco.it\/fr\/produit\/contrada-sciaranuova\/","title":{"rendered":"","raw":""},"content":{"rendered":"","protected":false,"raw":""},"excerpt":{"rendered":"La sapidit\u00e0 del Cru incrocia bene la forte variet\u00e0 del Nerello di quest\u2019 anno. Ghiaia e una lunghissima esposizione pomeridiana (il vigneto \u00e8 leggermente girato a est) aumentano la velocit\u00e0 del cambio termico che viene ogni sera; di qui gli aromi, che aumenteranno nel tempo. Variet\u00e0 Nerello Mascalese Vigneti Superficie vitata circa 1 ettaro Densit\u00e0 [...]","protected":false,"raw":""},"featured_media":3777,"template":"","meta":{"_it_post_content":"La sapidit\u00e0 del Cru incrocia bene la forte variet\u00e0 del Nerello di quest\u2019 anno. Ghiaia e una lunghissima esposizione pomeridiana (il vigneto \u00e8 leggermente girato a est) aumentano la velocit\u00e0 del cambio termico che viene ogni sera; di qui gli aromi, che aumenteranno nel tempo.\r\n\r\nVariet\u00e0 Nerello Mascalese\r\nVigneti Superficie vitata circa 1 ettaro\r\nDensit\u00e0 delle vigne circa 8.000 piante per ettaro\r\nEt\u00e0 delle vigne 80 anni\r\nAltitudine di 850 metri\r\nResa 25hl\/ha\r\nFertilizzazione Nessuna\r\nTrattamenti con polvere di zolfo, argille, propoli, estratto di semi di pompelmo\r\nVinificazione Fermentazione alcolica per circa 15 giorni in botti d\u2019acciaio\r\nInvecchiamento 18 mesi in grandi botti di rovere","_it_post_name":"contrada-sciaranuova","_it_post_excerpt":"","_it_post_title":"Contrada Sciaranuova 75 cl","_en_post_content":"<p>La sapidit\u00e0 del Cru incrocia bene la forte varietalit\u00e0 del Nerello di quest\u2019 anno. Ghiaia e unalunghissima esposizione pomeridiana (il vigneto \u00e8 leggermente girato a est) aumentano la velocit\u00e0del cambio termico che viene ogni sera; di qui gli aromi, che aumenteranno nel tempo.<\/p>\r\n<p>Variet\u00e0 Nerello Mascalese; vendemmia dal 25 ottobre al 31 di ottobre<br \/>Vigneti Superficie vitata circa 1 ettaro<br \/>Densit\u00e0 delle vigne circa 8.000 piante per ettaro<br \/>Et\u00e0 delle vigne 80 anni<br \/>Altitudine di 850 metri<br \/>Resa 25hl\/ha<br \/>Fertilizzazione Nessuna<br \/>Trattamenti con polvere di zolfo, argille, propoli, estratto di semi di pompelmo<br \/>Vinificazione Fermentazione alcolica per circa 15 giorni in botti d\u2019acciaio<br \/>Invecchiamento 18 mesi in grandi botti di rovere<\/p>","_en_post_name":"sciaranuova","_en_post_excerpt":"","_en_post_title":"Contrada Sciaranuova","_fr_post_content":"","_fr_post_name":"","_fr_post_excerpt":"","_fr_post_title":"","_de_post_content":"","_de_post_name":"","_de_post_excerpt":"","_de_post_title":"","edit_language":"fr"},"product_cat":[209,123],"product_tag":[],"class_list":{"0":"post-1111","1":"product","2":"type-product","3":"status-publish","4":"has-post-thumbnail","6":"product_cat-vini","7":"product_cat-passopisciaro-catania","9":"first","10":"instock","11":"taxable","12":"shipping-taxable","13":"purchasable","14":"product-type-simple"},"jetpack_sharing_enabled":true,"_links":{"self":[{"href":"https:\/\/www.enotecailbarocco.it\/fr\/wp-json\/wp\/v2\/product\/1111"}],"collection":[{"href":"https:\/\/www.enotecailbarocco.it\/fr\/wp-json\/wp\/v2\/product"}],"about":[{"href":"https:\/\/www.enotecailbarocco.it\/fr\/wp-json\/wp\/v2\/types\/product"}],"wp:featuredmedia":[{"embeddable":true,"href":"https:\/\/www.enotecailbarocco.it\/fr\/wp-json\/wp\/v2\/media\/3777"}],"wp:attachment":[{"href":"https:\/\/www.enotecailbarocco.it\/fr\/wp-json\/wp\/v2\/media?parent=1111"}],"wp:term":[{"taxonomy":"product_cat","embeddable":true,"href":"https:\/\/www.enotecailbarocco.it\/fr\/wp-json\/wp\/v2\/product_cat?post=1111"},{"taxonomy":"product_tag","embeddable":true,"href":"https:\/\/www.enotecailbarocco.it\/fr\/wp-json\/wp\/v2\/product_tag?post=1111"}],"curies":[{"name":"wp","href":"https:\/\/api.w.org\/{rel}","templated":true}]}}