{"id":1109,"date":"2018-03-02T15:27:21","date_gmt":"2018-03-02T14:27:21","guid":{"rendered":"https:\/\/www.enotecailbarocco.it\/product\/contrada-porcaria\/"},"modified":"2023-06-12T13:53:25","modified_gmt":"2023-06-12T11:53:25","slug":"","status":"publish","type":"product","link":"https:\/\/www.enotecailbarocco.it\/fr\/produit\/contrada-porcaria\/","title":{"rendered":"","raw":""},"content":{"rendered":"","protected":false,"raw":""},"excerpt":{"rendered":"Variet\u00e0 Nerello Mascalese Vigneti Superficie vitata circa 1.5 ettari Densit\u00e0 delle vigne circa 8.000 piante per ettaro Et\u00e0 delle vigne 60 - 80anni Altitudine di 650 metri Resa 13 hl\/ha Fertilizzazione Nessuna Trattamenti con polvere di zolfo, argille, propoli, estratto di semi di pompelmo Vinificazione Fermentazione alcolica in botti d\u2019acciaio per circa 15 giorni. Invecchiamento [...]","protected":false,"raw":""},"featured_media":3776,"template":"","meta":{"_it_post_content":"Variet\u00e0 Nerello Mascalese\r\n\r\nVigneti Superficie vitata circa 1.5 ettari\r\nDensit\u00e0 delle vigne circa 8.000 piante per ettaro\r\nEt\u00e0 delle vigne 60 - 80anni\r\nAltitudine di 650 metri\r\nResa 13 hl\/ha\r\nFertilizzazione Nessuna\r\nTrattamenti con polvere di zolfo, argille, propoli, estratto di semi di pompelmo\r\nVinificazione Fermentazione alcolica in botti d\u2019acciaio per circa 15 giorni.\r\nInvecchiamento 18 mesi in grandi botti di rovere","_it_post_name":"contrada-porcaria","_it_post_excerpt":"","_it_post_title":"Contrada Porcaria 75 cl","_en_post_content":"<p>&nbsp;<\/p>\r\n<p>Variet\u00e0 Nerello Mascalese; vendemmia dal 25 ottobre al 10 novembre<br \/>Vigneti Superficie vitata circa 1.5 ettari<br \/>Densit\u00e0 delle vigne circa 8.000 piante per ettaro<br \/>Et\u00e0 delle vigne 60 - 80anni<br \/>Altitudine di 650 metri<br \/>Resa 13 hl\/ha<br \/>Fertilizzazione Nessuna<br \/>Trattamenti con polvere di zolfo, argille, propoli, estratto di semi di pompelmo<br \/>Vinificazione Fermentazione alcolica in botti d\u2019acciaio per circa 15 giorni.<br \/>Invecchiamento 18 mesi in grandi botti di rovere<\/p>","_en_post_name":"porcaria","_en_post_excerpt":"","_en_post_title":"Contrada Porcaria","_fr_post_content":"","_fr_post_name":"","_fr_post_excerpt":"","_fr_post_title":"","_de_post_content":"","_de_post_name":"","_de_post_excerpt":"","_de_post_title":"","edit_language":"fr"},"product_cat":[209,123],"product_tag":[],"class_list":{"0":"post-1109","1":"product","2":"type-product","3":"status-publish","4":"has-post-thumbnail","6":"product_cat-vini","7":"product_cat-passopisciaro-catania","9":"first","10":"instock","11":"taxable","12":"shipping-taxable","13":"purchasable","14":"product-type-simple"},"jetpack_sharing_enabled":true,"_links":{"self":[{"href":"https:\/\/www.enotecailbarocco.it\/fr\/wp-json\/wp\/v2\/product\/1109"}],"collection":[{"href":"https:\/\/www.enotecailbarocco.it\/fr\/wp-json\/wp\/v2\/product"}],"about":[{"href":"https:\/\/www.enotecailbarocco.it\/fr\/wp-json\/wp\/v2\/types\/product"}],"wp:featuredmedia":[{"embeddable":true,"href":"https:\/\/www.enotecailbarocco.it\/fr\/wp-json\/wp\/v2\/media\/3776"}],"wp:attachment":[{"href":"https:\/\/www.enotecailbarocco.it\/fr\/wp-json\/wp\/v2\/media?parent=1109"}],"wp:term":[{"taxonomy":"product_cat","embeddable":true,"href":"https:\/\/www.enotecailbarocco.it\/fr\/wp-json\/wp\/v2\/product_cat?post=1109"},{"taxonomy":"product_tag","embeddable":true,"href":"https:\/\/www.enotecailbarocco.it\/fr\/wp-json\/wp\/v2\/product_tag?post=1109"}],"curies":[{"name":"wp","href":"https:\/\/api.w.org\/{rel}","templated":true}]}}