{"id":1099,"date":"2018-03-02T15:27:19","date_gmt":"2018-03-02T14:27:19","guid":{"rendered":"https:\/\/www.enotecailbarocco.it\/product\/contrada-chiappemacine\/"},"modified":"2023-11-09T21:49:58","modified_gmt":"2023-11-09T20:49:58","slug":"","status":"publish","type":"product","link":"https:\/\/www.enotecailbarocco.it\/fr\/produit\/contrada-chiappemacine\/","title":{"rendered":"","raw":""},"content":{"rendered":"","protected":false,"raw":""},"excerpt":{"rendered":"Piccola Contrada sui 550 metri, tra gli strapiombi di pietra arenaria che la lava \u00e8 appena arrivata a circondare. Le brezze circolanti del giorno e qualche radice che arriva fino al calcare danno un vino frustante, completo. Variet\u00e0 Nerello Mascalese Vigneti Superficie vitata circa 1.2 ettari Densit\u00e0 delle vigne circa 8.000 piante per ettaro Et\u00e0 [...]","protected":false,"raw":""},"featured_media":3772,"template":"","meta":{"_it_post_content":"Piccola Contrada sui 550 metri, tra gli strapiombi di pietra arenaria che la lava \u00e8 appena arrivata a circondare. Le brezze circolanti del giorno e qualche radice che arriva fino al calcare danno un vino frustante, completo.\r\n\r\nVariet\u00e0 Nerello Mascalese\r\nVigneti\r\nSuperficie vitata circa 1.2 ettari\r\nDensit\u00e0 delle vigne circa 8.000 piante per ettaro\r\nEt\u00e0 delle vigne 80 anni\r\nAltitudine di 550 metri\r\nResa 16,5 hl\/ha\r\nFertilizzazione Nessuna\r\nTrattamenti polvere di zolfo, argille, propoli, estratto di semi di pompelmo\r\nVinificazione botti d\u2019acciaio per circa 15 giorni\r\nInvecchiamento In botti grandi di rovere per circa 18 mesi","_it_post_name":"contrada-chiappemacine","_it_post_excerpt":"","_it_post_title":"Contrada Chiappemacine 75 cl","_en_post_content":"<p>Piccola Contrada sui 550 metri, tra gli strapiombi di pietra arenaria che la lava \u00e8 appena arrivata a circondare. Le brezze circolanti del giorno e qualche radice che arriva fino al calcare danno un vino frustante, completo.&nbsp;<\/p>\r\n<p>2010: il vino pi\u00f9 magro dell'annata, arricchito con l'estrazione dalle bucce, per un sapore tannico che ingrasser\u00e0 mentre il vino invecchia.<br \/> <br \/>Variet\u00e0 Nerello Mascalese raccolto il 23 ottobre<br \/>Vigneti <br \/>Superficie vitata circa 1.2 ettari<br \/>Densit\u00e0 delle vigne circa 8.000 piante per ettaro<br \/>Et\u00e0 delle vigne 80 anni<br \/>Altitudine di 550 metri<br \/>Resa 16,5 hl\/ha<br \/>Fertilizzazione Nessuna<br \/>Trattamenti polvere di zolfo, argille, propoli, estratto di semi di pompelmo<br \/>Vinificazione botti d\u2019acciaio per circa 15 giorni<br \/>Invecchiamento In botti grandi di rovere per circa 18 mesi<br \/>Produzione 2700 bottiglie<\/p>","_en_post_name":"chiappemacine","_en_post_excerpt":"","_en_post_title":"Contrada Chiappemacine","_fr_post_content":"","_fr_post_name":"","_fr_post_excerpt":"","_fr_post_title":"","_de_post_content":"","_de_post_name":"","_de_post_excerpt":"","_de_post_title":"","edit_language":"fr"},"product_cat":[209,123],"product_tag":[],"class_list":{"0":"post-1099","1":"product","2":"type-product","3":"status-publish","4":"has-post-thumbnail","6":"product_cat-vini","7":"product_cat-passopisciaro-catania","9":"first","10":"instock","11":"taxable","12":"shipping-taxable","13":"purchasable","14":"product-type-simple"},"jetpack_sharing_enabled":true,"_links":{"self":[{"href":"https:\/\/www.enotecailbarocco.it\/fr\/wp-json\/wp\/v2\/product\/1099"}],"collection":[{"href":"https:\/\/www.enotecailbarocco.it\/fr\/wp-json\/wp\/v2\/product"}],"about":[{"href":"https:\/\/www.enotecailbarocco.it\/fr\/wp-json\/wp\/v2\/types\/product"}],"wp:featuredmedia":[{"embeddable":true,"href":"https:\/\/www.enotecailbarocco.it\/fr\/wp-json\/wp\/v2\/media\/3772"}],"wp:attachment":[{"href":"https:\/\/www.enotecailbarocco.it\/fr\/wp-json\/wp\/v2\/media?parent=1099"}],"wp:term":[{"taxonomy":"product_cat","embeddable":true,"href":"https:\/\/www.enotecailbarocco.it\/fr\/wp-json\/wp\/v2\/product_cat?post=1099"},{"taxonomy":"product_tag","embeddable":true,"href":"https:\/\/www.enotecailbarocco.it\/fr\/wp-json\/wp\/v2\/product_tag?post=1099"}],"curies":[{"name":"wp","href":"https:\/\/api.w.org\/{rel}","templated":true}]}}