{"id":10669,"date":"2021-01-27T11:33:55","date_gmt":"2021-01-27T10:33:55","guid":{"rendered":"https:\/\/www.enotecailbarocco.it\/?post_type=product&#038;p=10669"},"modified":"2026-01-15T11:33:43","modified_gmt":"2026-01-15T10:33:43","slug":"","status":"publish","type":"product","link":"https:\/\/www.enotecailbarocco.it\/fr\/produit\/aurora\/","title":{"rendered":"","raw":""},"content":{"rendered":"","protected":false,"raw":""},"excerpt":{"rendered":"\"Aurora\" \u00e8 un Carricante dell'Etna dal sorso schietto, vibrante e minerale, sfumato da una piccola aggiunta di uve Minnella, che prende il nome dalla farfalla Alba, autoctona del grande vulcano, che rischia l'estinzione. Il profilo olfattivo \u00e8 delicato e intrigante: erbe aromatiche, fiori bianchi, reflui minerali, agrumi, pesca e cenni balsamici. Il sorso \u00e8 ricco [...]","protected":false,"raw":""},"featured_media":10670,"template":"","meta":{"_it_post_content":"\"Aurora\" \u00e8 un Carricante dell'Etna dal sorso schietto, vibrante e minerale, sfumato da una piccola aggiunta di uve Minnella, che prende il nome dalla farfalla Alba, autoctona del grande vulcano, che rischia l'estinzione. Il profilo olfattivo \u00e8 delicato e intrigante: erbe aromatiche, fiori bianchi, reflui minerali, agrumi, pesca e cenni balsamici. Il sorso \u00e8 ricco e rotondo, tonico e sapido, di intensa mineralit\u00e0 e freschezza. Vino artigianale, fatto come una volta","_it_post_name":"aurora","_it_post_excerpt":"","_it_post_title":"I Vigneri Aurora Etna Bianco 75cl","_en_post_content":"","_en_post_name":"","_en_post_excerpt":"","_en_post_title":"","_fr_post_content":"","_fr_post_name":"","_fr_post_excerpt":"","_fr_post_title":"","_de_post_content":"","_de_post_name":"","_de_post_excerpt":"","_de_post_title":"","edit_language":"fr"},"product_cat":[525,209,508],"product_tag":[],"class_list":{"0":"post-10669","1":"product","2":"type-product","3":"status-publish","4":"has-post-thumbnail","6":"product_cat-vini-naturali","7":"product_cat-vini","8":"product_cat-i-vigneri-catania","10":"first","11":"instock","12":"taxable","13":"shipping-taxable","14":"purchasable","15":"product-type-simple"},"jetpack_sharing_enabled":true,"_links":{"self":[{"href":"https:\/\/www.enotecailbarocco.it\/fr\/wp-json\/wp\/v2\/product\/10669"}],"collection":[{"href":"https:\/\/www.enotecailbarocco.it\/fr\/wp-json\/wp\/v2\/product"}],"about":[{"href":"https:\/\/www.enotecailbarocco.it\/fr\/wp-json\/wp\/v2\/types\/product"}],"wp:featuredmedia":[{"embeddable":true,"href":"https:\/\/www.enotecailbarocco.it\/fr\/wp-json\/wp\/v2\/media\/10670"}],"wp:attachment":[{"href":"https:\/\/www.enotecailbarocco.it\/fr\/wp-json\/wp\/v2\/media?parent=10669"}],"wp:term":[{"taxonomy":"product_cat","embeddable":true,"href":"https:\/\/www.enotecailbarocco.it\/fr\/wp-json\/wp\/v2\/product_cat?post=10669"},{"taxonomy":"product_tag","embeddable":true,"href":"https:\/\/www.enotecailbarocco.it\/fr\/wp-json\/wp\/v2\/product_tag?post=10669"}],"curies":[{"name":"wp","href":"https:\/\/api.w.org\/{rel}","templated":true}]}}