{"id":4131,"date":"2018-06-01T09:59:04","date_gmt":"2018-06-01T07:59:04","guid":{"rendered":"https:\/\/www.enotecailbarocco.it\/?page_id=4131"},"modified":"2026-03-24T18:17:37","modified_gmt":"2026-03-24T17:17:37","slug":"","status":"publish","type":"page","link":"https:\/\/www.enotecailbarocco.it\/fr\/termini-e-condizioni\/","title":{"rendered":"","raw":""},"content":{"rendered":"","protected":false,"raw":""},"excerpt":{"rendered":"[vc_row][vc_column][vc_custom_heading text=\"Termini e Condizioni\" font_container=\"tag:h2|font_size:26px|text_align:left|line_height:30px\" use_theme_fonts=\"yes\" css=\".vc_custom_1530195084081{margin-bottom: 15px !important;}\"][vc_column_text] I negozi Enoteca Il Barocco e Memento, nonch\u00e9 il sito internet enotecailbarocco.it, \u00e8 di propriet\u00e0 della Ibla Barocco srl, con sede in via Orfanotrofio 17, Ragusa Ibla. I prodotti presenti nel sito internet enotecailbarocconuovo.sg-host.com sono spediti a cura della Ibla Barocco srl. L\u2019ordine on-line, completo in [...]","protected":false,"raw":""},"author":1,"featured_media":0,"parent":0,"menu_order":0,"comment_status":"closed","ping_status":"closed","template":"","meta":{"_it_post_content":"[vc_row][vc_column][vc_custom_heading text=\"Termini e Condizioni\" font_container=\"tag:h2|font_size:26px|text_align:left|line_height:30px\" use_theme_fonts=\"yes\" css=\".vc_custom_1530195084081{margin-bottom: 15px !important;}\"][vc_column_text]\r\n<p style=\"text-align: justify;\">I negozi Enoteca Il Barocco e Memento, nonch\u00e9 il sito internet enotecailbarocco.it, \u00e8 di propriet\u00e0 della Ibla Barocco srl, con sede in via Orfanotrofio 17, Ragusa Ibla.\r\nI prodotti presenti nel sito internet enotecailbarocconuovo.sg-host.com sono spediti a cura della Ibla Barocco srl.\r\nL\u2019ordine on-line, completo in ogni suo dettaglio, potr\u00e0 essere effettuato sia da un cliente privato che da possessori di partita Iva; quest\u2019ultimi dovranno specificare anticipatamente tutti i propri dati qualora volessero ricevere la fattura, compresi indirizzo PEC e codice univoco, altrimenti, come sar\u00e0 fatto per i clienti privati, si emetter\u00e0 uno scontrino fiscale.\r\nI prodotti, in alcune circostanze, potrebbero non essere disponibili al momento dell\u2019ordine; in tal caso Ibla Barocco srl non si assume la responsabilit\u00e0 per la mancata giacenza.\r\nQualora uno o pi\u00f9 prodotti non siano a disposizione al momento dell\u2019ordine, Ibla Barocco srl si impegner\u00e0 a proporre al Cliente un prodotto con le stesse caratteristiche (con la facolt\u00e0 del Cliente di accettare o meno), o, dietro accordo con il Cliente, si attender\u00e0 che il prodotto mancante sia disponibile, per poi essere spedito. In ogni caso, una volta effettuato un ordine on-line, dovr\u00e0 attendersi conferma, tramite e-mail o telefono, da parte di Ibla Barocco srl entro 24 ore lavorative.<\/p>\r\nOgni pacco spedito da Ibla Barocco srl viene inviato con una assicurazione che copre i rischi di danno, furto o smarrimento. Tutti i prodotti spediti sono assicurati dal momento in cui vengono affidati al corriere fino alla consegna al cliente. La merce non \u00e8 pi\u00f9 assicurata una volta consegnata al recapito indicato e ritirata. Qualora il pacco risulti rubato o smarrito, la ditta Ibla Barocco srl si impegna ad inviarne uno nuovo con all'interno i medesimi prodotti di quello andato rubato o smarrito, e quindi dello stesso valore. Prima di accettare un pacco preghiamo il Cliente di verificare l'integrit\u00e0 dell'imballo, in alternativa il pacco pu\u00f2 essere rifiutato o accettato con riserva indicandone la motivazione (es. pacco sporco, pacco danneggiato, rumori sospetti, ecc.). Qualora il corriere non dovesse consentire di far apporre la riserva motivata, il cliente deve rifiutare la merce comunicando l'accaduto via email a info@enotecailbarocco.it o via telefono al 0932-1910697. In caso di accettazione del pacco senza riserva circostanziata sar\u00e0 impossibile per Ibla Barocco srl far valere la copertura assicurativa del corriere e quindi rimborsare il cliente.\r\n\r\nInvece, se all'interno del pacco risultano alcuni prodotti danneggiati (faranno fede le foto del Cliente inviate via email a info@enotecailbarocco.it in cui si evidenzia il danno) ed il pacco \u00e8 stato accettato con riserva con conseguente motivazione, la ditta Ibla Barocco srl si impegna a (a scelta del Cliente):\r\n- spedire un nuovo pacco al Cliente contenente esclusivamente i prodotti giunti a destinazione danneggiati;\r\n- rimborsare il prezzo totale dei prodotti danneggiati a mezzo bonifico bancario (il Cliente dovr\u00e0 fornire un Iban di riferimento).\r\nI rimborsi in ogni caso verranno accettati se contestati entro 3 giorni dalla ricezione del pacco (far\u00e0 fede la data di consegna del pacco segnata presso i siti online degli spedizionieri).\r\n\r\nLe spedizioni saranno effettuate esclusivamente a cura del nostro corriere. Gli ordini saranno evasi dal negozio in 2-3 giorni lavorativi.\r\nI tempi di consegna per le spedizioni nazionali vanno dai 2 ai 3 giorni lavorativi; Ibla Barocco srl non si assume la responsabilit\u00e0 per imprevisti indipendenti dalla nostra volont\u00e0 una volta affidato il pacco al corriere. Il Cliente avr\u00e0 la possibilit\u00e0 di seguire la spedizione attraverso il sito web e il codice di tracciabilit\u00e0 forniti dalla Ibla Barocco srl.\r\n<strong>Le spese di spedizione per l\u2019Italia sono a carico del Cliente e ammontano a 10,00 \u20ac iva inclusa. Se si effettua un ordine pari o superiore a 89,00 \u20ac iva inclusa le spese di spedizione saranno a carico della Ibla Barocco srl. <\/strong>\r\n<p style=\"text-align: justify;\"><strong>Le modalit\u00e0 di pagamento accettate dalla Ibla Barocco srl sono le seguenti: <\/strong><\/p>\r\n\r\n<ul>\r\n \t<li style=\"text-align: justify;\"><strong>PAYPAL (+3,4%) <\/strong><\/li>\r\n \t<li style=\"text-align: justify;\"><strong>CARTA DI CREDITO<\/strong><\/li>\r\n \t<li style=\"text-align: justify;\"><strong>BONIFICO BANCARIO <\/strong><\/li>\r\n<\/ul>\r\n<p style=\"text-align: justify;\"><strong>Per i pagamenti effettuati con Paypal saranno addebitate ulteriori spese di transazione. Le spese riguardanti il pagamento via Bonifico Bancario sono a carico del Cliente.<\/strong><\/p>\r\n<p style=\"text-align: justify;\">Tutti i prezzi riportati presso il sito web enotecailbarocco.it sono comprensivi di IVA. Una volta inviato un ordine on-line il Cliente accetta automaticamente tutte le condizioni di vendita descritte qui sopra. Per ulteriori informazioni, si prega di contattarci via email a info@enotecailbarocco.it o telefonicamente a +39 0932 1910697.<\/p>\r\n<strong>NOTA BENE: tutte le foto dei prodotti inserite sul sito internet www.enotecailbarocco.it sono puramente indicative e potrebbero non rispecchiare il prodotto reale. Inoltre le annate dei vini indicate sulle foto delle bottiglie di vino sono altrettanto indicative e non rispecchiano con le annate dei vini presenti in negozio. Quindi verr\u00e0 spedito il vino con l'annata presente in negozio. Qualora si voglia un'annata particolare del vino scelto, \u00e8 obbligatorio mandare una email a info@enotecailbarocco.it indicando la Vs. richiesta.\u00a0<\/strong>\r\n\r\n[\/vc_column_text][\/vc_column][\/vc_row]","_it_post_name":"termini-e-condizioni","_it_post_excerpt":"","_it_post_title":"Termini e Condizioni","_en_post_content":"","_en_post_name":"","_en_post_excerpt":"","_en_post_title":"","_fr_post_content":"","_fr_post_name":"","_fr_post_excerpt":"","_fr_post_title":"","_de_post_content":"","_de_post_name":"","_de_post_excerpt":"","_de_post_title":"","edit_language":"fr","footnotes":""},"class_list":["post-4131","page","type-page","status-publish","hentry"],"jetpack_sharing_enabled":true,"_links":{"self":[{"href":"https:\/\/www.enotecailbarocco.it\/fr\/wp-json\/wp\/v2\/pages\/4131"}],"collection":[{"href":"https:\/\/www.enotecailbarocco.it\/fr\/wp-json\/wp\/v2\/pages"}],"about":[{"href":"https:\/\/www.enotecailbarocco.it\/fr\/wp-json\/wp\/v2\/types\/page"}],"author":[{"embeddable":true,"href":"https:\/\/www.enotecailbarocco.it\/fr\/wp-json\/wp\/v2\/users\/1"}],"replies":[{"embeddable":true,"href":"https:\/\/www.enotecailbarocco.it\/fr\/wp-json\/wp\/v2\/comments?post=4131"}],"version-history":[{"count":23,"href":"https:\/\/www.enotecailbarocco.it\/fr\/wp-json\/wp\/v2\/pages\/4131\/revisions"}],"predecessor-version":[{"id":16728,"href":"https:\/\/www.enotecailbarocco.it\/fr\/wp-json\/wp\/v2\/pages\/4131\/revisions\/16728"}],"wp:attachment":[{"href":"https:\/\/www.enotecailbarocco.it\/fr\/wp-json\/wp\/v2\/media?parent=4131"}],"curies":[{"name":"wp","href":"https:\/\/api.w.org\/{rel}","templated":true}]}}