{"id":989,"date":"2018-03-02T15:26:53","date_gmt":"2018-03-02T14:26:53","guid":{"rendered":"https:\/\/www.enotecailbarocco.it\/product\/mille-e-una-notte\/"},"modified":"2025-07-01T12:28:33","modified_gmt":"2025-07-01T10:28:33","slug":"milleeunanotte-2007","status":"publish","type":"product","link":"https:\/\/www.enotecailbarocco.it\/en\/product\/milleeunanotte-2007\/","title":{"rendered":"MilleeunaNotte","raw":"MilleeunaNotte"},"content":{"rendered":"<p>MilleeunaNotte 2008<br \/>Prezzo: Euro 45.00<\/p>\n<p>Tipo:Rosso- Contessa Entellina DOC<br \/>Gradazione: 13,5-14% vol.<br \/>Uve: Nero d&#8217;Avola e piccole percentuali di altre variet\u00e0. Allevamento a controspalliera e potatura a cordone speronato. Densit\u00e0 d&#8217;impianto 5.000 ceppi per ettaro e produzione di circa 40 q.li\/ha. Terreno di medio impasto.<br \/>Vinificazione: Le uve, raccolte in Settembre, vengono vinificate in acciaio, con macerazione sulle bucce per circa 12 giorni, alla temperatura di 26-30\u00b0C. A fermentazione malolattica svolta, il vino passa in barriques di rovere francese prevalentemente per 14-16 mesi, e poi affina in bottiglia almeno 24 mesi.<br \/>Descrizione: Nobile versione del Nero d&#8217;Avola, dall&#8217;impenetrabile rosso rubino. L&#8217;avvolgenza olfattiva ci abbraccia con sentori fruttati, dolci e maturi, note balsamiche e floreali di violetta su lieve accento di tabacco in chiusura. Vino che mostra grande struttura al gusto e notevole personalit\u00e0. L&#8217;alcol si fonde nel morbido tannino in un convincente equilibrio. La rispondenza gusto-olfattiva \u00e8 lunga e perfetta.<br \/>Abbinamenti: Con piatti molto elaborati, di carni rosse, con sughi arricchiti di spezie. Da provare anche su formaggi, montone al forno, braciole di vitello e agnello.<br \/>Due Ricette: Costolettine di montone impanate al timo. Spalla di vitello al forno con patate e cipollotti.<br \/>Come servirlo: In ampi calici, pu\u00f2 essere stappato pochi minuti prima, altrimenti un paio di ore prima. Ottimo a 16?18\u00b0C.<br \/>Curiosit\u00e0: Il palazzo illustrato in etichetta \u00e8 quello dove si rifugi\u00f2 la regina Maria Carolina in fuga da Napoli e fu la casa preferita dello scrittore Tomasi di Lampedusa a Santa Margherita Belice. Gabriella Anca Rallo ne cattura l&#8217;immagine e la incastona in un cielo da &#8220;Mille e una Notte&#8221; pieno di stelle e ricco di promesse.<br \/>Prima annata: 1995.<\/p>\n","protected":false,"raw":"<p>MilleeunaNotte 2008<br \/>Prezzo: Euro 45.00<\/p>\r\n<p>Tipo:Rosso- Contessa Entellina DOC<br \/>Gradazione: 13,5-14% vol.<br \/>Uve: Nero d'Avola e piccole percentuali di altre variet\u00e0. Allevamento a controspalliera e potatura a cordone speronato. Densit\u00e0 d'impianto 5.000 ceppi per ettaro e produzione di circa 40 q.li\/ha. Terreno di medio impasto.<br \/>Vinificazione: Le uve, raccolte in Settembre, vengono vinificate in acciaio, con macerazione sulle bucce per circa 12 giorni, alla temperatura di 26-30\u00b0C. A fermentazione malolattica svolta, il vino passa in barriques di rovere francese prevalentemente per 14-16 mesi, e poi affina in bottiglia almeno 24 mesi.<br \/>Descrizione: Nobile versione del Nero d'Avola, dall'impenetrabile rosso rubino. L'avvolgenza olfattiva ci abbraccia con sentori fruttati, dolci e maturi, note balsamiche e floreali di violetta su lieve accento di tabacco in chiusura. Vino che mostra grande struttura al gusto e notevole personalit\u00e0. L'alcol si fonde nel morbido tannino in un convincente equilibrio. La rispondenza gusto-olfattiva \u00e8 lunga e perfetta.<br \/>Abbinamenti: Con piatti molto elaborati, di carni rosse, con sughi arricchiti di spezie. Da provare anche su formaggi, montone al forno, braciole di vitello e agnello.<br \/>Due Ricette: Costolettine di montone impanate al timo. Spalla di vitello al forno con patate e cipollotti.<br \/>Come servirlo: In ampi calici, pu\u00f2 essere stappato pochi minuti prima, altrimenti un paio di ore prima. Ottimo a 16?18\u00b0C.<br \/>Curiosit\u00e0: Il palazzo illustrato in etichetta \u00e8 quello dove si rifugi\u00f2 la regina Maria Carolina in fuga da Napoli e fu la casa preferita dello scrittore Tomasi di Lampedusa a Santa Margherita Belice. Gabriella Anca Rallo ne cattura l'immagine e la incastona in un cielo da \"Mille e una Notte\" pieno di stelle e ricco di promesse.<br \/>Prima annata: 1995.<\/p>"},"excerpt":{"rendered":"Tipo: Rosso- Contessa Entellina DOC Gradazione: 13,5-14% vol. Uve: Nero d'Avola e piccole percentuali di altre variet\u00e0. Allevamento a controspalliera e potatura a cordone speronato. Densit\u00e0 d'impianto 5.000 ceppi per ettaro e produzione di circa 40 q.li\/ha. Terreno di medio impasto. Vinificazione: Le uve, raccolte in Settembre, vengono vinificate in acciaio, con macerazione sulle bucce [...]","protected":false,"raw":""},"featured_media":10765,"template":"","meta":{"_it_post_content":"Tipo: Rosso- Contessa Entellina DOC\r\nGradazione: 13,5-14% vol.\r\nUve: Nero d'Avola e piccole percentuali di altre variet\u00e0. Allevamento a controspalliera e potatura a cordone speronato. Densit\u00e0 d'impianto 5.000 ceppi per ettaro e produzione di circa 40 q.li\/ha. Terreno di medio impasto.\r\nVinificazione: Le uve, raccolte in Settembre, vengono vinificate in acciaio, con macerazione sulle bucce per circa 12 giorni, alla temperatura di 26-30\u00b0C. A fermentazione malolattica svolta, il vino passa in barriques di rovere francese prevalentemente per 14-16 mesi, e poi affina in bottiglia almeno 24 mesi.\r\nDescrizione: Donnafugata Mille e Una Notte \u00e8 una nobile versione del Nero d'Avola, dall'impenetrabile rosso rubino. L'avvolgenza olfattiva ci abbraccia con sentori fruttati, dolci e maturi, note balsamiche e floreali di violetta su lieve accento di tabacco in chiusura. Vino Donnafugata Mille e Una Notte mostra grande struttura al gusto e notevole personalit\u00e0. L'alcol si fonde nel morbido tannino in un convincente equilibrio. La rispondenza gusto-olfattiva \u00e8 lunga e perfetta.\r\nAbbinamenti: Con piatti molto elaborati, di carni rosse, con sughi arricchiti di spezie. Da provare anche su formaggi, montone al forno, braciole di vitello e agnello.\r\nDue Ricette: Costolettine di montone impanate al timo. Spalla di vitello al forno con patate e cipollotti.\r\nCome servirlo: In ampi calici, pu\u00f2 essere stappato pochi minuti prima, altrimenti un paio di ore prima. Ottimo a 16?18\u00b0C.\r\nCuriosit\u00e0: Il palazzo illustrato in etichetta \u00e8 quello dove si rifugi\u00f2 la regina Maria Carolina in fuga da Napoli e fu la casa preferita dello scrittore Tomasi di Lampedusa a Santa Margherita Belice. Gabriella Anca Rallo ne cattura l'immagine e la incastona in un cielo da \"Mille e una Notte\" pieno di stelle e ricco di promesse.\r\nPrima annata: 1995.","_it_post_name":"mille-e-una-notte","_it_post_excerpt":"","_it_post_title":"Mille e una Notte 75 cl","_en_post_content":"<p>MilleeunaNotte 2008<br \/>Prezzo: Euro 45.00<\/p>\r\n<p>Tipo:Rosso- Contessa Entellina DOC<br \/>Gradazione: 13,5-14% vol.<br \/>Uve: Nero d'Avola e piccole percentuali di altre variet\u00e0. Allevamento a controspalliera e potatura a cordone speronato. Densit\u00e0 d'impianto 5.000 ceppi per ettaro e produzione di circa 40 q.li\/ha. Terreno di medio impasto.<br \/>Vinificazione: Le uve, raccolte in Settembre, vengono vinificate in acciaio, con macerazione sulle bucce per circa 12 giorni, alla temperatura di 26-30\u00b0C. A fermentazione malolattica svolta, il vino passa in barriques di rovere francese prevalentemente per 14-16 mesi, e poi affina in bottiglia almeno 24 mesi.<br \/>Descrizione: Nobile versione del Nero d'Avola, dall'impenetrabile rosso rubino. L'avvolgenza olfattiva ci abbraccia con sentori fruttati, dolci e maturi, note balsamiche e floreali di violetta su lieve accento di tabacco in chiusura. Vino che mostra grande struttura al gusto e notevole personalit\u00e0. L'alcol si fonde nel morbido tannino in un convincente equilibrio. La rispondenza gusto-olfattiva \u00e8 lunga e perfetta.<br \/>Abbinamenti: Con piatti molto elaborati, di carni rosse, con sughi arricchiti di spezie. Da provare anche su formaggi, montone al forno, braciole di vitello e agnello.<br \/>Due Ricette: Costolettine di montone impanate al timo. Spalla di vitello al forno con patate e cipollotti.<br \/>Come servirlo: In ampi calici, pu\u00f2 essere stappato pochi minuti prima, altrimenti un paio di ore prima. Ottimo a 16?18\u00b0C.<br \/>Curiosit\u00e0: Il palazzo illustrato in etichetta \u00e8 quello dove si rifugi\u00f2 la regina Maria Carolina in fuga da Napoli e fu la casa preferita dello scrittore Tomasi di Lampedusa a Santa Margherita Belice. Gabriella Anca Rallo ne cattura l'immagine e la incastona in un cielo da \"Mille e una Notte\" pieno di stelle e ricco di promesse.<br \/>Prima annata: 1995.<\/p>","_en_post_name":"milleeunanotte-2007","_en_post_excerpt":"","_en_post_title":"MilleeunaNotte","_fr_post_content":"","_fr_post_name":"","_fr_post_excerpt":"","_fr_post_title":"","_de_post_content":"","_de_post_name":"","_de_post_excerpt":"","_de_post_title":"","edit_language":"en"},"product_cat":[209,112],"product_tag":[],"class_list":{"0":"post-989","1":"product","2":"type-product","3":"status-publish","4":"has-post-thumbnail","6":"product_cat-vini","7":"product_cat-donnafugata-trapani","9":"first","10":"instock","11":"taxable","12":"shipping-taxable","13":"purchasable","14":"product-type-simple"},"jetpack_sharing_enabled":true,"_links":{"self":[{"href":"https:\/\/www.enotecailbarocco.it\/en\/wp-json\/wp\/v2\/product\/989"}],"collection":[{"href":"https:\/\/www.enotecailbarocco.it\/en\/wp-json\/wp\/v2\/product"}],"about":[{"href":"https:\/\/www.enotecailbarocco.it\/en\/wp-json\/wp\/v2\/types\/product"}],"wp:featuredmedia":[{"embeddable":true,"href":"https:\/\/www.enotecailbarocco.it\/en\/wp-json\/wp\/v2\/media\/10765"}],"wp:attachment":[{"href":"https:\/\/www.enotecailbarocco.it\/en\/wp-json\/wp\/v2\/media?parent=989"}],"wp:term":[{"taxonomy":"product_cat","embeddable":true,"href":"https:\/\/www.enotecailbarocco.it\/en\/wp-json\/wp\/v2\/product_cat?post=989"},{"taxonomy":"product_tag","embeddable":true,"href":"https:\/\/www.enotecailbarocco.it\/en\/wp-json\/wp\/v2\/product_tag?post=989"}],"curies":[{"name":"wp","href":"https:\/\/api.w.org\/{rel}","templated":true}]}}