{"id":3105,"date":"2018-03-02T15:34:49","date_gmt":"2018-03-02T14:34:49","guid":{"rendered":"https:\/\/www.enotecailbarocco.it\/product\/contadino\/"},"modified":"2023-11-22T11:05:55","modified_gmt":"2023-11-22T10:05:55","slug":"contadino","status":"publish","type":"product","link":"https:\/\/www.enotecailbarocco.it\/en\/product\/contadino\/","title":{"rendered":"CONTADINO","raw":"CONTADINO"},"content":{"rendered":"<p><span style=\"font-family: Raleway, Arial, Helvetica, sans-serif; font-size: 14px;\">Our entry-level red wine is basically a field-blend of mostly Nerello Mascalese (85%) with other local varietals from all our old vine vineyards: Nerello Capuccio, Allicante Boushet, Minella and Uva Francesa. Our Contadino expresses Etna as made in a traditional way of blending different varietals: fragrant, elegant, structured with personality.<\/span><\/p>\n<div><span style=\"font-family: Raleway, Arial, Helvetica, sans-serif;\"><span style=\"font-size: 14px;\"><br \/><\/span><\/span><\/p>\n<div><strong style=\"line-height: inherit; font-family: Raleway, Arial, Helvetica, sans-serif; font-size: 14px;\">Region<\/strong><span style=\"font-family: Raleway, Arial, Helvetica, sans-serif; font-size: 14px;\">: Etna, Northern valley<\/span><br style=\"font-family: Raleway, Arial, Helvetica, sans-serif; font-size: 14px;\" \/><strong style=\"line-height: inherit; font-family: Raleway, Arial, Helvetica, sans-serif; font-size: 14px;\">Vineyard (s)<\/strong><span style=\"font-family: Raleway, Arial, Helvetica, sans-serif; font-size: 14px;\">: Picciolo, Malpasso, Campo Re, Cras\u00e0, Piano Daini, Feudo di Mezzo<\/span><br style=\"font-family: Raleway, Arial, Helvetica, sans-serif; font-size: 14px;\" \/><strong style=\"line-height: inherit; font-family: Raleway, Arial, Helvetica, sans-serif; font-size: 14px;\">Varietal (s)<\/strong><span style=\"font-family: Raleway, Arial, Helvetica, sans-serif; font-size: 14px;\">: Nerello Mascalese 85%, Nerello Capuccio, Minella Nera, Allicante Bouschet, Minella Bianco<\/span><br style=\"font-family: Raleway, Arial, Helvetica, sans-serif; font-size: 14px;\" \/><strong style=\"line-height: inherit; font-family: Raleway, Arial, Helvetica, sans-serif; font-size: 14px;\">Average age of vines<\/strong><span style=\"font-family: Raleway, Arial, Helvetica, sans-serif; font-size: 14px;\">: 50+ years<\/span><br style=\"font-family: Raleway, Arial, Helvetica, sans-serif; font-size: 14px;\" \/><strong style=\"line-height: inherit; font-family: Raleway, Arial, Helvetica, sans-serif; font-size: 14px;\">Vinification<\/strong><span style=\"font-family: Raleway, Arial, Helvetica, sans-serif; font-size: 14px;\">: Destemming and light crushing of the grapes, skin fermentation for approximately 60 days<\/span><br style=\"font-family: Raleway, Arial, Helvetica, sans-serif; font-size: 14px;\" \/><strong style=\"line-height: inherit; font-family: Raleway, Arial, Helvetica, sans-serif; font-size: 14px;\">Aging<\/strong><span style=\"font-family: Raleway, Arial, Helvetica, sans-serif; font-size: 14px;\">: In neutral epoxy tanks from 2500 liters to 7000 liters<\/span><br style=\"font-family: Raleway, Arial, Helvetica, sans-serif; font-size: 14px;\" \/><strong style=\"line-height: inherit; font-family: Raleway, Arial, Helvetica, sans-serif; font-size: 14px;\">Fining<\/strong><span style=\"font-family: Raleway, Arial, Helvetica, sans-serif; font-size: 14px;\">: No<\/span><br style=\"font-family: Raleway, Arial, Helvetica, sans-serif; font-size: 14px;\" \/><strong style=\"line-height: inherit; font-family: Raleway, Arial, Helvetica, sans-serif; font-size: 14px;\">Filtering<\/strong><span style=\"font-family: Raleway, Arial, Helvetica, sans-serif; font-size: 14px;\">: Before bottling with cartridges of 5 micron<\/span><br style=\"font-family: Raleway, Arial, Helvetica, sans-serif; font-size: 14px;\" \/><strong style=\"line-height: inherit; font-family: Raleway, Arial, Helvetica, sans-serif; font-size: 14px;\">Annual production<\/strong><span style=\"font-family: Raleway, Arial, Helvetica, sans-serif; font-size: 14px;\">: 35.000 bottles<\/span><br style=\"font-family: Raleway, Arial, Helvetica, sans-serif; font-size: 14px;\" \/><strong style=\"line-height: inherit; font-family: Raleway, Arial, Helvetica, sans-serif; font-size: 14px;\">First vintage<\/strong><span style=\"font-family: Raleway, Arial, Helvetica, sans-serif; font-size: 14px;\">: 2003<\/span><br style=\"font-family: Raleway, Arial, Helvetica, sans-serif; font-size: 14px;\" \/><strong style=\"line-height: inherit; font-family: Raleway, Arial, Helvetica, sans-serif; font-size: 14px;\">Denomination<\/strong><span style=\"font-family: Raleway, Arial, Helvetica, sans-serif; font-size: 14px;\">: Etna Rosso DOP (before 2016 IGP Terre Siciliane Nerello Mascalese)<\/span><br style=\"font-family: Raleway, Arial, Helvetica, sans-serif; font-size: 14px;\" \/><strong style=\"line-height: inherit; font-family: Raleway, Arial, Helvetica, sans-serif; font-size: 14px;\">Bottle type<\/strong><span style=\"font-family: Raleway, Arial, Helvetica, sans-serif; font-size: 14px;\">: Transparent burgundy bottle<\/span><br style=\"font-family: Raleway, Arial, Helvetica, sans-serif; font-size: 14px;\" \/><strong style=\"line-height: inherit; font-family: Raleway, Arial, Helvetica, sans-serif; font-size: 14px;\">Cases of<\/strong><span style=\"font-family: Raleway, Arial, Helvetica, sans-serif; font-size: 14px;\">: 12 bottles, 3 magnums and 2 double magnum<\/span><br style=\"font-family: Raleway, Arial, Helvetica, sans-serif; font-size: 14px;\" \/><strong style=\"line-height: inherit; font-family: Raleway, Arial, Helvetica, sans-serif; font-size: 14px;\">Recommended stemware<\/strong><span style=\"font-family: Raleway, Arial, Helvetica, sans-serif; font-size: 14px;\">: Zalto Bordeaux<\/span><\/div>\n<\/div>\n","protected":false,"raw":"<p><span style=\"font-family: Raleway, Arial, Helvetica, sans-serif; font-size: 14px;\">Our entry-level red wine is basically a field-blend of mostly Nerello Mascalese (85%) with other local varietals from all our old vine vineyards: Nerello Capuccio, Allicante Boushet, Minella and Uva Francesa. Our Contadino expresses Etna as made in a traditional way of blending different varietals: fragrant, elegant, structured with personality.<\/span><\/p>\r\n<div><span style=\"font-family: Raleway, Arial, Helvetica, sans-serif;\"><span style=\"font-size: 14px;\"><br \/><\/span><\/span>\r\n<div><strong style=\"line-height: inherit; font-family: Raleway, Arial, Helvetica, sans-serif; font-size: 14px;\">Region<\/strong><span style=\"font-family: Raleway, Arial, Helvetica, sans-serif; font-size: 14px;\">: Etna, Northern valley<\/span><br style=\"font-family: Raleway, Arial, Helvetica, sans-serif; font-size: 14px;\" \/><strong style=\"line-height: inherit; font-family: Raleway, Arial, Helvetica, sans-serif; font-size: 14px;\">Vineyard (s)<\/strong><span style=\"font-family: Raleway, Arial, Helvetica, sans-serif; font-size: 14px;\">: Picciolo, Malpasso, Campo Re, Cras\u00e0, Piano Daini, Feudo di Mezzo<\/span><br style=\"font-family: Raleway, Arial, Helvetica, sans-serif; font-size: 14px;\" \/><strong style=\"line-height: inherit; font-family: Raleway, Arial, Helvetica, sans-serif; font-size: 14px;\">Varietal (s)<\/strong><span style=\"font-family: Raleway, Arial, Helvetica, sans-serif; font-size: 14px;\">: Nerello Mascalese 85%, Nerello Capuccio, Minella Nera, Allicante Bouschet, Minella Bianco<\/span><br style=\"font-family: Raleway, Arial, Helvetica, sans-serif; font-size: 14px;\" \/><strong style=\"line-height: inherit; font-family: Raleway, Arial, Helvetica, sans-serif; font-size: 14px;\">Average age of vines<\/strong><span style=\"font-family: Raleway, Arial, Helvetica, sans-serif; font-size: 14px;\">: 50+ years<\/span><br style=\"font-family: Raleway, Arial, Helvetica, sans-serif; font-size: 14px;\" \/><strong style=\"line-height: inherit; font-family: Raleway, Arial, Helvetica, sans-serif; font-size: 14px;\">Vinification<\/strong><span style=\"font-family: Raleway, Arial, Helvetica, sans-serif; font-size: 14px;\">: Destemming and light crushing of the grapes, skin fermentation for approximately 60 days<\/span><br style=\"font-family: Raleway, Arial, Helvetica, sans-serif; font-size: 14px;\" \/><strong style=\"line-height: inherit; font-family: Raleway, Arial, Helvetica, sans-serif; font-size: 14px;\">Aging<\/strong><span style=\"font-family: Raleway, Arial, Helvetica, sans-serif; font-size: 14px;\">: In neutral epoxy tanks from 2500 liters to 7000 liters<\/span><br style=\"font-family: Raleway, Arial, Helvetica, sans-serif; font-size: 14px;\" \/><strong style=\"line-height: inherit; font-family: Raleway, Arial, Helvetica, sans-serif; font-size: 14px;\">Fining<\/strong><span style=\"font-family: Raleway, Arial, Helvetica, sans-serif; font-size: 14px;\">: No<\/span><br style=\"font-family: Raleway, Arial, Helvetica, sans-serif; font-size: 14px;\" \/><strong style=\"line-height: inherit; font-family: Raleway, Arial, Helvetica, sans-serif; font-size: 14px;\">Filtering<\/strong><span style=\"font-family: Raleway, Arial, Helvetica, sans-serif; font-size: 14px;\">: Before bottling with cartridges of 5 micron<\/span><br style=\"font-family: Raleway, Arial, Helvetica, sans-serif; font-size: 14px;\" \/><strong style=\"line-height: inherit; font-family: Raleway, Arial, Helvetica, sans-serif; font-size: 14px;\">Annual production<\/strong><span style=\"font-family: Raleway, Arial, Helvetica, sans-serif; font-size: 14px;\">: 35.000 bottles<\/span><br style=\"font-family: Raleway, Arial, Helvetica, sans-serif; font-size: 14px;\" \/><strong style=\"line-height: inherit; font-family: Raleway, Arial, Helvetica, sans-serif; font-size: 14px;\">First vintage<\/strong><span style=\"font-family: Raleway, Arial, Helvetica, sans-serif; font-size: 14px;\">: 2003<\/span><br style=\"font-family: Raleway, Arial, Helvetica, sans-serif; font-size: 14px;\" \/><strong style=\"line-height: inherit; font-family: Raleway, Arial, Helvetica, sans-serif; font-size: 14px;\">Denomination<\/strong><span style=\"font-family: Raleway, Arial, Helvetica, sans-serif; font-size: 14px;\">: Etna Rosso DOP (before 2016 IGP Terre Siciliane Nerello Mascalese)<\/span><br style=\"font-family: Raleway, Arial, Helvetica, sans-serif; font-size: 14px;\" \/><strong style=\"line-height: inherit; font-family: Raleway, Arial, Helvetica, sans-serif; font-size: 14px;\">Bottle type<\/strong><span style=\"font-family: Raleway, Arial, Helvetica, sans-serif; font-size: 14px;\">: Transparent burgundy bottle<\/span><br style=\"font-family: Raleway, Arial, Helvetica, sans-serif; font-size: 14px;\" \/><strong style=\"line-height: inherit; font-family: Raleway, Arial, Helvetica, sans-serif; font-size: 14px;\">Cases of<\/strong><span style=\"font-family: Raleway, Arial, Helvetica, sans-serif; font-size: 14px;\">: 12 bottles, 3 magnums and 2 double magnum<\/span><br style=\"font-family: Raleway, Arial, Helvetica, sans-serif; font-size: 14px;\" \/><strong style=\"line-height: inherit; font-family: Raleway, Arial, Helvetica, sans-serif; font-size: 14px;\">Recommended stemware<\/strong><span style=\"font-family: Raleway, Arial, Helvetica, sans-serif; font-size: 14px;\">: Zalto Bordeaux<\/span><\/div>\r\n<\/div>"},"excerpt":{"rendered":"Un vino bianco speciale, proveniente dalle nostre vigne pi\u00f9 alte, situate fra 99 e 1000 m. slm, a piede franco, al limite in altezza per la viticoltura etnea. Questo bianco combina le caratteristiche dei grandi vini: profondit\u00e0, densit\u00e0, ottima acidit\u00e0, mineralit\u00e0 e struttura. \u00a0 Regione:\u00a0Etna, Vallata nordPosizione:\u00a0Maletto (Tartaraci), Linguaglossa (Zacchino Pietre)Vigneti:\u00a0Tartaraci (1000m. slm) e Zacchino [...]","protected":false,"raw":""},"featured_media":13753,"template":"","meta":{"_it_post_content":"Un vino bianco speciale, proveniente dalle nostre vigne pi\u00f9 alte, situate fra 99 e 1000 m. slm, a piede franco, al limite in altezza per la viticoltura etnea. Questo bianco combina le caratteristiche dei grandi vini: profondit\u00e0, densit\u00e0, ottima acidit\u00e0, mineralit\u00e0 e struttura.\r\n<div>\r\n\r\n<span style=\"font-family: Raleway, Arial, Helvetica, sans-serif;\"><span style=\"font-size: 14px;\">\u00a0<\/span><\/span>\r\n<div><strong class=\"\">Regione:<\/strong>\u00a0Etna, Vallata nord<br class=\"\" \/><strong class=\"\">Posizione:\u00a0<\/strong><span class=\"\">Maletto (Tartaraci), Linguaglossa (Zacchino Pietre)<\/span><br class=\"\" \/><strong class=\"\">Vigneti:<\/strong>\u00a0Tartaraci (1000m. slm) e Zacchino Pietre (920m. slm)<br class=\"\" \/><strong class=\"\">Esposizione:<\/strong>\u00a0Tartaraci: Nord; Zacchino Pietre: Est-Nord-Est<br class=\"\" \/><strong class=\"\">Variet\u00e0:<\/strong>\u00a0Grecanico Dorato 60%, Carricante 10%, Coda di Volpe 30% (tutto a piede franco)<br class=\"\" \/><strong class=\"\">Et\u00e0 media delle viti:<\/strong>\u00a0da\u00a060 a 90+ anni<br class=\"\" \/><strong class=\"\">Vinificazione<span class=\"\">:\u00a0<\/span><\/strong><span class=\"\">Diraspatura e pigiatura leggera delle uve<\/span><br class=\"\" \/><strong class=\"\">Fermentazione:<\/strong>\u00a0macerazione sulle bucce con soli lieviti indigeni per circa 4 giorni\u00a0<br class=\"\" \/><strong class=\"\">Maturazione:<\/strong>\u00a0<span class=\"\">In vasche neutre di vetroresina da<\/span>\u00a01500 a 2500 litri\u00a0<span class=\"\">per 18 mesi, ed altri 18 mesi in bottiglia<\/span><br class=\"\" \/><strong class=\"\">Chiarifica:<\/strong>\u00a0No<br class=\"\" \/><strong class=\"\">Filtrazione:<\/strong>\u00a0Prima dell\u2019imbottigliamento con cartucce da 0.8 micron<br class=\"\" \/><strong class=\"\">Solforosa<span class=\"\">:\u00a0<\/span><\/strong><span class=\"\">I valori possono variare da 15 a 50 mg\/l., aggiunti o meno, a seconda della qualit\u00e0 dell\u2019uva e della stabilit\u00e0 del vino<\/span><br class=\"\" \/><strong class=\"\">Produzione annua:<\/strong>\u00a0circa 300 magnum<br class=\"\" \/><strong class=\"\">Prima annata:<\/strong>\u00a02015<br class=\"\" \/><strong class=\"\">Denominazione:<\/strong>\u00a0DOP Sicilia o IGP Terre Siciliane Bianco<br class=\"\" \/><b class=\"\">Tipo di bottiglia<\/b>: Borgognotta scura<br class=\"\" \/><strong class=\"\">Formati disponibili:<\/strong>\u00a0solo\u00a01500ML\u00a0<br class=\"\" \/><strong class=\"\"><b class=\"\">Bicchiere consigliato<\/b>:<\/strong>\u00a0Zalto Burgundy<\/div>\r\n<\/div>","_it_post_name":"contadino","_it_post_excerpt":"","_it_post_title":"Munjebel Bianco VA 75 cl","_en_post_content":"<p><span style=\"font-family: Raleway, Arial, Helvetica, sans-serif; font-size: 14px;\">Our entry-level red wine is basically a field-blend of mostly Nerello Mascalese (85%) with other local varietals from all our old vine vineyards: Nerello Capuccio, Allicante Boushet, Minella and Uva Francesa. Our Contadino expresses Etna as made in a traditional way of blending different varietals: fragrant, elegant, structured with personality.<\/span><\/p>\r\n<div><span style=\"font-family: Raleway, Arial, Helvetica, sans-serif;\"><span style=\"font-size: 14px;\"><br \/><\/span><\/span>\r\n<div><strong style=\"line-height: inherit; font-family: Raleway, Arial, Helvetica, sans-serif; font-size: 14px;\">Region<\/strong><span style=\"font-family: Raleway, Arial, Helvetica, sans-serif; font-size: 14px;\">: Etna, Northern valley<\/span><br style=\"font-family: Raleway, Arial, Helvetica, sans-serif; font-size: 14px;\" \/><strong style=\"line-height: inherit; font-family: Raleway, Arial, Helvetica, sans-serif; font-size: 14px;\">Vineyard (s)<\/strong><span style=\"font-family: Raleway, Arial, Helvetica, sans-serif; font-size: 14px;\">: Picciolo, Malpasso, Campo Re, Cras\u00e0, Piano Daini, Feudo di Mezzo<\/span><br style=\"font-family: Raleway, Arial, Helvetica, sans-serif; font-size: 14px;\" \/><strong style=\"line-height: inherit; font-family: Raleway, Arial, Helvetica, sans-serif; font-size: 14px;\">Varietal (s)<\/strong><span style=\"font-family: Raleway, Arial, Helvetica, sans-serif; font-size: 14px;\">: Nerello Mascalese 85%, Nerello Capuccio, Minella Nera, Allicante Bouschet, Minella Bianco<\/span><br style=\"font-family: Raleway, Arial, Helvetica, sans-serif; font-size: 14px;\" \/><strong style=\"line-height: inherit; font-family: Raleway, Arial, Helvetica, sans-serif; font-size: 14px;\">Average age of vines<\/strong><span style=\"font-family: Raleway, Arial, Helvetica, sans-serif; font-size: 14px;\">: 50+ years<\/span><br style=\"font-family: Raleway, Arial, Helvetica, sans-serif; font-size: 14px;\" \/><strong style=\"line-height: inherit; font-family: Raleway, Arial, Helvetica, sans-serif; font-size: 14px;\">Vinification<\/strong><span style=\"font-family: Raleway, Arial, Helvetica, sans-serif; font-size: 14px;\">: Destemming and light crushing of the grapes, skin fermentation for approximately 60 days<\/span><br style=\"font-family: Raleway, Arial, Helvetica, sans-serif; font-size: 14px;\" \/><strong style=\"line-height: inherit; font-family: Raleway, Arial, Helvetica, sans-serif; font-size: 14px;\">Aging<\/strong><span style=\"font-family: Raleway, Arial, Helvetica, sans-serif; font-size: 14px;\">: In neutral epoxy tanks from 2500 liters to 7000 liters<\/span><br style=\"font-family: Raleway, Arial, Helvetica, sans-serif; font-size: 14px;\" \/><strong style=\"line-height: inherit; font-family: Raleway, Arial, Helvetica, sans-serif; font-size: 14px;\">Fining<\/strong><span style=\"font-family: Raleway, Arial, Helvetica, sans-serif; font-size: 14px;\">: No<\/span><br style=\"font-family: Raleway, Arial, Helvetica, sans-serif; font-size: 14px;\" \/><strong style=\"line-height: inherit; font-family: Raleway, Arial, Helvetica, sans-serif; font-size: 14px;\">Filtering<\/strong><span style=\"font-family: Raleway, Arial, Helvetica, sans-serif; font-size: 14px;\">: Before bottling with cartridges of 5 micron<\/span><br style=\"font-family: Raleway, Arial, Helvetica, sans-serif; font-size: 14px;\" \/><strong style=\"line-height: inherit; font-family: Raleway, Arial, Helvetica, sans-serif; font-size: 14px;\">Annual production<\/strong><span style=\"font-family: Raleway, Arial, Helvetica, sans-serif; font-size: 14px;\">: 35.000 bottles<\/span><br style=\"font-family: Raleway, Arial, Helvetica, sans-serif; font-size: 14px;\" \/><strong style=\"line-height: inherit; font-family: Raleway, Arial, Helvetica, sans-serif; font-size: 14px;\">First vintage<\/strong><span style=\"font-family: Raleway, Arial, Helvetica, sans-serif; font-size: 14px;\">: 2003<\/span><br style=\"font-family: Raleway, Arial, Helvetica, sans-serif; font-size: 14px;\" \/><strong style=\"line-height: inherit; font-family: Raleway, Arial, Helvetica, sans-serif; font-size: 14px;\">Denomination<\/strong><span style=\"font-family: Raleway, Arial, Helvetica, sans-serif; font-size: 14px;\">: Etna Rosso DOP (before 2016 IGP Terre Siciliane Nerello Mascalese)<\/span><br style=\"font-family: Raleway, Arial, Helvetica, sans-serif; font-size: 14px;\" \/><strong style=\"line-height: inherit; font-family: Raleway, Arial, Helvetica, sans-serif; font-size: 14px;\">Bottle type<\/strong><span style=\"font-family: Raleway, Arial, Helvetica, sans-serif; font-size: 14px;\">: Transparent burgundy bottle<\/span><br style=\"font-family: Raleway, Arial, Helvetica, sans-serif; font-size: 14px;\" \/><strong style=\"line-height: inherit; font-family: Raleway, Arial, Helvetica, sans-serif; font-size: 14px;\">Cases of<\/strong><span style=\"font-family: Raleway, Arial, Helvetica, sans-serif; font-size: 14px;\">: 12 bottles, 3 magnums and 2 double magnum<\/span><br style=\"font-family: Raleway, Arial, Helvetica, sans-serif; font-size: 14px;\" \/><strong style=\"line-height: inherit; font-family: Raleway, Arial, Helvetica, sans-serif; font-size: 14px;\">Recommended stemware<\/strong><span style=\"font-family: Raleway, Arial, Helvetica, sans-serif; font-size: 14px;\">: Zalto Bordeaux<\/span><\/div>\r\n<\/div>","_en_post_name":"contadino","_en_post_excerpt":"","_en_post_title":"CONTADINO","_fr_post_content":"","_fr_post_name":"","_fr_post_excerpt":"","_fr_post_title":"","_de_post_content":"","_de_post_name":"","_de_post_excerpt":"","_de_post_title":"","edit_language":"en"},"product_cat":[209,208],"product_tag":[],"class_list":{"0":"post-3105","1":"product","2":"type-product","3":"status-publish","4":"has-post-thumbnail","6":"product_cat-vini","7":"product_cat-cornelissen-frank-catania","9":"first","10":"instock","11":"taxable","12":"shipping-taxable","13":"purchasable","14":"product-type-simple"},"jetpack_sharing_enabled":true,"_links":{"self":[{"href":"https:\/\/www.enotecailbarocco.it\/en\/wp-json\/wp\/v2\/product\/3105"}],"collection":[{"href":"https:\/\/www.enotecailbarocco.it\/en\/wp-json\/wp\/v2\/product"}],"about":[{"href":"https:\/\/www.enotecailbarocco.it\/en\/wp-json\/wp\/v2\/types\/product"}],"wp:featuredmedia":[{"embeddable":true,"href":"https:\/\/www.enotecailbarocco.it\/en\/wp-json\/wp\/v2\/media\/13753"}],"wp:attachment":[{"href":"https:\/\/www.enotecailbarocco.it\/en\/wp-json\/wp\/v2\/media?parent=3105"}],"wp:term":[{"taxonomy":"product_cat","embeddable":true,"href":"https:\/\/www.enotecailbarocco.it\/en\/wp-json\/wp\/v2\/product_cat?post=3105"},{"taxonomy":"product_tag","embeddable":true,"href":"https:\/\/www.enotecailbarocco.it\/en\/wp-json\/wp\/v2\/product_tag?post=3105"}],"curies":[{"name":"wp","href":"https:\/\/api.w.org\/{rel}","templated":true}]}}