{"id":2792,"date":"2018-03-02T15:33:43","date_gmt":"2018-03-02T14:33:43","guid":{"rendered":"https:\/\/www.enotecailbarocco.it\/product\/cuvee-brut-etna\/"},"modified":"2025-06-12T11:31:16","modified_gmt":"2025-06-12T09:31:16","slug":"cuvee-brut-etna","status":"publish","type":"product","link":"https:\/\/www.enotecailbarocco.it\/en\/product\/cuvee-brut-etna\/","title":{"rendered":"CUVEE BRUT - ETNA","raw":"CUVEE BRUT - ETNA"},"content":{"rendered":"<p><span style=\"padding: 0px; margin: 0px; font-family: 'Open Sans', sans-serif; font-weight: 600; list-style: none; color: #666666; font-size: 15px;\">Tipologia:<\/span><span style=\"color: #666666; font-family: 'Open Sans', sans-serif; font-size: 15px;\">&nbsp;Spumante Metodo Classico Tradizionale<\/span><br style=\"padding: 0px; margin: 0px; font-family: 'Crimson Text', serif; list-style: none; color: #666666; font-size: 15px;\" \/><span style=\"padding: 0px; margin: 0px; font-family: 'Open Sans', sans-serif; font-weight: 600; list-style: none; color: #666666; font-size: 15px;\">Vitigno:<\/span><span style=\"color: #666666; font-family: 'Open Sans', sans-serif; font-size: 15px;\">&nbsp;100% Chardonnay<\/span><br style=\"padding: 0px; margin: 0px; font-family: 'Crimson Text', serif; list-style: none; color: #666666; font-size: 15px;\" \/><span style=\"color: #666666; font-family: 'Open Sans', sans-serif; font-size: 15px;\">Giallo paglierino con pennellate oro verde. Intenso e ben strutturato, con un perlage fine e persistente, regala toni dolci e maturi ed una mineralit\u00e0 di pietra focaia. La spuma \u00e8 cremosa, la sua freschezza \u00e8 la garanzia di una lunga e riuscita permanenza sui lieviti.<\/span><br style=\"padding: 0px; margin: 0px; font-family: 'Crimson Text', serif; list-style: none; color: #666666; font-size: 15px;\" \/><span style=\"color: #666666; font-family: 'Open Sans', sans-serif; font-size: 15px;\">Metodo Classico 36 mesi sui lieviti, prodotto con pupitre, degorgement a mano.<\/span><\/p>\n","protected":false,"raw":"<p><span style=\"padding: 0px; margin: 0px; font-family: 'Open Sans', sans-serif; font-weight: 600; list-style: none; color: #666666; font-size: 15px;\">Tipologia:<\/span><span style=\"color: #666666; font-family: 'Open Sans', sans-serif; font-size: 15px;\">&nbsp;Spumante Metodo Classico Tradizionale<\/span><br style=\"padding: 0px; margin: 0px; font-family: 'Crimson Text', serif; list-style: none; color: #666666; font-size: 15px;\" \/><span style=\"padding: 0px; margin: 0px; font-family: 'Open Sans', sans-serif; font-weight: 600; list-style: none; color: #666666; font-size: 15px;\">Vitigno:<\/span><span style=\"color: #666666; font-family: 'Open Sans', sans-serif; font-size: 15px;\">&nbsp;100% Chardonnay<\/span><br style=\"padding: 0px; margin: 0px; font-family: 'Crimson Text', serif; list-style: none; color: #666666; font-size: 15px;\" \/><span style=\"color: #666666; font-family: 'Open Sans', sans-serif; font-size: 15px;\">Giallo paglierino con pennellate oro verde. Intenso e ben strutturato, con un perlage fine e persistente, regala toni dolci e maturi ed una mineralit\u00e0 di pietra focaia. La spuma \u00e8 cremosa, la sua freschezza \u00e8 la garanzia di una lunga e riuscita permanenza sui lieviti.<\/span><br style=\"padding: 0px; margin: 0px; font-family: 'Crimson Text', serif; list-style: none; color: #666666; font-size: 15px;\" \/><span style=\"color: #666666; font-family: 'Open Sans', sans-serif; font-size: 15px;\">Metodo Classico 36 mesi sui lieviti, prodotto con pupitre, degorgement a mano.<\/span><\/p>"},"excerpt":{"rendered":"Tipologia:\u00a0Spumante Metodo Classico TradizionaleVitigno:\u00a0100% ChardonnayGiallo paglierino con pennellate oro verde. Intenso e ben strutturato, con un perlage fine e persistente, regala toni dolci e maturi ed una mineralit\u00e0 di pietra focaia. La spuma \u00e8 cremosa, la sua freschezza \u00e8 la garanzia di una lunga e riuscita permanenza sui lieviti.Metodo Classico 36 mesi sui lieviti, prodotto [...]","protected":false,"raw":""},"featured_media":2798,"template":"","meta":{"_it_post_content":"<span style=\"padding: 0px; margin: 0px; font-family: 'Open Sans', sans-serif; font-weight: 600; color: #666666; font-size: 15px;\">Tipologia:<\/span><span style=\"color: #666666; font-family: 'Open Sans', sans-serif; font-size: 15px;\">\u00a0Spumante Metodo Classico Tradizionale<\/span><br style=\"padding: 0px; margin: 0px; font-family: 'Crimson Text', serif; color: #666666; font-size: 15px;\" \/><span style=\"padding: 0px; margin: 0px; font-family: 'Open Sans', sans-serif; font-weight: 600; color: #666666; font-size: 15px;\">Vitigno:<\/span><span style=\"color: #666666; font-family: 'Open Sans', sans-serif; font-size: 15px;\">\u00a0100% Chardonnay<\/span><br style=\"padding: 0px; margin: 0px; font-family: 'Crimson Text', serif; color: #666666; font-size: 15px;\" \/><span style=\"color: #666666; font-family: 'Open Sans', sans-serif; font-size: 15px;\">Giallo paglierino con pennellate oro verde. Intenso e ben strutturato, con un perlage fine e persistente, regala toni dolci e maturi ed una mineralit\u00e0 di pietra focaia. La spuma \u00e8 cremosa, la sua freschezza \u00e8 la garanzia di una lunga e riuscita permanenza sui lieviti.<\/span><br style=\"padding: 0px; margin: 0px; font-family: 'Crimson Text', serif; color: #666666; font-size: 15px;\" \/><span style=\"color: #666666; font-family: 'Open Sans', sans-serif; font-size: 15px;\">Metodo Classico 36 mesi sui lieviti, prodotto con pupitre, degorgement a mano.<\/span>","_it_post_name":"cuvee-brut-etna","_it_post_excerpt":"","_it_post_title":"Cuvee Brut Terrazze dell'Etna 75cl","_en_post_content":"<p><span style=\"padding: 0px; margin: 0px; font-family: 'Open Sans', sans-serif; font-weight: 600; list-style: none; color: #666666; font-size: 15px;\">Tipologia:<\/span><span style=\"color: #666666; font-family: 'Open Sans', sans-serif; font-size: 15px;\">&nbsp;Spumante Metodo Classico Tradizionale<\/span><br style=\"padding: 0px; margin: 0px; font-family: 'Crimson Text', serif; list-style: none; color: #666666; font-size: 15px;\" \/><span style=\"padding: 0px; margin: 0px; font-family: 'Open Sans', sans-serif; font-weight: 600; list-style: none; color: #666666; font-size: 15px;\">Vitigno:<\/span><span style=\"color: #666666; font-family: 'Open Sans', sans-serif; font-size: 15px;\">&nbsp;100% Chardonnay<\/span><br style=\"padding: 0px; margin: 0px; font-family: 'Crimson Text', serif; list-style: none; color: #666666; font-size: 15px;\" \/><span style=\"color: #666666; font-family: 'Open Sans', sans-serif; font-size: 15px;\">Giallo paglierino con pennellate oro verde. Intenso e ben strutturato, con un perlage fine e persistente, regala toni dolci e maturi ed una mineralit\u00e0 di pietra focaia. La spuma \u00e8 cremosa, la sua freschezza \u00e8 la garanzia di una lunga e riuscita permanenza sui lieviti.<\/span><br style=\"padding: 0px; margin: 0px; font-family: 'Crimson Text', serif; list-style: none; color: #666666; font-size: 15px;\" \/><span style=\"color: #666666; font-family: 'Open Sans', sans-serif; font-size: 15px;\">Metodo Classico 36 mesi sui lieviti, prodotto con pupitre, degorgement a mano.<\/span><\/p>","_en_post_name":"cuvee-brut-etna","_en_post_excerpt":"","_en_post_title":"CUVEE BRUT - ETNA","_fr_post_content":"","_fr_post_name":"","_fr_post_excerpt":"","_fr_post_title":"","_de_post_content":"","_de_post_name":"","_de_post_excerpt":"","_de_post_title":"","edit_language":"en"},"product_cat":[148,199],"product_tag":[],"class_list":{"0":"post-2792","1":"product","2":"type-product","3":"status-publish","4":"has-post-thumbnail","6":"product_cat-bollicine","7":"product_cat-terrazze-dell-etna-catania","9":"first","10":"instock","11":"taxable","12":"shipping-taxable","13":"purchasable","14":"product-type-simple"},"jetpack_sharing_enabled":true,"_links":{"self":[{"href":"https:\/\/www.enotecailbarocco.it\/en\/wp-json\/wp\/v2\/product\/2792"}],"collection":[{"href":"https:\/\/www.enotecailbarocco.it\/en\/wp-json\/wp\/v2\/product"}],"about":[{"href":"https:\/\/www.enotecailbarocco.it\/en\/wp-json\/wp\/v2\/types\/product"}],"wp:featuredmedia":[{"embeddable":true,"href":"https:\/\/www.enotecailbarocco.it\/en\/wp-json\/wp\/v2\/media\/2798"}],"wp:attachment":[{"href":"https:\/\/www.enotecailbarocco.it\/en\/wp-json\/wp\/v2\/media?parent=2792"}],"wp:term":[{"taxonomy":"product_cat","embeddable":true,"href":"https:\/\/www.enotecailbarocco.it\/en\/wp-json\/wp\/v2\/product_cat?post=2792"},{"taxonomy":"product_tag","embeddable":true,"href":"https:\/\/www.enotecailbarocco.it\/en\/wp-json\/wp\/v2\/product_tag?post=2792"}],"curies":[{"name":"wp","href":"https:\/\/api.w.org\/{rel}","templated":true}]}}