{"id":16017,"date":"2025-07-23T18:07:02","date_gmt":"2025-07-23T16:07:02","guid":{"rendered":"https:\/\/www.enotecailbarocco.it\/?post_type=product&#038;p=16017"},"modified":"2025-07-23T18:07:02","modified_gmt":"2025-07-23T16:07:02","slug":"","status":"publish","type":"product","link":"https:\/\/www.enotecailbarocco.it\/en\/product\/granella-di-pistacchio-verde-di-bronte-dop-100g\/","title":{"rendered":"","raw":""},"content":{"rendered":"","protected":false,"raw":""},"excerpt":{"rendered":"Il\u00a0pistacchio verde di Bronte DOP\u00a0\u00e8 un' eccellenza Siciliana. La confezione sottovuoto permette di mantenere le propriet\u00e0 organolettiche di un prodotto artigianale incredibile. La\u00a0migliore qualit\u00e0 del pistacchio di Bronte\u00a0rappresenta l'essenza dell'artigianato, coltivato con la cura del \u201cuno a uno\u201c garantisce che ogni fase del processo di produzione, dalla tostatura alla raffinazione, avvenga esclusivamente nel cuore dell'isola. [...]","protected":false,"raw":""},"featured_media":16018,"template":"","meta":{"_it_post_content":"Il\u00a0pistacchio verde di Bronte DOP\u00a0\u00e8 un' eccellenza Siciliana. La confezione sottovuoto permette di mantenere le propriet\u00e0 organolettiche di un prodotto artigianale incredibile.\r\n\r\nLa\u00a0migliore qualit\u00e0 del pistacchio di Bronte\u00a0rappresenta l'essenza dell'artigianato, coltivato con la cura del \u201cuno a uno\u201c garantisce che ogni fase del processo di produzione, dalla tostatura alla raffinazione, avvenga esclusivamente nel cuore dell'isola.\r\n\r\nIl\u00a0pistacchio verde sgusciato\u00a0naturale si distingue per il suo verde brillante e il suo inebriante profumo, variet\u00e0 unica pronta da gustare da solo \u00e8 l'ideale per arricchire aperitivi e antipasti. Ogni boccone \u00e8 un viaggio nel cuore della Sicilia.","_it_post_name":"granella-di-pistacchio-verde-di-bronte-dop-100g","_it_post_excerpt":"","_it_post_title":"Granella di Pistacchio Verde di Bronte DOP 100g","_en_post_content":"","_en_post_name":"","_en_post_excerpt":"","_en_post_title":"","_fr_post_content":"","_fr_post_name":"","_fr_post_excerpt":"","_fr_post_title":"","_de_post_content":"","_de_post_name":"","_de_post_excerpt":"","_de_post_title":"","edit_language":"en"},"product_cat":[135],"product_tag":[],"class_list":{"0":"post-16017","1":"product","2":"type-product","3":"status-publish","4":"has-post-thumbnail","6":"product_cat-pistacchio","8":"first","9":"instock","10":"taxable","11":"shipping-taxable","12":"purchasable","13":"product-type-simple"},"jetpack_sharing_enabled":true,"_links":{"self":[{"href":"https:\/\/www.enotecailbarocco.it\/en\/wp-json\/wp\/v2\/product\/16017"}],"collection":[{"href":"https:\/\/www.enotecailbarocco.it\/en\/wp-json\/wp\/v2\/product"}],"about":[{"href":"https:\/\/www.enotecailbarocco.it\/en\/wp-json\/wp\/v2\/types\/product"}],"wp:featuredmedia":[{"embeddable":true,"href":"https:\/\/www.enotecailbarocco.it\/en\/wp-json\/wp\/v2\/media\/16018"}],"wp:attachment":[{"href":"https:\/\/www.enotecailbarocco.it\/en\/wp-json\/wp\/v2\/media?parent=16017"}],"wp:term":[{"taxonomy":"product_cat","embeddable":true,"href":"https:\/\/www.enotecailbarocco.it\/en\/wp-json\/wp\/v2\/product_cat?post=16017"},{"taxonomy":"product_tag","embeddable":true,"href":"https:\/\/www.enotecailbarocco.it\/en\/wp-json\/wp\/v2\/product_tag?post=16017"}],"curies":[{"name":"wp","href":"https:\/\/api.w.org\/{rel}","templated":true}]}}