{"id":15639,"date":"2025-06-06T14:29:14","date_gmt":"2025-06-06T12:29:14","guid":{"rendered":"https:\/\/www.enotecailbarocco.it\/?post_type=product&#038;p=15639"},"modified":"2026-03-25T09:11:32","modified_gmt":"2026-03-25T08:11:32","slug":"","status":"publish","type":"product","link":"https:\/\/www.enotecailbarocco.it\/en\/product\/tenute-bosco-etna-rosato-75cl\/","title":{"rendered":"","raw":""},"content":{"rendered":"","protected":false,"raw":""},"excerpt":{"rendered":"L'Etna Rosato Piano Dei Daini\u00a0di\u00a0Tenute Bosco\u00a0\u00e8 una raffinata espressione del\u00a0Nerello Mascalese\u00a0vulcanico. Questo\u00a0vino rosato Etna DOC\u00a0nasce da un\u00a0antico vigneto\u00a0ad alberello (piantato alla fine dell'Ottocento a 700 metri sul livello del mare. La dedizione alla tradizione e la ricchezza del terroir si fondono in un vino che promette un'esperienza sensoriale. Uvaggio: Nerello Mascalese 100%. Affinamento: 4 mesi [...]","protected":false,"raw":""},"featured_media":15635,"template":"","meta":{"_it_post_content":"<p data-sourcepos=\"5:1-5:285\">L'<strong>Etna Rosato Piano Dei Daini<\/strong>\u00a0di\u00a0<strong>Tenute Bosco<\/strong>\u00a0\u00e8 una raffinata espressione del\u00a0<strong>Nerello Mascalese<\/strong>\u00a0vulcanico. Questo\u00a0<strong>vino rosato Etna DOC<\/strong>\u00a0nasce da un\u00a0<strong>antico vigneto<\/strong>\u00a0ad alberello (piantato alla fine dell'Ottocento a 700 metri sul livello del mare. La dedizione alla tradizione e la ricchezza del terroir si fondono in un vino che promette un'esperienza sensoriale.<\/p>\r\n<p data-sourcepos=\"5:1-5:285\"><strong>Uvaggio<\/strong>: Nerello Mascalese 100%.<\/p>\r\n<p data-sourcepos=\"5:1-5:285\"><strong>Affinamento<\/strong>: 4 mesi in acciaio sulle fecce fini, 6 mesi in bottiglia.<\/p>\r\n<p data-sourcepos=\"7:1-7:210\"><strong>Note degustative<\/strong>: Delicato rosa tenue. Al naso, profumi fragranti di frutti rossi, note floreali e una distintiva mineralit\u00e0. In bocca \u00e8 fresco, vivace, con piacevole acidit\u00e0 e finale persistente.<\/p>\r\n<p data-sourcepos=\"9:1-9:124\"><strong>Abbinamenti<\/strong>: Perfetto con antipasti leggeri, primi di pesce e verdure, secondi di pesce e carni bianche. Ideale con la cucina mediterranea.<\/p>\r\n<p data-sourcepos=\"11:1-11:219\"><strong>Perch\u00e9 sceglierlo<\/strong>: Per l'autenticit\u00e0 del territorio e la passione di Tenute Bosco.<\/p>","_it_post_name":"tenute-bosco-etna-rosato-75cl","_it_post_excerpt":"","_it_post_title":"Tenute Bosco Etna Rosato 75cl","_en_post_content":"","_en_post_name":"","_en_post_excerpt":"","_en_post_title":"","_fr_post_content":"","_fr_post_name":"","_fr_post_excerpt":"","_fr_post_title":"","_de_post_content":"","_de_post_name":"","_de_post_excerpt":"","_de_post_title":"","edit_language":"en"},"product_cat":[541],"product_tag":[],"class_list":{"0":"post-15639","1":"product","2":"type-product","3":"status-publish","4":"has-post-thumbnail","6":"product_cat-tenute-bosco-etna-catania","8":"first","9":"instock","10":"taxable","11":"shipping-taxable","12":"purchasable","13":"product-type-simple"},"jetpack_sharing_enabled":true,"_links":{"self":[{"href":"https:\/\/www.enotecailbarocco.it\/en\/wp-json\/wp\/v2\/product\/15639"}],"collection":[{"href":"https:\/\/www.enotecailbarocco.it\/en\/wp-json\/wp\/v2\/product"}],"about":[{"href":"https:\/\/www.enotecailbarocco.it\/en\/wp-json\/wp\/v2\/types\/product"}],"wp:featuredmedia":[{"embeddable":true,"href":"https:\/\/www.enotecailbarocco.it\/en\/wp-json\/wp\/v2\/media\/15635"}],"wp:attachment":[{"href":"https:\/\/www.enotecailbarocco.it\/en\/wp-json\/wp\/v2\/media?parent=15639"}],"wp:term":[{"taxonomy":"product_cat","embeddable":true,"href":"https:\/\/www.enotecailbarocco.it\/en\/wp-json\/wp\/v2\/product_cat?post=15639"},{"taxonomy":"product_tag","embeddable":true,"href":"https:\/\/www.enotecailbarocco.it\/en\/wp-json\/wp\/v2\/product_tag?post=15639"}],"curies":[{"name":"wp","href":"https:\/\/api.w.org\/{rel}","templated":true}]}}