{"id":14919,"date":"2024-11-22T21:39:21","date_gmt":"2024-11-22T20:39:21","guid":{"rendered":"https:\/\/www.enotecailbarocco.it\/?post_type=product&#038;p=14919"},"modified":"2025-10-31T11:49:20","modified_gmt":"2025-10-31T10:49:20","slug":"","status":"publish","type":"product","link":"https:\/\/www.enotecailbarocco.it\/en\/product\/poster-sul-vulcano-donnafugata\/","title":{"rendered":"","raw":""},"content":{"rendered":"","protected":false,"raw":""},"excerpt":{"rendered":"Una novit\u00e0 dedicata a chi ama collezionare oggetti di design, agli appassionati del riutilizzo creativo e a chi \u00e8 innamorato delle etichette di Donnafugata. Poster Etna \u00e8 una cassetta che diventa un poster da collezione con l\u2019illustrazione di Sul Vulcano. La cassetta contiene 2 bottiglie da 750 ml: Sul Vulcano 2021 Etna Bianco Doc e [...]","protected":false,"raw":""},"featured_media":14920,"template":"","meta":{"_it_post_content":"Una novit\u00e0 dedicata a chi ama collezionare oggetti di design, agli appassionati del riutilizzo creativo e a chi \u00e8 innamorato delle etichette di Donnafugata.\r\n\r\nPoster Etna \u00e8 una cassetta che  diventa un poster da collezione con l\u2019illustrazione di Sul Vulcano.\r\n\r\nLa cassetta contiene 2 bottiglie da 750 ml:\r\nSul Vulcano 2021 Etna Bianco Doc  e  Sul Vulcano 2021 Etna Rosso Doc","_it_post_name":"poster-sul-vulcano-donnafugata","_it_post_excerpt":"Idea di riutilizzo creativo: la cassetta aperta diventa un poster da parete","_it_post_title":"Poster Sul Vulcano Donnafugata","_en_post_content":"","_en_post_name":"","_en_post_excerpt":"","_en_post_title":"","_fr_post_content":"","_fr_post_name":"","_fr_post_excerpt":"","_fr_post_title":"","_de_post_content":"","_de_post_name":"","_de_post_excerpt":"","_de_post_title":"","edit_language":"en"},"product_cat":[501],"product_tag":[],"class_list":{"0":"post-14919","1":"product","2":"type-product","3":"status-publish","4":"has-post-thumbnail","6":"product_cat-idee-regalo","8":"first","9":"instock","10":"taxable","11":"shipping-taxable","12":"purchasable","13":"product-type-simple"},"jetpack_sharing_enabled":true,"_links":{"self":[{"href":"https:\/\/www.enotecailbarocco.it\/en\/wp-json\/wp\/v2\/product\/14919"}],"collection":[{"href":"https:\/\/www.enotecailbarocco.it\/en\/wp-json\/wp\/v2\/product"}],"about":[{"href":"https:\/\/www.enotecailbarocco.it\/en\/wp-json\/wp\/v2\/types\/product"}],"wp:featuredmedia":[{"embeddable":true,"href":"https:\/\/www.enotecailbarocco.it\/en\/wp-json\/wp\/v2\/media\/14920"}],"wp:attachment":[{"href":"https:\/\/www.enotecailbarocco.it\/en\/wp-json\/wp\/v2\/media?parent=14919"}],"wp:term":[{"taxonomy":"product_cat","embeddable":true,"href":"https:\/\/www.enotecailbarocco.it\/en\/wp-json\/wp\/v2\/product_cat?post=14919"},{"taxonomy":"product_tag","embeddable":true,"href":"https:\/\/www.enotecailbarocco.it\/en\/wp-json\/wp\/v2\/product_tag?post=14919"}],"curies":[{"name":"wp","href":"https:\/\/api.w.org\/{rel}","templated":true}]}}