{"id":14904,"date":"2024-11-22T18:27:56","date_gmt":"2024-11-22T17:27:56","guid":{"rendered":"https:\/\/www.enotecailbarocco.it\/?post_type=product&#038;p=14904"},"modified":"2025-12-04T19:25:18","modified_gmt":"2025-12-04T18:25:18","slug":"","status":"publish","type":"product","link":"https:\/\/www.enotecailbarocco.it\/en\/product\/farina-di-polpa-di-carrube-bio\/","title":{"rendered":"","raw":""},"content":{"rendered":"","protected":false,"raw":""},"excerpt":{"rendered":"Una polvere color terracotta, fine e naturalmente dolce, possiamo definirla il cacao siciliano d\u2019eccellenza! La farina di polpa di carrube \u00e8 proposta da Ciokarrua in versione biologica e totalmente made in Sicily in quanto la provenienza delle carrube \u00e8 sicula. La farina di polpa di carrube rientra nel progetto ambizioso di Ciokarrua di valorizzazione della [...]","protected":false,"raw":""},"featured_media":14905,"template":"","meta":{"_it_post_content":"Una polvere color terracotta, fine e naturalmente dolce, possiamo definirla il cacao siciliano d\u2019eccellenza!\r\n\r\nLa farina di polpa di carrube \u00e8 proposta da Ciokarrua in versione biologica e totalmente made in Sicily in quanto la provenienza delle carrube \u00e8 sicula. La farina di polpa di carrube rientra nel progetto ambizioso di Ciokarrua di valorizzazione della carruba, uno dei frutti pi\u00f9 caratteristici delle campagne iblee.\r\n\r\nLa farina di polpa di carrube \u00e8 biologica, senza aggiunta di zuccheri, lattosio e glutine. La farina di polpa \u00e8 un Superfood esclusivo Ciokarrua, ad alto contenuto di fibre, pensata per chi ama provare nuove esperienze di gusto e cimentarsi in combinazioni culinarie originali.\r\n\r\nLe carrube selezionate per i prodotti Ciokarrua provengono esclusivamente dal nostro Carrubeto, per garantirti la tracciabilit\u00e0 del prodotto e farti assaporare la polpa unica della carruba siciliana.\r\n\r\nLa farina di polpa di carrube \u00e8 un ottimo sostituto del cacao, risultando cos\u00ec adatta a tutti coloro allergici al cacao. Inoltre, \u00e8 particolarmente indicata per la preparazione di ottimi dolci, torte, ma anche primi piatti.","_it_post_name":"farina-di-polpa-di-carrube-bio","_it_post_excerpt":"200g","_it_post_title":"Farina di polpa di carrube Bio","_en_post_content":"","_en_post_name":"","_en_post_excerpt":"","_en_post_title":"","_fr_post_content":"","_fr_post_name":"","_fr_post_excerpt":"","_fr_post_title":"","_de_post_content":"","_de_post_name":"","_de_post_excerpt":"","_de_post_title":"","edit_language":"en"},"product_cat":[537],"product_tag":[],"class_list":{"0":"post-14904","1":"product","2":"type-product","3":"status-publish","4":"has-post-thumbnail","6":"product_cat-prodotti-alla-carruba","8":"first","9":"outofstock","10":"taxable","11":"shipping-taxable","12":"purchasable","13":"product-type-simple"},"jetpack_sharing_enabled":true,"_links":{"self":[{"href":"https:\/\/www.enotecailbarocco.it\/en\/wp-json\/wp\/v2\/product\/14904"}],"collection":[{"href":"https:\/\/www.enotecailbarocco.it\/en\/wp-json\/wp\/v2\/product"}],"about":[{"href":"https:\/\/www.enotecailbarocco.it\/en\/wp-json\/wp\/v2\/types\/product"}],"wp:featuredmedia":[{"embeddable":true,"href":"https:\/\/www.enotecailbarocco.it\/en\/wp-json\/wp\/v2\/media\/14905"}],"wp:attachment":[{"href":"https:\/\/www.enotecailbarocco.it\/en\/wp-json\/wp\/v2\/media?parent=14904"}],"wp:term":[{"taxonomy":"product_cat","embeddable":true,"href":"https:\/\/www.enotecailbarocco.it\/en\/wp-json\/wp\/v2\/product_cat?post=14904"},{"taxonomy":"product_tag","embeddable":true,"href":"https:\/\/www.enotecailbarocco.it\/en\/wp-json\/wp\/v2\/product_tag?post=14904"}],"curies":[{"name":"wp","href":"https:\/\/api.w.org\/{rel}","templated":true}]}}