{"id":14895,"date":"2024-11-22T17:50:34","date_gmt":"2024-11-22T16:50:34","guid":{"rendered":"https:\/\/www.enotecailbarocco.it\/?post_type=product&#038;p=14895"},"modified":"2025-08-02T21:44:40","modified_gmt":"2025-08-02T19:44:40","slug":"","status":"publish","type":"product","link":"https:\/\/www.enotecailbarocco.it\/en\/product\/carrubato-di-sicilia-lingotto-da-15g\/","title":{"rendered":"","raw":""},"content":{"rendered":"","protected":false,"raw":""},"excerpt":{"rendered":"Non \u00e8 cioccolato ma molto di pi\u00f9! Il Carrubato di Sicilia \u00e8 l\u2019inedita tavoletta alla carruba firmata Ciokarrua. Nata dall\u2019esperienza e dalla scelta di portare avanti una tradizione fatta di gesti, di processi di lavorazione, di profumi e di persone. Un progetto dal gusto innovativo che nasce dall\u2019 ambizione e da anni di sperimentazione dedicati [...]","protected":false,"raw":""},"featured_media":14896,"template":"","meta":{"_it_post_content":"Non \u00e8 cioccolato ma molto di pi\u00f9!\r\nIl Carrubato di Sicilia \u00e8 l\u2019inedita tavoletta alla carruba firmata Ciokarrua. Nata dall\u2019esperienza e dalla scelta di portare avanti una tradizione fatta di gesti, di processi di lavorazione, di profumi e di persone. Un progetto dal gusto innovativo che nasce dall\u2019 ambizione e da anni di sperimentazione dedicati alla valorizzazione della carruba, uno dei frutti pi\u00f9 caratteristici delle campagne iblee.\r\n\r\nUna tavoletta biologica senza cacao in polvere e senza zuccheri aggiunti, quindi naturalmente dolce.\r\n\r\nIl Carrubato di Sicilia \u00e8 il Superfood esclusivo Ciokarrua, ad alto contenuto di fibre, pensato per chi ama provare nuove esperienze di gusto, combinazioni speciali tra materie agricole biologiche selezionate.\r\n\r\nIn questa tavoletta senza zuccheri aggiunti, riconoscerai tutti i sentori di frutta matura, fichi, datteri e melassa propri della carruba in purezza. La sua naturale dolcezza ti travolger\u00e0 in un viaggio sensoriale alla scoperta dei profumi della Sicilia. Per offrirti un\u2019esperienza gustativa completamente nuova senza precedenti.","_it_post_name":"carrubato-di-sicilia-lingotto-da-15g","_it_post_excerpt":"Senza zuccheri aggiunti\r\nAlto contenuto di fibre\r\n\r\nFarina di polpa di carrube 55%, burro di cacao","_it_post_title":"Carrubato di Sicilia - lingotto da 15g","_en_post_content":"","_en_post_name":"","_en_post_excerpt":"","_en_post_title":"","_fr_post_content":"","_fr_post_name":"","_fr_post_excerpt":"","_fr_post_title":"","_de_post_content":"","_de_post_name":"","_de_post_excerpt":"","_de_post_title":"","edit_language":"en"},"product_cat":[537],"product_tag":[],"class_list":{"0":"post-14895","1":"product","2":"type-product","3":"status-publish","4":"has-post-thumbnail","6":"product_cat-prodotti-alla-carruba","8":"first","9":"instock","10":"taxable","11":"shipping-taxable","12":"purchasable","13":"product-type-simple"},"jetpack_sharing_enabled":true,"_links":{"self":[{"href":"https:\/\/www.enotecailbarocco.it\/en\/wp-json\/wp\/v2\/product\/14895"}],"collection":[{"href":"https:\/\/www.enotecailbarocco.it\/en\/wp-json\/wp\/v2\/product"}],"about":[{"href":"https:\/\/www.enotecailbarocco.it\/en\/wp-json\/wp\/v2\/types\/product"}],"wp:featuredmedia":[{"embeddable":true,"href":"https:\/\/www.enotecailbarocco.it\/en\/wp-json\/wp\/v2\/media\/14896"}],"wp:attachment":[{"href":"https:\/\/www.enotecailbarocco.it\/en\/wp-json\/wp\/v2\/media?parent=14895"}],"wp:term":[{"taxonomy":"product_cat","embeddable":true,"href":"https:\/\/www.enotecailbarocco.it\/en\/wp-json\/wp\/v2\/product_cat?post=14895"},{"taxonomy":"product_tag","embeddable":true,"href":"https:\/\/www.enotecailbarocco.it\/en\/wp-json\/wp\/v2\/product_tag?post=14895"}],"curies":[{"name":"wp","href":"https:\/\/api.w.org\/{rel}","templated":true}]}}