{"id":1461,"date":"2018-03-02T15:28:39","date_gmt":"2018-03-02T14:28:39","guid":{"rendered":"https:\/\/www.enotecailbarocco.it\/product\/cometa\/"},"modified":"2025-05-11T17:27:22","modified_gmt":"2025-05-11T15:27:22","slug":"cometa","status":"publish","type":"product","link":"https:\/\/www.enotecailbarocco.it\/en\/product\/cometa\/","title":{"rendered":"Cometa","raw":"Cometa"},"content":{"rendered":"<p>CLASSIFICAZIONE IGT Sicilia<\/p>\n<p>VARIET\u00c0 100% Fiano<br \/>PRIMA ANNATA 2000<br \/>COMUNE DI PRODUZIONE Menfi (AG)<br \/>CANTINA DI PRODUZIONE Ulmo<br \/>NOME DEI VIGNETI Gurra, Dispensa<br \/>ALTIMETRIA 100 metri slm<br \/>RESA PER ETTARO 65 q.li, 1,5 Kg. per pianta.<br \/>SISTEMA DI ALLEVAMENTO Controspalliera, Cordone Speronato.<br \/>DENSIT\u00c0 DI IMPIANTO 4.500 piante per ettaro<br \/>EPOCA DI VENDEMMIA 25 agosto<br \/>VINIFICAZIONE Dopo diraspapigiatura, pressatura soffice e sedimentazione statica a bassa temperatura; inoculo sul limpido mediante lieviti selezionati, fermentazione in acciaio.<br \/>MATERIALE DELLE VASCHE DI FERMENTAZIONE Acciaio inox<br \/>TEMPERATURA DI FERMENTAZIONE 15 \u00b0 C in accaio<br \/>EPOCA DI IMBOTTIGLIAMENTO Seconda met\u00e0 del mese di Febbraio.<br \/>DURATA DELLA FERMENTAZIONE 20 giorni<br \/>GRADAZIONE ALCOLICA 14.00% vol<br \/>ACIDIT\u00c0 TOTALE 6.80<br \/>PH 3.37<br \/>CAPACIT\u00c0 DI INVECCHIAMENTO Da bere subito o da conservare per alcuni anni.<br \/>TIPO DI SUOLO GURRA: I terreni, calcarei e molto argillosi, esaltano ancor pi\u00f9 le qualit\u00e0 aromatiche specifiche del fiano. DISPENSA: di media profondit\u00e0 , mediamente calcareo con argille miste gialle e grigio-scure, di una tessitura moderatamente fine; lo scheletro \u00e8 poco presente.<\/p>\n","protected":false,"raw":"<p>CLASSIFICAZIONE IGT Sicilia<\/p>\r\n<p>VARIET\u00c0 100% Fiano<br \/>PRIMA ANNATA 2000<br \/>COMUNE DI PRODUZIONE Menfi (AG)<br \/>CANTINA DI PRODUZIONE Ulmo<br \/>NOME DEI VIGNETI Gurra, Dispensa<br \/>ALTIMETRIA 100 metri slm<br \/>RESA PER ETTARO 65 q.li, 1,5 Kg. per pianta.<br \/>SISTEMA DI ALLEVAMENTO Controspalliera, Cordone Speronato.<br \/>DENSIT\u00c0 DI IMPIANTO 4.500 piante per ettaro<br \/>EPOCA DI VENDEMMIA 25 agosto<br \/>VINIFICAZIONE Dopo diraspapigiatura, pressatura soffice e sedimentazione statica a bassa temperatura; inoculo sul limpido mediante lieviti selezionati, fermentazione in acciaio.<br \/>MATERIALE DELLE VASCHE DI FERMENTAZIONE Acciaio inox<br \/>TEMPERATURA DI FERMENTAZIONE 15 \u00b0 C in accaio<br \/>EPOCA DI IMBOTTIGLIAMENTO Seconda met\u00e0 del mese di Febbraio.<br \/>DURATA DELLA FERMENTAZIONE 20 giorni<br \/>GRADAZIONE ALCOLICA 14.00% vol<br \/>ACIDIT\u00c0 TOTALE 6.80<br \/>PH 3.37<br \/>CAPACIT\u00c0 DI INVECCHIAMENTO Da bere subito o da conservare per alcuni anni.<br \/>TIPO DI SUOLO GURRA: I terreni, calcarei e molto argillosi, esaltano ancor pi\u00f9 le qualit\u00e0 aromatiche specifiche del fiano. DISPENSA: di media profondit\u00e0 , mediamente calcareo con argille miste gialle e grigio-scure, di una tessitura moderatamente fine; lo scheletro \u00e8 poco presente.<\/p>"},"excerpt":{"rendered":"CLASSIFICAZIONE IGT Sicilia VARIET\u00c0 100% Fiano PRIMA ANNATA 2000 COMUNE DI PRODUZIONE Menfi (AG) CANTINA DI PRODUZIONE Ulmo NOME DEI VIGNETI Gurra, Dispensa ALTIMETRIA 100 metri slm RESA PER ETTARO 65 q.li, 1,5 Kg. per pianta. SISTEMA DI ALLEVAMENTO Controspalliera, Cordone Speronato. DENSIT\u00c0 DI IMPIANTO 4.500 piante per ettaro EPOCA DI VENDEMMIA 25 agosto VINIFICAZIONE [...]","protected":false,"raw":""},"featured_media":1465,"template":"","meta":{"_it_post_content":"CLASSIFICAZIONE IGT Sicilia\r\n\r\nVARIET\u00c0 100% Fiano\r\nPRIMA ANNATA 2000\r\nCOMUNE DI PRODUZIONE Menfi (AG)\r\nCANTINA DI PRODUZIONE Ulmo\r\nNOME DEI VIGNETI Gurra, Dispensa\r\nALTIMETRIA 100 metri slm\r\nRESA PER ETTARO 65 q.li, 1,5 Kg. per pianta.\r\nSISTEMA DI ALLEVAMENTO Controspalliera, Cordone Speronato.\r\nDENSIT\u00c0 DI IMPIANTO 4.500 piante per ettaro\r\nEPOCA DI VENDEMMIA 25 agosto\r\nVINIFICAZIONE Dopo diraspapigiatura, pressatura soffice e sedimentazione statica a bassa temperatura; inoculo sul limpido mediante lieviti selezionati, fermentazione in acciaio.\r\nMATERIALE DELLE VASCHE DI FERMENTAZIONE Acciaio inox\r\nTEMPERATURA DI FERMENTAZIONE 15 \u00b0 C in accaio\r\nEPOCA DI IMBOTTIGLIAMENTO Seconda met\u00e0 del mese di Febbraio.\r\nDURATA DELLA FERMENTAZIONE 20 giorni\r\nGRADAZIONE ALCOLICA 14.00% vol\r\nACIDIT\u00c0 TOTALE 6.80\r\nPH 3.37\r\nCAPACIT\u00c0 DI INVECCHIAMENTO Da bere subito o da conservare per alcuni anni.\r\nTIPO DI SUOLO GURRA: I terreni, calcarei e molto argillosi, esaltano ancor pi\u00f9 le qualit\u00e0 aromatiche specifiche del fiano. DISPENSA: di media profondit\u00e0 , mediamente calcareo con argille miste gialle e grigio-scure, di una tessitura moderatamente fine; lo scheletro \u00e8 poco presente.","_it_post_name":"cometa","_it_post_excerpt":"","_it_post_title":"Cometa 75 cl","_en_post_content":"<p>CLASSIFICAZIONE IGT Sicilia<\/p>\r\n<p>VARIET\u00c0 100% Fiano<br \/>PRIMA ANNATA 2000<br \/>COMUNE DI PRODUZIONE Menfi (AG)<br \/>CANTINA DI PRODUZIONE Ulmo<br \/>NOME DEI VIGNETI Gurra, Dispensa<br \/>ALTIMETRIA 100 metri slm<br \/>RESA PER ETTARO 65 q.li, 1,5 Kg. per pianta.<br \/>SISTEMA DI ALLEVAMENTO Controspalliera, Cordone Speronato.<br \/>DENSIT\u00c0 DI IMPIANTO 4.500 piante per ettaro<br \/>EPOCA DI VENDEMMIA 25 agosto<br \/>VINIFICAZIONE Dopo diraspapigiatura, pressatura soffice e sedimentazione statica a bassa temperatura; inoculo sul limpido mediante lieviti selezionati, fermentazione in acciaio.<br \/>MATERIALE DELLE VASCHE DI FERMENTAZIONE Acciaio inox<br \/>TEMPERATURA DI FERMENTAZIONE 15 \u00b0 C in accaio<br \/>EPOCA DI IMBOTTIGLIAMENTO Seconda met\u00e0 del mese di Febbraio.<br \/>DURATA DELLA FERMENTAZIONE 20 giorni<br \/>GRADAZIONE ALCOLICA 14.00% vol<br \/>ACIDIT\u00c0 TOTALE 6.80<br \/>PH 3.37<br \/>CAPACIT\u00c0 DI INVECCHIAMENTO Da bere subito o da conservare per alcuni anni.<br \/>TIPO DI SUOLO GURRA: I terreni, calcarei e molto argillosi, esaltano ancor pi\u00f9 le qualit\u00e0 aromatiche specifiche del fiano. DISPENSA: di media profondit\u00e0 , mediamente calcareo con argille miste gialle e grigio-scure, di una tessitura moderatamente fine; lo scheletro \u00e8 poco presente.<\/p>","_en_post_name":"cometa","_en_post_excerpt":"","_en_post_title":"Cometa","_fr_post_content":"","_fr_post_name":"","_fr_post_excerpt":"","_fr_post_title":"","_de_post_content":"","_de_post_name":"","_de_post_excerpt":"","_de_post_title":"","edit_language":"en"},"product_cat":[209,136],"product_tag":[],"class_list":{"0":"post-1461","1":"product","2":"type-product","3":"status-publish","4":"has-post-thumbnail","6":"product_cat-vini","7":"product_cat-planeta-agrigento","9":"first","10":"instock","11":"taxable","12":"shipping-taxable","13":"purchasable","14":"product-type-simple"},"jetpack_sharing_enabled":true,"_links":{"self":[{"href":"https:\/\/www.enotecailbarocco.it\/en\/wp-json\/wp\/v2\/product\/1461"}],"collection":[{"href":"https:\/\/www.enotecailbarocco.it\/en\/wp-json\/wp\/v2\/product"}],"about":[{"href":"https:\/\/www.enotecailbarocco.it\/en\/wp-json\/wp\/v2\/types\/product"}],"wp:featuredmedia":[{"embeddable":true,"href":"https:\/\/www.enotecailbarocco.it\/en\/wp-json\/wp\/v2\/media\/1465"}],"wp:attachment":[{"href":"https:\/\/www.enotecailbarocco.it\/en\/wp-json\/wp\/v2\/media?parent=1461"}],"wp:term":[{"taxonomy":"product_cat","embeddable":true,"href":"https:\/\/www.enotecailbarocco.it\/en\/wp-json\/wp\/v2\/product_cat?post=1461"},{"taxonomy":"product_tag","embeddable":true,"href":"https:\/\/www.enotecailbarocco.it\/en\/wp-json\/wp\/v2\/product_tag?post=1461"}],"curies":[{"name":"wp","href":"https:\/\/api.w.org\/{rel}","templated":true}]}}