{"id":1449,"date":"2018-03-02T15:28:36","date_gmt":"2018-03-02T14:28:36","guid":{"rendered":"https:\/\/www.enotecailbarocco.it\/product\/vigna-di-gabri\/"},"modified":"2025-07-01T12:25:06","modified_gmt":"2025-07-01T10:25:06","slug":"vigna-di-gabri-20112013-11-04-15-09-34","status":"publish","type":"product","link":"https:\/\/www.enotecailbarocco.it\/en\/product\/vigna-di-gabri-20112013-11-04-15-09-34\/","title":{"rendered":"Vigna di Gabri","raw":"Vigna di Gabri"},"content":{"rendered":"<p>Vigna di Gabri 2011<br \/>Prezzo: Euro 14.00<\/p>\n<p>Tipo: Bianco- Contessa Entellina DOP<br \/>Gradazione: 13-13,5% vol.<br \/>Uve: Ansonica prevalente; secondo le annate il blend si completa con altre uve. Allevamento a controspalliera e potatura a cordone speronato. Densit\u00e0 media d&#8217;impianto 5.000 ceppi per ettaro e produzione di circa 60 q.li\/ha. Terreno di medio impasto.<br \/>Vinificazione: Le uve vengono sottoposte a pigiatura soffice. Il mosto fermenta a temperatura controllata in acciaio. Il vino matura per il 90% in vasca e per il 10% in barriques di rovere francese, e affina almeno tre mesi prima di essere commercializzato.<br \/>Descrizione: I profumi intensi ed eleganti spaziano da note fruttate di mele e floreali di acacia a quelle pi\u00f9 complesse, salmastre e minerali (pietra focaia). Al gusto \u00e8 strutturato e avvolgente, con piacevole freschezza e sapidit\u00e0. Lunga la persistenza gusto-olfattiva.<br \/>Abbinamenti: Primi piatti della cucina di mare. Pesce al forno e alla brace, carne bianca salsata, sformati e souffl\u00e9. Ideale con il baccal\u00e0 al pomodoro, le verdure, i funghi porcini arrosto.<br \/>Due Ricette: Caponatina con pomodoro.&#8221;Piscistocco&#8221;alla messinese. Linguine ai finferli.<br \/>Come servirlo: In calici a tulipano di media ampiezza, senza svasatura, di buona altezza, apertura al momento, ottimo a 10-12\u00b0C.<br \/>Curiosit\u00e0: &#8216;Vigna di Gabri&#8217; non \u00e8 un nome di fantasia, perch\u00e9 il vino porta il nome di Gabriella che lo ha voluto e lo ha cresciuto, credendo nell&#8217;avvolgente fragranza dei profumi dell&#8217;Ansonica. La nuova etichetta nata per l&#8217;annata 2004, racconta il legame forte tra Gabriella, la sua terra e l&#8217;Ansonica, uno fra i pi\u00f9 antichi vitigni autoctoni a bacca bianca della Sicilia.<br \/>Prima annata: 1987.<\/p>\n","protected":false,"raw":"<p>Vigna di Gabri 2011<br \/>Prezzo: Euro 14.00<\/p>\r\n<p>Tipo: Bianco- Contessa Entellina DOP<br \/>Gradazione: 13-13,5% vol.<br \/>Uve: Ansonica prevalente; secondo le annate il blend si completa con altre uve. Allevamento a controspalliera e potatura a cordone speronato. Densit\u00e0 media d'impianto 5.000 ceppi per ettaro e produzione di circa 60 q.li\/ha. Terreno di medio impasto.<br \/>Vinificazione: Le uve vengono sottoposte a pigiatura soffice. Il mosto fermenta a temperatura controllata in acciaio. Il vino matura per il 90% in vasca e per il 10% in barriques di rovere francese, e affina almeno tre mesi prima di essere commercializzato.<br \/>Descrizione: I profumi intensi ed eleganti spaziano da note fruttate di mele e floreali di acacia a quelle pi\u00f9 complesse, salmastre e minerali (pietra focaia). Al gusto \u00e8 strutturato e avvolgente, con piacevole freschezza e sapidit\u00e0. Lunga la persistenza gusto-olfattiva.<br \/>Abbinamenti: Primi piatti della cucina di mare. Pesce al forno e alla brace, carne bianca salsata, sformati e souffl\u00e9. Ideale con il baccal\u00e0 al pomodoro, le verdure, i funghi porcini arrosto.<br \/>Due Ricette: Caponatina con pomodoro.\"Piscistocco\"alla messinese. Linguine ai finferli.<br \/>Come servirlo: In calici a tulipano di media ampiezza, senza svasatura, di buona altezza, apertura al momento, ottimo a 10-12\u00b0C.<br \/>Curiosit\u00e0: 'Vigna di Gabri' non \u00e8 un nome di fantasia, perch\u00e9 il vino porta il nome di Gabriella che lo ha voluto e lo ha cresciuto, credendo nell'avvolgente fragranza dei profumi dell'Ansonica. La nuova etichetta nata per l'annata 2004, racconta il legame forte tra Gabriella, la sua terra e l'Ansonica, uno fra i pi\u00f9 antichi vitigni autoctoni a bacca bianca della Sicilia.<br \/>Prima annata: 1987.<\/p>"},"excerpt":{"rendered":"Vigna di Gabri 2011 Tipo: Bianco- Contessa Entellina DOP Gradazione: 13-13,5% vol. Uve: Ansonica prevalente; secondo le annate il blend si completa con altre uve. Allevamento a controspalliera e potatura a cordone speronato. Densit\u00e0 media d'impianto 5.000 ceppi per ettaro e produzione di circa 60 q.li\/ha. Terreno di medio impasto. Vinificazione: Le uve vengono sottoposte [...]","protected":false,"raw":""},"featured_media":1455,"template":"","meta":{"_it_post_content":"Vigna di Gabri 2011\r\n\r\nTipo: Bianco- Contessa Entellina DOP\r\nGradazione: 13-13,5% vol.\r\nUve: Ansonica prevalente; secondo le annate il blend si completa con altre uve. Allevamento a controspalliera e potatura a cordone speronato. Densit\u00e0 media d'impianto 5.000 ceppi per ettaro e produzione di circa 60 q.li\/ha. Terreno di medio impasto.\r\nVinificazione: Le uve vengono sottoposte a pigiatura soffice. Il mosto fermenta a temperatura controllata in acciaio. Il vino matura per il 90% in vasca e per il 10% in barriques di rovere francese, e affina almeno tre mesi prima di essere commercializzato.\r\nDescrizione: I profumi intensi ed eleganti spaziano da note fruttate di mele e floreali di acacia a quelle pi\u00f9 complesse, salmastre e minerali (pietra focaia). Al gusto \u00e8 strutturato e avvolgente, con piacevole freschezza e sapidit\u00e0. Lunga la persistenza gusto-olfattiva.\r\nAbbinamenti: Primi piatti della cucina di mare. Pesce al forno e alla brace, carne bianca salsata, sformati e souffl\u00e9. Ideale con il baccal\u00e0 al pomodoro, le verdure, i funghi porcini arrosto.\r\nDue Ricette: Caponatina con pomodoro.\"Piscistocco\"alla messinese. Linguine ai finferli.\r\nCome servirlo: In calici a tulipano di media ampiezza, senza svasatura, di buona altezza, apertura al momento, ottimo a 10-12\u00b0C.\r\nCuriosit\u00e0: 'Vigna di Gabri' non \u00e8 un nome di fantasia, perch\u00e9 il vino porta il nome di Gabriella che lo ha voluto e lo ha cresciuto, credendo nell'avvolgente fragranza dei profumi dell'Ansonica. La nuova etichetta nata per l'annata 2004, racconta il legame forte tra Gabriella, la sua terra e l'Ansonica, uno fra i pi\u00f9 antichi vitigni autoctoni a bacca bianca della Sicilia.\r\nPrima annata: 1987.","_it_post_name":"vigna-di-gabri","_it_post_excerpt":"","_it_post_title":"Vigna di Gabri 75 cl","_en_post_content":"<p>Vigna di Gabri 2011<br \/>Prezzo: Euro 14.00<\/p>\r\n<p>Tipo: Bianco- Contessa Entellina DOP<br \/>Gradazione: 13-13,5% vol.<br \/>Uve: Ansonica prevalente; secondo le annate il blend si completa con altre uve. Allevamento a controspalliera e potatura a cordone speronato. Densit\u00e0 media d'impianto 5.000 ceppi per ettaro e produzione di circa 60 q.li\/ha. Terreno di medio impasto.<br \/>Vinificazione: Le uve vengono sottoposte a pigiatura soffice. Il mosto fermenta a temperatura controllata in acciaio. Il vino matura per il 90% in vasca e per il 10% in barriques di rovere francese, e affina almeno tre mesi prima di essere commercializzato.<br \/>Descrizione: I profumi intensi ed eleganti spaziano da note fruttate di mele e floreali di acacia a quelle pi\u00f9 complesse, salmastre e minerali (pietra focaia). Al gusto \u00e8 strutturato e avvolgente, con piacevole freschezza e sapidit\u00e0. Lunga la persistenza gusto-olfattiva.<br \/>Abbinamenti: Primi piatti della cucina di mare. Pesce al forno e alla brace, carne bianca salsata, sformati e souffl\u00e9. Ideale con il baccal\u00e0 al pomodoro, le verdure, i funghi porcini arrosto.<br \/>Due Ricette: Caponatina con pomodoro.\"Piscistocco\"alla messinese. Linguine ai finferli.<br \/>Come servirlo: In calici a tulipano di media ampiezza, senza svasatura, di buona altezza, apertura al momento, ottimo a 10-12\u00b0C.<br \/>Curiosit\u00e0: 'Vigna di Gabri' non \u00e8 un nome di fantasia, perch\u00e9 il vino porta il nome di Gabriella che lo ha voluto e lo ha cresciuto, credendo nell'avvolgente fragranza dei profumi dell'Ansonica. La nuova etichetta nata per l'annata 2004, racconta il legame forte tra Gabriella, la sua terra e l'Ansonica, uno fra i pi\u00f9 antichi vitigni autoctoni a bacca bianca della Sicilia.<br \/>Prima annata: 1987.<\/p>","_en_post_name":"vigna-di-gabri-20112013-11-04-15-09-34","_en_post_excerpt":"","_en_post_title":"Vigna di Gabri","_fr_post_content":"","_fr_post_name":"","_fr_post_excerpt":"","_fr_post_title":"","_de_post_content":"","_de_post_name":"","_de_post_excerpt":"","_de_post_title":"","edit_language":"en"},"product_cat":[209,112],"product_tag":[],"class_list":{"0":"post-1449","1":"product","2":"type-product","3":"status-publish","4":"has-post-thumbnail","6":"product_cat-vini","7":"product_cat-donnafugata-trapani","9":"first","10":"instock","11":"taxable","12":"shipping-taxable","13":"purchasable","14":"product-type-simple"},"jetpack_sharing_enabled":true,"_links":{"self":[{"href":"https:\/\/www.enotecailbarocco.it\/en\/wp-json\/wp\/v2\/product\/1449"}],"collection":[{"href":"https:\/\/www.enotecailbarocco.it\/en\/wp-json\/wp\/v2\/product"}],"about":[{"href":"https:\/\/www.enotecailbarocco.it\/en\/wp-json\/wp\/v2\/types\/product"}],"wp:featuredmedia":[{"embeddable":true,"href":"https:\/\/www.enotecailbarocco.it\/en\/wp-json\/wp\/v2\/media\/1455"}],"wp:attachment":[{"href":"https:\/\/www.enotecailbarocco.it\/en\/wp-json\/wp\/v2\/media?parent=1449"}],"wp:term":[{"taxonomy":"product_cat","embeddable":true,"href":"https:\/\/www.enotecailbarocco.it\/en\/wp-json\/wp\/v2\/product_cat?post=1449"},{"taxonomy":"product_tag","embeddable":true,"href":"https:\/\/www.enotecailbarocco.it\/en\/wp-json\/wp\/v2\/product_tag?post=1449"}],"curies":[{"name":"wp","href":"https:\/\/api.w.org\/{rel}","templated":true}]}}