{"id":13845,"date":"2023-12-06T17:22:02","date_gmt":"2023-12-06T16:22:02","guid":{"rendered":"https:\/\/www.enotecailbarocco.it\/?post_type=product&#038;p=13845"},"modified":"2026-04-07T12:38:56","modified_gmt":"2026-04-07T10:38:56","slug":"","status":"publish","type":"product","link":"https:\/\/www.enotecailbarocco.it\/en\/product\/vino-florio\/","title":{"rendered":"","raw":""},"content":{"rendered":"","protected":false,"raw":""},"excerpt":{"rendered":"","protected":false,"raw":""},"featured_media":13846,"template":"","meta":{"_it_post_content":"","_it_post_name":"vino-florio","_it_post_excerpt":"Florio da sempre \u00e8 sinonimo di Marsala. Ora per\u00f2 Florio ha deciso di regalare una nuova grande emozione, imbottigliando il primo Vino Florio. Un vino bianco non filtrato, in continua evoluzione organolettica in funzione del tempo, dello spazio e dello stato d\u2019animo di chi lo assapora.\r\n\r\nPrima forma delle uve che arrivano in Cantina, questo vino \u00e8 ci\u00f2 che diventer\u00e0 Marsala e per lungo tempo \u00e8 stato degustato nella sua incredibile organolettica solo da chi vive la Cantina. Oggi Florio lo imbottiglia, in quantit\u00e0 limitatissime, perch\u00e9 costituisce un tassello fondamentale per raccontare appieno quel progetto culturale che \u00e8 il Marsala. Questo vino \u00e8 espressione dell\u2019annata, del ritmo e dell\u2019armonia scelti dall\u2019Enologo. Un vero atto di poesia, che si traduce in un calice dal carattere ricco e sapido, dall\u2019alta gradazione alcolica e dall\u2019intenso profumo di campi fioriti e mare.\r\n\r\n<strong>Grado alcolico<\/strong>\u00a0- 15% in vol.\r\n\r\n75 CL","_it_post_title":"Florio Vino Grillo 75cl","_en_post_content":"","_en_post_name":"","_en_post_excerpt":"","_en_post_title":"","_fr_post_content":"","_fr_post_name":"","_fr_post_excerpt":"","_fr_post_title":"","_de_post_content":"","_de_post_name":"","_de_post_excerpt":"","_de_post_title":"","edit_language":"en"},"product_cat":[525],"product_tag":[],"class_list":{"0":"post-13845","1":"product","2":"type-product","3":"status-publish","4":"has-post-thumbnail","6":"product_cat-vini-naturali","8":"first","9":"instock","10":"taxable","11":"shipping-taxable","12":"purchasable","13":"product-type-simple"},"jetpack_sharing_enabled":true,"_links":{"self":[{"href":"https:\/\/www.enotecailbarocco.it\/en\/wp-json\/wp\/v2\/product\/13845"}],"collection":[{"href":"https:\/\/www.enotecailbarocco.it\/en\/wp-json\/wp\/v2\/product"}],"about":[{"href":"https:\/\/www.enotecailbarocco.it\/en\/wp-json\/wp\/v2\/types\/product"}],"wp:featuredmedia":[{"embeddable":true,"href":"https:\/\/www.enotecailbarocco.it\/en\/wp-json\/wp\/v2\/media\/13846"}],"wp:attachment":[{"href":"https:\/\/www.enotecailbarocco.it\/en\/wp-json\/wp\/v2\/media?parent=13845"}],"wp:term":[{"taxonomy":"product_cat","embeddable":true,"href":"https:\/\/www.enotecailbarocco.it\/en\/wp-json\/wp\/v2\/product_cat?post=13845"},{"taxonomy":"product_tag","embeddable":true,"href":"https:\/\/www.enotecailbarocco.it\/en\/wp-json\/wp\/v2\/product_tag?post=13845"}],"curies":[{"name":"wp","href":"https:\/\/api.w.org\/{rel}","templated":true}]}}