{"id":13366,"date":"2023-06-29T19:22:43","date_gmt":"2023-06-29T17:22:43","guid":{"rendered":"https:\/\/www.enotecailbarocco.it\/?post_type=product&#038;p=13366"},"modified":"2025-06-13T11:29:48","modified_gmt":"2025-06-13T09:29:48","slug":"","status":"publish","type":"product","link":"https:\/\/www.enotecailbarocco.it\/en\/product\/piano-dei-daini-rosato-75cl\/","title":{"rendered":"","raw":""},"content":{"rendered":"","protected":false,"raw":""},"excerpt":{"rendered":"Dal colore rosato brillante, \u00e8 caratterizzato da una vivacit\u00e0 olfattiva e una armoniosa struttura. I profumi delicati sono quelli dei fragoline di bosco. Il sapore \u00e8 fruttato con una grande freschezza. Invecchiamento: 6 mesi in vasche di acciaio inox Affinamento: 3 mesi in bottiglia Uve d'origine: Nerello Mascalese 80%, Nerello Cappuccio 20% Localit\u00e0 dei vigneti: [...]","protected":false,"raw":""},"featured_media":13367,"template":"","meta":{"_it_post_content":"Dal colore rosato brillante, \u00e8 caratterizzato da una vivacit\u00e0 olfattiva e una armoniosa struttura. I profumi delicati sono quelli dei fragoline di bosco. Il sapore \u00e8 fruttato con una grande freschezza.\r\n\r\nInvecchiamento: 6 mesi in vasche di acciaio inox\r\nAffinamento: 3 mesi in bottiglia\r\nUve d'origine: Nerello Mascalese 80%, Nerello Cappuccio 20%\r\nLocalit\u00e0 dei vigneti: Contrada Piano dei Daini - Solicchiata, Castiglione di Sicilia (CT)\r\nTipologia del terreno: vulcanico\r\nAltezza Min\/Max: 700 m s.l.m.","_it_post_name":"piano-dei-daini-rosato-75cl","_it_post_excerpt":"","_it_post_title":"Piano dei Daini Rosato 75cl","_en_post_content":"","_en_post_name":"","_en_post_excerpt":"","_en_post_title":"","_fr_post_content":"","_fr_post_name":"","_fr_post_excerpt":"","_fr_post_title":"","_de_post_content":"","_de_post_name":"","_de_post_excerpt":"","_de_post_title":"","edit_language":"en"},"product_cat":[530],"product_tag":[],"class_list":{"0":"post-13366","1":"product","2":"type-product","3":"status-publish","4":"has-post-thumbnail","6":"product_cat-russo-etna-catania","8":"first","9":"instock","10":"taxable","11":"shipping-taxable","12":"purchasable","13":"product-type-simple"},"jetpack_sharing_enabled":true,"_links":{"self":[{"href":"https:\/\/www.enotecailbarocco.it\/en\/wp-json\/wp\/v2\/product\/13366"}],"collection":[{"href":"https:\/\/www.enotecailbarocco.it\/en\/wp-json\/wp\/v2\/product"}],"about":[{"href":"https:\/\/www.enotecailbarocco.it\/en\/wp-json\/wp\/v2\/types\/product"}],"wp:featuredmedia":[{"embeddable":true,"href":"https:\/\/www.enotecailbarocco.it\/en\/wp-json\/wp\/v2\/media\/13367"}],"wp:attachment":[{"href":"https:\/\/www.enotecailbarocco.it\/en\/wp-json\/wp\/v2\/media?parent=13366"}],"wp:term":[{"taxonomy":"product_cat","embeddable":true,"href":"https:\/\/www.enotecailbarocco.it\/en\/wp-json\/wp\/v2\/product_cat?post=13366"},{"taxonomy":"product_tag","embeddable":true,"href":"https:\/\/www.enotecailbarocco.it\/en\/wp-json\/wp\/v2\/product_tag?post=13366"}],"curies":[{"name":"wp","href":"https:\/\/api.w.org\/{rel}","templated":true}]}}