{"id":13319,"date":"2023-06-07T23:15:20","date_gmt":"2023-06-07T21:15:20","guid":{"rendered":"https:\/\/www.enotecailbarocco.it\/?post_type=product&#038;p=13319"},"modified":"2025-06-25T22:06:03","modified_gmt":"2025-06-25T20:06:03","slug":"","status":"publish","type":"product","link":"https:\/\/www.enotecailbarocco.it\/en\/product\/alessandro-viola-note-di-bianco-75cl\/","title":{"rendered":"","raw":""},"content":{"rendered":"","protected":false,"raw":""},"excerpt":{"rendered":"Ultima novit\u00e0 di Alessandro Viola \u00e8 Carric\u00e0t, ovvero carricante e catarratto, affinato in vasca di vetroresina. Un vino di facile beva da bere in compagnia, con sentori di spremuta d'agrumi e profumo di mare.","protected":false,"raw":""},"featured_media":13322,"template":"","meta":{"_it_post_content":"Ultima novit\u00e0 di Alessandro Viola \u00e8 Carric\u00e0t, ovvero carricante e catarratto, affinato in vasca di vetroresina.\r\n\r\nUn vino di facile beva da bere in compagnia, con sentori di spremuta d'agrumi e profumo di mare.","_it_post_name":"alessandro-viola-note-di-bianco-75cl","_it_post_excerpt":"","_it_post_title":"Alessandro Viola Carric\u00e0t 75cl","_en_post_content":"","_en_post_name":"","_en_post_excerpt":"","_en_post_title":"","_fr_post_content":"","_fr_post_name":"","_fr_post_excerpt":"","_fr_post_title":"","_de_post_content":"","_de_post_name":"","_de_post_excerpt":"","_de_post_title":"","edit_language":"en"},"product_cat":[525,542],"product_tag":[],"class_list":{"0":"post-13319","1":"product","2":"type-product","3":"status-publish","4":"has-post-thumbnail","6":"product_cat-vini-naturali","7":"product_cat-alessandro-viola-alcamo-trapani","9":"first","10":"instock","11":"taxable","12":"shipping-taxable","13":"purchasable","14":"product-type-simple"},"jetpack_sharing_enabled":true,"_links":{"self":[{"href":"https:\/\/www.enotecailbarocco.it\/en\/wp-json\/wp\/v2\/product\/13319"}],"collection":[{"href":"https:\/\/www.enotecailbarocco.it\/en\/wp-json\/wp\/v2\/product"}],"about":[{"href":"https:\/\/www.enotecailbarocco.it\/en\/wp-json\/wp\/v2\/types\/product"}],"wp:featuredmedia":[{"embeddable":true,"href":"https:\/\/www.enotecailbarocco.it\/en\/wp-json\/wp\/v2\/media\/13322"}],"wp:attachment":[{"href":"https:\/\/www.enotecailbarocco.it\/en\/wp-json\/wp\/v2\/media?parent=13319"}],"wp:term":[{"taxonomy":"product_cat","embeddable":true,"href":"https:\/\/www.enotecailbarocco.it\/en\/wp-json\/wp\/v2\/product_cat?post=13319"},{"taxonomy":"product_tag","embeddable":true,"href":"https:\/\/www.enotecailbarocco.it\/en\/wp-json\/wp\/v2\/product_tag?post=13319"}],"curies":[{"name":"wp","href":"https:\/\/api.w.org\/{rel}","templated":true}]}}