{"id":12928,"date":"2022-11-15T19:30:00","date_gmt":"2022-11-15T18:30:00","guid":{"rendered":"https:\/\/www.enotecailbarocco.it\/?post_type=product&#038;p=12928"},"modified":"2025-06-17T15:49:02","modified_gmt":"2025-06-17T13:49:02","slug":"","status":"publish","type":"product","link":"https:\/\/www.enotecailbarocco.it\/en\/product\/isolano-dolce-gabbana-cl-75\/","title":{"rendered":"","raw":""},"content":{"rendered":"","protected":false,"raw":""},"excerpt":{"rendered":"Colore giallo paglierino con riflessi dorati; al naso presenta un profumo raffinato con fragranti sentori agrumati di scorza di limone, note fruttate di mela gialla e infine di erbe mediterranee. Isolano \u00e8 un vino di avvolgente eleganza che al palato si distingue per la persistenza e la straordinaria mineralit\u00e0 vulcanica. Denominazione Etna Bianco Doc Variet\u00e0 [...]","protected":false,"raw":""},"featured_media":12929,"template":"","meta":{"_it_post_content":"Colore giallo paglierino con riflessi dorati; al naso presenta un profumo raffinato con fragranti sentori agrumati di scorza di limone, note fruttate di mela gialla e infine di erbe mediterranee. Isolano \u00e8 un vino di avvolgente eleganza che al palato si distingue per la persistenza e la straordinaria mineralit\u00e0 vulcanica.\r\n<div class=\"sn_intro_product__bottom__data__i\">\r\n<div class=\"sn_intro_product__bottom__data__i\">\r\n<h4>Denominazione<\/h4>\r\n<div class=\"text\">Etna Bianco Doc<\/div>\r\n<\/div>\r\n<div class=\"sn_intro_product__bottom__data__i\">\r\n<h4>Variet\u00e0<\/h4>\r\n<div class=\"text\">\r\n\r\nCarricante, ed una piccola percentuale di, altre variet\u00e0 autoctone\r\n\r\n<\/div>\r\n<\/div>\r\n<div class=\"sn_intro_product__bottom__data__i\">\r\n<h4>Zona di produzione<\/h4>\r\n<div class=\"text\">Sicilia Orientale - versante Nord dell'Etna<\/div>\r\n<\/div>\r\n<div class=\"sn_intro_product__bottom__data__i\">\r\n<h4>Affinamento<\/h4>\r\n<div class=\"text\">per 9 mesi in vasca e poi in bottiglia per oltre 12 mesi prima dell\u2019uscita in commercio.<\/div>\r\n<\/div>\r\n<div class=\"sn_intro_product__bottom__data__i\">\r\n<h4>A tavola<\/h4>\r\n<div class=\"text\">perfetto con crostacei, primi piatti vegetariani, funghi porcini, piatti a base di pesce o carni bianche.<\/div>\r\n<\/div>\r\n<\/div>","_it_post_name":"isolano-dolce-gabbana-cl-75","_it_post_excerpt":"","_it_post_title":"Isolano Dolce & Gabbana cl 75","_en_post_content":"","_en_post_name":"","_en_post_excerpt":"","_en_post_title":"","_fr_post_content":"","_fr_post_name":"","_fr_post_excerpt":"","_fr_post_title":"","_de_post_content":"","_de_post_name":"","_de_post_excerpt":"","_de_post_title":"","edit_language":"en"},"product_cat":[519,501,112],"product_tag":[],"class_list":{"0":"post-12928","1":"product","2":"type-product","3":"status-publish","4":"has-post-thumbnail","6":"product_cat-natale-2025","7":"product_cat-idee-regalo","8":"product_cat-donnafugata-trapani","10":"first","11":"instock","12":"taxable","13":"shipping-taxable","14":"purchasable","15":"product-type-simple"},"jetpack_sharing_enabled":true,"_links":{"self":[{"href":"https:\/\/www.enotecailbarocco.it\/en\/wp-json\/wp\/v2\/product\/12928"}],"collection":[{"href":"https:\/\/www.enotecailbarocco.it\/en\/wp-json\/wp\/v2\/product"}],"about":[{"href":"https:\/\/www.enotecailbarocco.it\/en\/wp-json\/wp\/v2\/types\/product"}],"wp:featuredmedia":[{"embeddable":true,"href":"https:\/\/www.enotecailbarocco.it\/en\/wp-json\/wp\/v2\/media\/12929"}],"wp:attachment":[{"href":"https:\/\/www.enotecailbarocco.it\/en\/wp-json\/wp\/v2\/media?parent=12928"}],"wp:term":[{"taxonomy":"product_cat","embeddable":true,"href":"https:\/\/www.enotecailbarocco.it\/en\/wp-json\/wp\/v2\/product_cat?post=12928"},{"taxonomy":"product_tag","embeddable":true,"href":"https:\/\/www.enotecailbarocco.it\/en\/wp-json\/wp\/v2\/product_tag?post=12928"}],"curies":[{"name":"wp","href":"https:\/\/api.w.org\/{rel}","templated":true}]}}