{"id":12406,"date":"2022-04-12T19:17:00","date_gmt":"2022-04-12T17:17:00","guid":{"rendered":"https:\/\/www.enotecailbarocco.it\/?post_type=product&#038;p=12406"},"modified":"2024-03-27T19:02:22","modified_gmt":"2024-03-27T18:02:22","slug":"","status":"publish","type":"product","link":"https:\/\/www.enotecailbarocco.it\/en\/product\/damarete-75cl\/","title":{"rendered":"","raw":""},"content":{"rendered":"","protected":false,"raw":""},"excerpt":{"rendered":"Damarete Siracusa Doc Moscato Bianco \u00e8 giallo oro, al naso \u00e8 fine con profumi di origano selvatico, macchia mediterranea e spezie con una nota balsamica pronunciata. Al gusto \u00e8 equilibrato, un mix tra sapidit\u00e0 e acidit\u00e0, un moscato contraddittorio, aromatico ma con il tipico finale mandorlato, salmastro, complesso. Macerazione di 60 giorni sulle bucce.","protected":false,"raw":""},"featured_media":12407,"template":"","meta":{"_it_post_content":"Damarete Siracusa Doc Moscato Bianco \u00e8 giallo oro, al naso \u00e8 fine con profumi di origano selvatico, macchia mediterranea e spezie con una nota balsamica pronunciata. Al gusto \u00e8 equilibrato, un mix tra sapidit\u00e0 e acidit\u00e0, un moscato contraddittorio, aromatico ma con il tipico finale mandorlato, salmastro, complesso. Macerazione di 60 giorni sulle bucce.","_it_post_name":"damarete-75cl","_it_post_excerpt":"","_it_post_title":"Damarete 75cl","_en_post_content":"","_en_post_name":"","_en_post_excerpt":"","_en_post_title":"","_fr_post_content":"","_fr_post_name":"","_fr_post_excerpt":"","_fr_post_title":"","_de_post_content":"","_de_post_name":"","_de_post_excerpt":"","_de_post_title":"","edit_language":"en"},"product_cat":[522],"product_tag":[],"class_list":{"0":"post-12406","1":"product","2":"type-product","3":"status-publish","4":"has-post-thumbnail","6":"product_cat-pupillo-siracusa","8":"first","9":"instock","10":"taxable","11":"shipping-taxable","12":"purchasable","13":"product-type-simple"},"jetpack_sharing_enabled":true,"_links":{"self":[{"href":"https:\/\/www.enotecailbarocco.it\/en\/wp-json\/wp\/v2\/product\/12406"}],"collection":[{"href":"https:\/\/www.enotecailbarocco.it\/en\/wp-json\/wp\/v2\/product"}],"about":[{"href":"https:\/\/www.enotecailbarocco.it\/en\/wp-json\/wp\/v2\/types\/product"}],"wp:featuredmedia":[{"embeddable":true,"href":"https:\/\/www.enotecailbarocco.it\/en\/wp-json\/wp\/v2\/media\/12407"}],"wp:attachment":[{"href":"https:\/\/www.enotecailbarocco.it\/en\/wp-json\/wp\/v2\/media?parent=12406"}],"wp:term":[{"taxonomy":"product_cat","embeddable":true,"href":"https:\/\/www.enotecailbarocco.it\/en\/wp-json\/wp\/v2\/product_cat?post=12406"},{"taxonomy":"product_tag","embeddable":true,"href":"https:\/\/www.enotecailbarocco.it\/en\/wp-json\/wp\/v2\/product_tag?post=12406"}],"curies":[{"name":"wp","href":"https:\/\/api.w.org\/{rel}","templated":true}]}}