{"id":1100,"date":"2018-03-02T15:27:20","date_gmt":"2018-03-02T14:27:20","guid":{"rendered":"https:\/\/www.enotecailbarocco.it\/product\/passorosso\/"},"modified":"2025-12-09T22:08:40","modified_gmt":"2025-12-09T21:08:40","slug":"passopisciaro","status":"publish","type":"product","link":"https:\/\/www.enotecailbarocco.it\/en\/product\/passopisciaro\/","title":{"rendered":"Passorosso","raw":"Passorosso"},"content":{"rendered":"<p>Variet\u00e0: Nerello Mascalese dalle contrade di Arcuria, Malpasso, Favazza, Guardiola e Feudo di mezzo vendemmiato dal 24 ottobre al 5 novembre 2011<\/p>\n<p>Vigneti: Densit\u00e0 di circa 8.000 piante per ettaro<\/p>\n<p>Et\u00e0 delle vigne: tra 70 &nbsp;e 100 anni<\/p>\n<p>Altitudine: tra 500 e 1100 metri<\/p>\n<p>Resa 42 hl\/ha<\/p>\n<p>Fertilizzazione: Nessuna<\/p>\n<p>Trattamenti: polvere di zolfo, argille, propoli, estratto di semi di pompelmo<\/p>\n<p>Vinificazione: Fermentazione alcolica per 15 giorno circa<\/p>\n<p>Invecchiamento: In botti grandi di rovere per circa 18 mesi<\/p>\n<p>Produzione: 31000 bottiglie<\/p>\n<p>Imbottigliamento: Aprile 2013<\/p>\n","protected":false,"raw":"<p>Variet\u00e0: Nerello Mascalese dalle contrade di Arcuria, Malpasso, Favazza, Guardiola e Feudo di mezzo vendemmiato dal 24 ottobre al 5 novembre 2011<\/p>\r\n<p>Vigneti: Densit\u00e0 di circa 8.000 piante per ettaro<\/p>\r\n<p>Et\u00e0 delle vigne: tra 70 &nbsp;e 100 anni<\/p>\r\n<p>Altitudine: tra 500 e 1100 metri<\/p>\r\n<p>Resa 42 hl\/ha<\/p>\r\n<p>Fertilizzazione: Nessuna<\/p>\r\n<p>Trattamenti: polvere di zolfo, argille, propoli, estratto di semi di pompelmo<\/p>\r\n<p>Vinificazione: Fermentazione alcolica per 15 giorno circa<\/p>\r\n<p>Invecchiamento: In botti grandi di rovere per circa 18 mesi<\/p>\r\n<p>Produzione: 31000 bottiglie<\/p>\r\n<p>Imbottigliamento: Aprile 2013<\/p>"},"excerpt":{"rendered":"Variet\u00e0: Nerello Mascalese dalle contrade di Arcuria, Malpasso, Favazza, Guardiola e Feudo di mezzo Vigneti: Densit\u00e0 di circa 8.000 piante per ettaro Et\u00e0 delle vigne: tra 70 \u00a0e 100 anni Altitudine: tra 500 e 1100 metri Resa 42 hl\/ha Fertilizzazione: Nessuna Trattamenti: polvere di zolfo, argille, propoli, estratto di semi di pompelmo Vinificazione: Fermentazione alcolica [...]","protected":false,"raw":""},"featured_media":3773,"template":"","meta":{"_it_post_content":"Variet\u00e0: Nerello Mascalese dalle contrade di Arcuria, Malpasso, Favazza, Guardiola e Feudo di mezzo\r\n\r\nVigneti: Densit\u00e0 di circa 8.000 piante per ettaro\r\n\r\nEt\u00e0 delle vigne: tra 70 \u00a0e 100 anni\r\n\r\nAltitudine: tra 500 e 1100 metri\r\n\r\nResa 42 hl\/ha\r\n\r\nFertilizzazione: Nessuna\r\n\r\nTrattamenti: polvere di zolfo, argille, propoli, estratto di semi di pompelmo\r\n\r\nVinificazione: Fermentazione alcolica per 15 giorno circa\r\n\r\nInvecchiamento: In botti grandi di rovere per circa 18 mesi","_it_post_name":"passorosso","_it_post_excerpt":"","_it_post_title":"Passorosso 75 cl","_en_post_content":"<p>Variet\u00e0: Nerello Mascalese dalle contrade di Arcuria, Malpasso, Favazza, Guardiola e Feudo di mezzo vendemmiato dal 24 ottobre al 5 novembre 2011<\/p>\r\n<p>Vigneti: Densit\u00e0 di circa 8.000 piante per ettaro<\/p>\r\n<p>Et\u00e0 delle vigne: tra 70 &nbsp;e 100 anni<\/p>\r\n<p>Altitudine: tra 500 e 1100 metri<\/p>\r\n<p>Resa 42 hl\/ha<\/p>\r\n<p>Fertilizzazione: Nessuna<\/p>\r\n<p>Trattamenti: polvere di zolfo, argille, propoli, estratto di semi di pompelmo<\/p>\r\n<p>Vinificazione: Fermentazione alcolica per 15 giorno circa<\/p>\r\n<p>Invecchiamento: In botti grandi di rovere per circa 18 mesi<\/p>\r\n<p>Produzione: 31000 bottiglie<\/p>\r\n<p>Imbottigliamento: Aprile 2013<\/p>","_en_post_name":"passopisciaro","_en_post_excerpt":"","_en_post_title":"Passorosso","_fr_post_content":"","_fr_post_name":"","_fr_post_excerpt":"","_fr_post_title":"","_de_post_content":"","_de_post_name":"","_de_post_excerpt":"","_de_post_title":"","edit_language":"en"},"product_cat":[209,123],"product_tag":[],"class_list":{"0":"post-1100","1":"product","2":"type-product","3":"status-publish","4":"has-post-thumbnail","6":"product_cat-vini","7":"product_cat-passopisciaro-catania","9":"first","10":"instock","11":"taxable","12":"shipping-taxable","13":"purchasable","14":"product-type-simple"},"jetpack_sharing_enabled":true,"_links":{"self":[{"href":"https:\/\/www.enotecailbarocco.it\/en\/wp-json\/wp\/v2\/product\/1100"}],"collection":[{"href":"https:\/\/www.enotecailbarocco.it\/en\/wp-json\/wp\/v2\/product"}],"about":[{"href":"https:\/\/www.enotecailbarocco.it\/en\/wp-json\/wp\/v2\/types\/product"}],"wp:featuredmedia":[{"embeddable":true,"href":"https:\/\/www.enotecailbarocco.it\/en\/wp-json\/wp\/v2\/media\/3773"}],"wp:attachment":[{"href":"https:\/\/www.enotecailbarocco.it\/en\/wp-json\/wp\/v2\/media?parent=1100"}],"wp:term":[{"taxonomy":"product_cat","embeddable":true,"href":"https:\/\/www.enotecailbarocco.it\/en\/wp-json\/wp\/v2\/product_cat?post=1100"},{"taxonomy":"product_tag","embeddable":true,"href":"https:\/\/www.enotecailbarocco.it\/en\/wp-json\/wp\/v2\/product_tag?post=1100"}],"curies":[{"name":"wp","href":"https:\/\/api.w.org\/{rel}","templated":true}]}}