{"id":1064,"date":"2018-03-02T15:27:12","date_gmt":"2018-03-02T14:27:12","guid":{"rendered":"https:\/\/www.enotecailbarocco.it\/product\/pietranera\/"},"modified":"2025-12-11T15:39:52","modified_gmt":"2025-12-11T14:39:52","slug":"pietra-nera","status":"publish","type":"product","link":"https:\/\/www.enotecailbarocco.it\/en\/product\/pietra-nera\/","title":{"rendered":"Pietra Nera","raw":"Pietra Nera"},"content":{"rendered":"<p>Pietra Nera<br \/>Prezzo: Euro 21.00<\/p>\n<p>Descrizione: simbolo della natura lavica dell&#8217;isola di Pantelleria, \u00e8 un vino che si pone in antitesi alla produzione tipica del Moscato di Pantelleria, a dimostrazione delle rivoluzionarie potenzialit\u00e0 dello Zibibbo (Moscatellone d&#8217;Alessandria). Prodotto dall&#8217;omonima azienda Bukkuram di propriet\u00e0 dei De Bartoli, \u00e8 raccolto a fine agosto con una buona acidit\u00e0 ed un equilibrato tenore zuccherino, e viene quindi diraspato e macerato per 24 ore ad una temperatura di 8\u00b0 C., per esaltare le prerogative aromatiche insite nel vitigno. Come risultato si ottiene un vino secco dall&#8217;intenso complesso aromatico che viene immesso nel mercato entro i primi sei mesi dalla produzione. La inusuale solidit\u00e0 della struttura del vino consente un lungo affinamento in bottiglia. Ha una versatile predisposizione per i piatti tipici mediterranei, nonch\u00e9 per i formaggi a pasta molle<\/p>\n<p>Tipologia: bianco secco e aromatico<br \/>Classificazione: Sicilia Indicazione Geografica Tipica<br \/>Variet\u00e0: Zibibbo (moscato di Alessandria) 100%<br \/>Territorio: C\/da Cufur\u00e0 a 350 m SLM \u2013 Isola di Pantelleria<br \/>Vendemmia: 2 \/ 4 Settembre<br \/>Vinificazione: macerazione a freddo con le bucce e fermentazione a T\u00b0 controllata in acciaio<br \/>Evoluzione: 6 mesi in acciaio<br \/>Abbinamenti gastronomici: ottimo come aperitivo, si abbina a zuppe di pesce, Cous Cous, pesci in umido e crudi, ottimo con piatti piccanti e crostacei<\/p>\n","protected":false,"raw":"<p>Pietra Nera<br \/>Prezzo: Euro 21.00<\/p>\r\n<p>Descrizione: simbolo della natura lavica dell'isola di Pantelleria, \u00e8 un vino che si pone in antitesi alla produzione tipica del Moscato di Pantelleria, a dimostrazione delle rivoluzionarie potenzialit\u00e0 dello Zibibbo (Moscatellone d'Alessandria). Prodotto dall'omonima azienda Bukkuram di propriet\u00e0 dei De Bartoli, \u00e8 raccolto a fine agosto con una buona acidit\u00e0 ed un equilibrato tenore zuccherino, e viene quindi diraspato e macerato per 24 ore ad una temperatura di 8\u00b0 C., per esaltare le prerogative aromatiche insite nel vitigno. Come risultato si ottiene un vino secco dall'intenso complesso aromatico che viene immesso nel mercato entro i primi sei mesi dalla produzione. La inusuale solidit\u00e0 della struttura del vino consente un lungo affinamento in bottiglia. Ha una versatile predisposizione per i piatti tipici mediterranei, nonch\u00e9 per i formaggi a pasta molle<br \/> <br \/>Tipologia: bianco secco e aromatico<br \/>Classificazione: Sicilia Indicazione Geografica Tipica<br \/>Variet\u00e0: Zibibbo (moscato di Alessandria) 100%<br \/>Territorio: C\/da Cufur\u00e0 a 350 m SLM \u2013 Isola di Pantelleria<br \/>Vendemmia: 2 \/ 4 Settembre<br \/>Vinificazione: macerazione a freddo con le bucce e fermentazione a T\u00b0 controllata in acciaio<br \/>Evoluzione: 6 mesi in acciaio<br \/>Abbinamenti gastronomici: ottimo come aperitivo, si abbina a zuppe di pesce, Cous Cous, pesci in umido e crudi, ottimo con piatti piccanti e crostacei<\/p>"},"excerpt":{"rendered":"Descrizione: simbolo della natura lavica dell'isola di Pantelleria, \u00e8 un vino che si pone in antitesi alla produzione tipica del Moscato di Pantelleria, a dimostrazione delle rivoluzionarie potenzialit\u00e0 dello Zibibbo (Moscatellone d'Alessandria). Prodotto dall'omonima azienda Bukkuram di propriet\u00e0 dei De Bartoli, \u00e8 raccolto a fine agosto con una buona acidit\u00e0 ed un equilibrato tenore zuccherino, [...]","protected":false,"raw":""},"featured_media":1071,"template":"","meta":{"_it_post_content":"Descrizione: simbolo della natura lavica dell'isola di Pantelleria, \u00e8 un vino che si pone in antitesi alla produzione tipica del Moscato di Pantelleria, a dimostrazione delle rivoluzionarie potenzialit\u00e0 dello Zibibbo (Moscatellone d'Alessandria). Prodotto dall'omonima azienda Bukkuram di propriet\u00e0 dei De Bartoli, \u00e8 raccolto a fine agosto con una buona acidit\u00e0 ed un equilibrato tenore zuccherino, e viene quindi diraspato e macerato per 24 ore ad una temperatura di 8\u00b0 C., per esaltare le prerogative aromatiche insite nel vitigno. Come risultato si ottiene un vino secco dall'intenso complesso aromatico che viene immesso nel mercato entro i primi sei mesi dalla produzione. La inusuale solidit\u00e0 della struttura del vino consente un lungo affinamento in bottiglia. Ha una versatile predisposizione per i piatti tipici mediterranei, nonch\u00e9 per i formaggi a pasta molle\r\n\r\nTipologia: bianco secco e aromatico\r\nClassificazione: Sicilia Indicazione Geografica Tipica\r\nVariet\u00e0: Zibibbo (moscato di Alessandria) 100%\r\nTerritorio: C\/da Cufur\u00e0 a 350 m SLM \u2013 Isola di Pantelleria\r\nVendemmia: 2 \/ 4 Settembre\r\nVinificazione: macerazione a freddo con le bucce e fermentazione a T\u00b0 controllata in acciaio\r\nEvoluzione: 6 mesi in acciaio\r\nAbbinamenti gastronomici: ottimo come aperitivo, si abbina a zuppe di pesce, Cous Cous, pesci in umido e crudi, ottimo con piatti piccanti e crostacei","_it_post_name":"pietranera","_it_post_excerpt":"","_it_post_title":"Pietranera 75 cl","_en_post_content":"<p>Pietra Nera<br \/>Prezzo: Euro 21.00<\/p>\r\n<p>Descrizione: simbolo della natura lavica dell'isola di Pantelleria, \u00e8 un vino che si pone in antitesi alla produzione tipica del Moscato di Pantelleria, a dimostrazione delle rivoluzionarie potenzialit\u00e0 dello Zibibbo (Moscatellone d'Alessandria). Prodotto dall'omonima azienda Bukkuram di propriet\u00e0 dei De Bartoli, \u00e8 raccolto a fine agosto con una buona acidit\u00e0 ed un equilibrato tenore zuccherino, e viene quindi diraspato e macerato per 24 ore ad una temperatura di 8\u00b0 C., per esaltare le prerogative aromatiche insite nel vitigno. Come risultato si ottiene un vino secco dall'intenso complesso aromatico che viene immesso nel mercato entro i primi sei mesi dalla produzione. La inusuale solidit\u00e0 della struttura del vino consente un lungo affinamento in bottiglia. Ha una versatile predisposizione per i piatti tipici mediterranei, nonch\u00e9 per i formaggi a pasta molle<br \/> <br \/>Tipologia: bianco secco e aromatico<br \/>Classificazione: Sicilia Indicazione Geografica Tipica<br \/>Variet\u00e0: Zibibbo (moscato di Alessandria) 100%<br \/>Territorio: C\/da Cufur\u00e0 a 350 m SLM \u2013 Isola di Pantelleria<br \/>Vendemmia: 2 \/ 4 Settembre<br \/>Vinificazione: macerazione a freddo con le bucce e fermentazione a T\u00b0 controllata in acciaio<br \/>Evoluzione: 6 mesi in acciaio<br \/>Abbinamenti gastronomici: ottimo come aperitivo, si abbina a zuppe di pesce, Cous Cous, pesci in umido e crudi, ottimo con piatti piccanti e crostacei<\/p>","_en_post_name":"pietra-nera","_en_post_excerpt":"","_en_post_title":"Pietra Nera","_fr_post_content":"","_fr_post_name":"","_fr_post_excerpt":"","_fr_post_title":"","_de_post_content":"","_de_post_name":"","_de_post_excerpt":"","_de_post_title":"","edit_language":"en"},"product_cat":[209,119],"product_tag":[],"class_list":{"0":"post-1064","1":"product","2":"type-product","3":"status-publish","4":"has-post-thumbnail","6":"product_cat-vini","7":"product_cat-marco-de-bartoli-trapani","9":"first","10":"instock","11":"taxable","12":"shipping-taxable","13":"purchasable","14":"product-type-simple"},"jetpack_sharing_enabled":true,"_links":{"self":[{"href":"https:\/\/www.enotecailbarocco.it\/en\/wp-json\/wp\/v2\/product\/1064"}],"collection":[{"href":"https:\/\/www.enotecailbarocco.it\/en\/wp-json\/wp\/v2\/product"}],"about":[{"href":"https:\/\/www.enotecailbarocco.it\/en\/wp-json\/wp\/v2\/types\/product"}],"wp:featuredmedia":[{"embeddable":true,"href":"https:\/\/www.enotecailbarocco.it\/en\/wp-json\/wp\/v2\/media\/1071"}],"wp:attachment":[{"href":"https:\/\/www.enotecailbarocco.it\/en\/wp-json\/wp\/v2\/media?parent=1064"}],"wp:term":[{"taxonomy":"product_cat","embeddable":true,"href":"https:\/\/www.enotecailbarocco.it\/en\/wp-json\/wp\/v2\/product_cat?post=1064"},{"taxonomy":"product_tag","embeddable":true,"href":"https:\/\/www.enotecailbarocco.it\/en\/wp-json\/wp\/v2\/product_tag?post=1064"}],"curies":[{"name":"wp","href":"https:\/\/api.w.org\/{rel}","templated":true}]}}