{"id":1057,"date":"2018-03-02T15:27:10","date_gmt":"2018-03-02T14:27:10","guid":{"rendered":"https:\/\/www.enotecailbarocco.it\/product\/hiera\/"},"modified":"2026-01-09T20:03:12","modified_gmt":"2026-01-09T19:03:12","slug":"hiera","status":"publish","type":"product","link":"https:\/\/www.enotecailbarocco.it\/en\/product\/hiera\/","title":{"rendered":"Hier\u00e0","raw":"Hier\u00e0"},"content":{"rendered":"<p>Il nome del vino \u00e8 una vecchia denominazione greca dell&#8217;isola di Vulcano che significa &#8220;isola sacra&#8221; mentre l&#8217;etichetta \u00e8 la&nbsp;riproduzione di un quadro di Carlo Hauner sr. del 1978, che riproduce la sciara del fuoco di Stromboli.<\/p>\n<p>Uve: Calabrese 60%, Alicante 30% e Ocera 10%<br \/>Colore: Rosso rubino intenso<br \/>Profumo: Aromi di piccoli frutti rossi e delicati sentori di tabacco e cacao, con piacevoli note minerali e saline di onda di mare.<br \/>Gusto Armonico e vellutato, con tannini dolci e un finale sapido.<br \/>Abbinamenti: ottimo con tonno fresco con salsa di capperi, Carne arrosto-grigliata, carne bianca in umido, formaggi stagionati, stuzzichini, tartare-carpaccio di pesce, Sushi.<br \/>Alcol 14%<\/p>\n","protected":false,"raw":"<p>Il nome del vino \u00e8 una vecchia denominazione greca dell'isola di Vulcano che significa \"isola sacra\" mentre l'etichetta \u00e8 la&nbsp;riproduzione di un quadro di Carlo Hauner sr. del 1978, che riproduce la sciara del fuoco di Stromboli.<\/p>\r\n<p>Uve: Calabrese 60%, Alicante 30% e Ocera 10%<br \/>Colore: Rosso rubino intenso<br \/>Profumo: Aromi di piccoli frutti rossi e delicati sentori di tabacco e cacao, con piacevoli note minerali e saline di onda di mare.<br \/>Gusto Armonico e vellutato, con tannini dolci e un finale sapido.<br \/>Abbinamenti: ottimo con tonno fresco con salsa di capperi, Carne arrosto-grigliata, carne bianca in umido, formaggi stagionati, stuzzichini, tartare-carpaccio di pesce, Sushi.<br \/>Alcol 14%<\/p>"},"excerpt":{"rendered":"Il nome del vino \u00e8 una vecchia denominazione greca dell'isola di Vulcano che significa \"isola sacra\" mentre l'etichetta \u00e8 la\u00a0riproduzione di un quadro di Carlo Hauner sr. del 1978, che riproduce la sciara del fuoco di Stromboli. Uve: Calabrese 60%, Alicante 30% e Nocera 10% Colore: Rosso rubino intenso Profumo: Aromi di piccoli frutti rossi [...]","protected":false,"raw":""},"featured_media":1065,"template":"","meta":{"_it_post_content":"Il nome del vino \u00e8 una vecchia denominazione greca dell'isola di Vulcano che significa \"isola sacra\" mentre l'etichetta \u00e8 la\u00a0riproduzione di un quadro di Carlo Hauner sr. del 1978, che riproduce la sciara del fuoco di Stromboli.\r\n\r\nUve: Calabrese 60%, Alicante 30% e Nocera 10%\r\nColore: Rosso rubino intenso\r\nProfumo: Aromi di piccoli frutti rossi e delicati sentori di tabacco e cacao, con piacevoli note minerali e saline di onda di mare.\r\nGusto Armonico e vellutato, con tannini dolci e un finale sapido.\r\nAbbinamenti: ottimo con tonno fresco con salsa di capperi, Carne arrosto-grigliata, carne bianca in umido, formaggi stagionati, stuzzichini, tartare-carpaccio di pesce, Sushi.\r\nAlcol 14%","_it_post_name":"hiera","_it_post_excerpt":"","_it_post_title":"Hier\u00e0 75 cl","_en_post_content":"<p>Il nome del vino \u00e8 una vecchia denominazione greca dell'isola di Vulcano che significa \"isola sacra\" mentre l'etichetta \u00e8 la&nbsp;riproduzione di un quadro di Carlo Hauner sr. del 1978, che riproduce la sciara del fuoco di Stromboli.<\/p>\r\n<p>Uve: Calabrese 60%, Alicante 30% e Ocera 10%<br \/>Colore: Rosso rubino intenso<br \/>Profumo: Aromi di piccoli frutti rossi e delicati sentori di tabacco e cacao, con piacevoli note minerali e saline di onda di mare.<br \/>Gusto Armonico e vellutato, con tannini dolci e un finale sapido.<br \/>Abbinamenti: ottimo con tonno fresco con salsa di capperi, Carne arrosto-grigliata, carne bianca in umido, formaggi stagionati, stuzzichini, tartare-carpaccio di pesce, Sushi.<br \/>Alcol 14%<\/p>","_en_post_name":"hiera","_en_post_excerpt":"","_en_post_title":"Hier\u00e0","_fr_post_content":"","_fr_post_name":"","_fr_post_excerpt":"","_fr_post_title":"","_de_post_content":"","_de_post_name":"","_de_post_excerpt":"","_de_post_title":"","edit_language":"en"},"product_cat":[209,118],"product_tag":[],"class_list":{"0":"post-1057","1":"product","2":"type-product","3":"status-publish","4":"has-post-thumbnail","6":"product_cat-vini","7":"product_cat-hauner-messina","9":"first","10":"instock","11":"taxable","12":"shipping-taxable","13":"purchasable","14":"product-type-simple"},"jetpack_sharing_enabled":true,"_links":{"self":[{"href":"https:\/\/www.enotecailbarocco.it\/en\/wp-json\/wp\/v2\/product\/1057"}],"collection":[{"href":"https:\/\/www.enotecailbarocco.it\/en\/wp-json\/wp\/v2\/product"}],"about":[{"href":"https:\/\/www.enotecailbarocco.it\/en\/wp-json\/wp\/v2\/types\/product"}],"wp:featuredmedia":[{"embeddable":true,"href":"https:\/\/www.enotecailbarocco.it\/en\/wp-json\/wp\/v2\/media\/1065"}],"wp:attachment":[{"href":"https:\/\/www.enotecailbarocco.it\/en\/wp-json\/wp\/v2\/media?parent=1057"}],"wp:term":[{"taxonomy":"product_cat","embeddable":true,"href":"https:\/\/www.enotecailbarocco.it\/en\/wp-json\/wp\/v2\/product_cat?post=1057"},{"taxonomy":"product_tag","embeddable":true,"href":"https:\/\/www.enotecailbarocco.it\/en\/wp-json\/wp\/v2\/product_tag?post=1057"}],"curies":[{"name":"wp","href":"https:\/\/api.w.org\/{rel}","templated":true}]}}