{"id":939,"date":"2018-03-02T15:26:42","date_gmt":"2018-03-02T14:26:42","guid":{"rendered":"https:\/\/www.enotecailbarocco.it\/product\/manene\/"},"modified":"2026-04-08T22:19:37","modified_gmt":"2026-04-08T20:19:37","slug":"","status":"publish","type":"product","link":"https:\/\/www.enotecailbarocco.it\/de\/produkt\/manene\/","title":{"rendered":"","raw":""},"content":{"rendered":"","protected":false,"raw":""},"excerpt":{"rendered":"Manene \u00e8 il nome del figlio di Paolo, o meglio \u00e8 il suono che assumeva il nome di Emanuele le prime volte che il bimbo lo pronunciava. Ed \u00e8 alla dolcezza di questo suono che ci si \u00e8 ispirati nel dare il nome al primo vino di questa nuova azienda. Classificazione del vino DOCG Cerasuolo [...]","protected":false,"raw":""},"featured_media":15679,"template":"","meta":{"_it_post_content":"Manene \u00e8 il nome del figlio di Paolo, o meglio \u00e8 il suono che assumeva il nome di Emanuele le prime volte che il bimbo lo pronunciava. Ed \u00e8 alla dolcezza di questo suono che ci si \u00e8 ispirati nel dare il nome al primo vino di questa nuova azienda.\r\n\r\nClassificazione del vino DOCG Cerasuolo di Vittoria Classico.\r\n\r\nBottiglia: 75 cl\r\n\r\nNome commerciale del vino Manene.\r\n\r\nVitigno Nero d\u2019avola (60%), Frappato (40%).\r\n\r\nZona di produzione Contrada salm\u00e8 \u2013 Vittoria (RG).\r\n\r\nTerreno Sabbie rosse.\r\n\r\nAnno di impianto 2001.\r\n\r\nResa per ettaro 80 q.li.\r\n\r\nAltimetria del vigneto m. 189 s.l.m.\r\n\r\nSistema di allevamento Controspalliera, cordone speronato.\r\n\r\nDensit\u00e0 di impianto 5100 piante per ettaro.\r\n\r\nEpoca di vendemmia Primi di Ottobre per il Nero d\u2019Avola, met\u00e0 Ottobre per il Frappato.\r\n\r\nColore Rosso ciliegia intenso. Profumo Fruttato con note di ciliegia, melograno, frutti di bosco.\r\n\r\nSapore Gentilmente tannico con buona acidit\u00e0, molti sapori si fondono al palato; rotondo, fresco ed equilibrato.\r\n\r\nGradazione 13,5% vol.","_it_post_name":"manene","_it_post_excerpt":"","_it_post_title":"Manene Cerasuolo di Vittoria 75 cl","_en_post_content":"<p>Manene<br \/>Prezzo: Euro 14.00<\/p>\r\n<p>Manene \u00e8 il nome del figlio di Paolo, o meglio \u00e8 il suono che assumeva il nome di Emanuele le prime volte che il bimbo lo pronunciava. Ed \u00e8 alla dolcezza di questo suono che ci si \u00e8 ispirati nel dare il nome al primo vino di questa nuova azienda.<br \/> <br \/>Classificazione del vino DOCG Cerasuolo di Vittoria Classico.<br \/> <br \/>Nome commerciale del vino Manene.<br \/> <br \/>Vitigno Nero d\u2019avola (60%), Frappato (40%).<br \/> <br \/>Zona di produzione Contrada salm\u00e8 \u2013 Vittoria (RG).<br \/> <br \/>Terreno Sabbie rosse.<br \/> <br \/>Anno di impianto 2001.<br \/> <br \/>Resa per ettaro 80 q.li.<br \/> <br \/>Altimetria del vigneto m. 189 s.l.m.<br \/> <br \/>Sistema di allevamento Controspalliera, cordone speronato.<br \/> <br \/>Densit\u00e0 di impianto 5100 piante per ettaro.<br \/> <br \/>Epoca di vendemmia Primi di Ottobre per il Nero d\u2019Avola, met\u00e0 Ottobre per il Frappato.<br \/> <br \/>Colore Rosso ciliegia intenso. Profumo Fruttato con note di ciliegia, melograno, frutti di bosco.<br \/> <br \/>Sapore Gentilmente tannico con buona acidit\u00e0, molti sapori si fondono al palato; rotondo, fresco ed equilibrato.<br \/> <br \/>Gradazione 13,5% vol.<\/p>","_en_post_name":"manene","_en_post_excerpt":"","_en_post_title":"Manene","_fr_post_content":"","_fr_post_name":"","_fr_post_excerpt":"","_fr_post_title":"","_de_post_content":"","_de_post_name":"","_de_post_excerpt":"","_de_post_title":"","edit_language":"de"},"product_cat":[504,209,104],"product_tag":[],"class_list":{"0":"post-939","1":"product","2":"type-product","3":"status-publish","4":"has-post-thumbnail","6":"product_cat-cerasuolo-di-vittoria","7":"product_cat-vini","8":"product_cat-cali-ragusa","10":"first","11":"instock","12":"taxable","13":"shipping-taxable","14":"purchasable","15":"product-type-simple"},"jetpack_sharing_enabled":true,"_links":{"self":[{"href":"https:\/\/www.enotecailbarocco.it\/de\/wp-json\/wp\/v2\/product\/939"}],"collection":[{"href":"https:\/\/www.enotecailbarocco.it\/de\/wp-json\/wp\/v2\/product"}],"about":[{"href":"https:\/\/www.enotecailbarocco.it\/de\/wp-json\/wp\/v2\/types\/product"}],"wp:featuredmedia":[{"embeddable":true,"href":"https:\/\/www.enotecailbarocco.it\/de\/wp-json\/wp\/v2\/media\/15679"}],"wp:attachment":[{"href":"https:\/\/www.enotecailbarocco.it\/de\/wp-json\/wp\/v2\/media?parent=939"}],"wp:term":[{"taxonomy":"product_cat","embeddable":true,"href":"https:\/\/www.enotecailbarocco.it\/de\/wp-json\/wp\/v2\/product_cat?post=939"},{"taxonomy":"product_tag","embeddable":true,"href":"https:\/\/www.enotecailbarocco.it\/de\/wp-json\/wp\/v2\/product_tag?post=939"}],"curies":[{"name":"wp","href":"https:\/\/api.w.org\/{rel}","templated":true}]}}