{"id":9132,"date":"2020-08-24T14:54:42","date_gmt":"2020-08-24T12:54:42","guid":{"rendered":"https:\/\/www.enotecailbarocco.it\/prodotto\/\/"},"modified":"2025-12-22T11:08:34","modified_gmt":"2025-12-22T10:08:34","slug":"","status":"publish","type":"product","link":"https:\/\/www.enotecailbarocco.it\/de\/produkt\/busiate\/","title":{"rendered":"","raw":""},"content":{"rendered":"","protected":false,"raw":""},"excerpt":{"rendered":"Tipica della tradizione trapanese, la Busiata \u00e8 famosa per la sua caratteristica forma elicoidale. La nostra \u00e8 100% siciliana, 100% biologicia. Fatta con semola di Grani Antichi siciliani, \u00e8 trafilata al bronzo ed essiccata lentamente e a bassa temperatura. Una lavorazione artigianale, per una pasta d\u2019eccellenza.","protected":false,"raw":""},"featured_media":10930,"template":"","meta":{"_it_post_content":"Tipica della tradizione trapanese, la Busiata \u00e8 famosa per la sua caratteristica forma elicoidale. La nostra \u00e8 100% siciliana, 100% biologicia. Fatta con semola di Grani Antichi siciliani, \u00e8 trafilata al bronzo ed essiccata lentamente e a bassa temperatura. Una lavorazione artigianale, per una pasta d\u2019eccellenza.","_it_post_name":"busiate","_it_post_excerpt":"500g","_it_post_title":"Busiata Corta 500 g","_en_post_content":"","_en_post_name":"","_en_post_excerpt":"","_en_post_title":"","_fr_post_content":"","_fr_post_name":"","_fr_post_excerpt":"","_fr_post_title":"","_de_post_content":"","_de_post_name":"","_de_post_excerpt":"","_de_post_title":"","edit_language":"de"},"product_cat":[212,191],"product_tag":[],"class_list":{"0":"post-9132","1":"product","2":"type-product","3":"status-publish","4":"has-post-thumbnail","6":"product_cat-prodotti-tipici","7":"product_cat-pasta","9":"first","10":"instock","11":"taxable","12":"shipping-taxable","13":"purchasable","14":"product-type-simple"},"jetpack_sharing_enabled":true,"_links":{"self":[{"href":"https:\/\/www.enotecailbarocco.it\/de\/wp-json\/wp\/v2\/product\/9132"}],"collection":[{"href":"https:\/\/www.enotecailbarocco.it\/de\/wp-json\/wp\/v2\/product"}],"about":[{"href":"https:\/\/www.enotecailbarocco.it\/de\/wp-json\/wp\/v2\/types\/product"}],"wp:featuredmedia":[{"embeddable":true,"href":"https:\/\/www.enotecailbarocco.it\/de\/wp-json\/wp\/v2\/media\/10930"}],"wp:attachment":[{"href":"https:\/\/www.enotecailbarocco.it\/de\/wp-json\/wp\/v2\/media?parent=9132"}],"wp:term":[{"taxonomy":"product_cat","embeddable":true,"href":"https:\/\/www.enotecailbarocco.it\/de\/wp-json\/wp\/v2\/product_cat?post=9132"},{"taxonomy":"product_tag","embeddable":true,"href":"https:\/\/www.enotecailbarocco.it\/de\/wp-json\/wp\/v2\/product_tag?post=9132"}],"curies":[{"name":"wp","href":"https:\/\/api.w.org\/{rel}","templated":true}]}}