{"id":16425,"date":"2025-12-03T19:39:05","date_gmt":"2025-12-03T18:39:05","guid":{"rendered":"https:\/\/www.enotecailbarocco.it\/?post_type=product&#038;p=16425"},"modified":"2026-01-07T17:18:34","modified_gmt":"2026-01-07T16:18:34","slug":"","status":"publish","type":"product","link":"https:\/\/www.enotecailbarocco.it\/de\/produkt\/box-latta-ciokarrua-selezione-carrubato-di-sicilia\/","title":{"rendered":"","raw":""},"content":{"rendered":"","protected":false,"raw":""},"excerpt":{"rendered":"Il Carrubato di Sicilia \u00e8 la tavoletta alla carruba firmata Ciokarrua, frutto di anni di ricerca per valorizzare questo tipico frutto ibleo. Biologica, senza cacao in polvere n\u00e9 zuccheri aggiunti, \u00e8 arricchita da burro di cacao che le dona vellutatezza e propriet\u00e0 antiossidanti. Ricca di fibre e naturalmente dolce, sprigiona note di frutta matura, fichi, [...]","protected":false,"raw":""},"featured_media":16426,"template":"","meta":{"_it_post_content":"Il Carrubato di Sicilia \u00e8 la tavoletta alla carruba firmata Ciokarrua,\r\n\r\nfrutto di anni di ricerca per valorizzare questo tipico frutto ibleo.\r\n\r\nBiologica, senza cacao in polvere n\u00e9 zuccheri aggiunti, \u00e8 arricchita da burro di cacao che le dona vellutatezza e propriet\u00e0 antiossidanti.\r\n\r\nRicca di fibre e naturalmente dolce, sprigiona note di frutta matura, fichi, datteri e melassa.\r\n\r\nUn superfood innovativo adatto a bambini, a chi soffre di reflusso o irritabilit\u00e0 intestinale e, previa indicazione medica, anche ai diabetici.\r\n\r\nLa latta contiene:\r\nN. 1 Tavoletta Carrubato di Sicilia classico 50g\r\nN. 1 Tavoletta Carrubato di Sicilia scorze d\u2019arancia 50g\r\nN. 1 Tavolette Carrubato di Sicilia nocciole tostate 50g\r\nN. 1 Spalmabile Carrubato di Sicilia 180g\r\nN. 1 Frollini con gocce di Carrubato di Sicilia 130g\r\nN. 3 Lingotti Carrubato di Sicilia 15g","_it_post_name":"box-latta-ciokarrua-selezione-carrubato-di-sicilia","_it_post_excerpt":"","_it_post_title":"Box latta Ciokarrua selezione \u201cCarrubato di Sicilia\u201d","_en_post_content":"","_en_post_name":"","_en_post_excerpt":"","_en_post_title":"","_fr_post_content":"","_fr_post_name":"","_fr_post_excerpt":"","_fr_post_title":"","_de_post_content":"","_de_post_name":"","_de_post_excerpt":"","_de_post_title":"","edit_language":"de"},"product_cat":[519,501,126,537],"product_tag":[552,545,564,563,550,546,551,547,548],"class_list":{"0":"post-16425","1":"product","2":"type-product","3":"status-publish","4":"has-post-thumbnail","6":"product_cat-natale-2025","7":"product_cat-idee-regalo","8":"product_cat-dolci-e-biscotti","9":"product_cat-prodotti-alla-carruba","10":"product_tag-552","11":"product_tag-biscotti","12":"product_tag-carruba","13":"product_tag-ciokarrua","14":"product_tag-dolci","15":"product_tag-latta","16":"product_tag-natale","17":"product_tag-regalo","18":"product_tag-sicilia","20":"first","21":"outofstock","22":"taxable","23":"shipping-taxable","24":"purchasable","25":"product-type-simple"},"jetpack_sharing_enabled":true,"_links":{"self":[{"href":"https:\/\/www.enotecailbarocco.it\/de\/wp-json\/wp\/v2\/product\/16425"}],"collection":[{"href":"https:\/\/www.enotecailbarocco.it\/de\/wp-json\/wp\/v2\/product"}],"about":[{"href":"https:\/\/www.enotecailbarocco.it\/de\/wp-json\/wp\/v2\/types\/product"}],"wp:featuredmedia":[{"embeddable":true,"href":"https:\/\/www.enotecailbarocco.it\/de\/wp-json\/wp\/v2\/media\/16426"}],"wp:attachment":[{"href":"https:\/\/www.enotecailbarocco.it\/de\/wp-json\/wp\/v2\/media?parent=16425"}],"wp:term":[{"taxonomy":"product_cat","embeddable":true,"href":"https:\/\/www.enotecailbarocco.it\/de\/wp-json\/wp\/v2\/product_cat?post=16425"},{"taxonomy":"product_tag","embeddable":true,"href":"https:\/\/www.enotecailbarocco.it\/de\/wp-json\/wp\/v2\/product_tag?post=16425"}],"curies":[{"name":"wp","href":"https:\/\/api.w.org\/{rel}","templated":true}]}}