{"id":15350,"date":"2025-04-04T20:20:10","date_gmt":"2025-04-04T18:20:10","guid":{"rendered":"https:\/\/www.enotecailbarocco.it\/?post_type=product&#038;p=15350"},"modified":"2025-04-04T20:22:09","modified_gmt":"2025-04-04T18:22:09","slug":"","status":"publish","type":"product","link":"https:\/\/www.enotecailbarocco.it\/de\/produkt\/grottafumata-lato-sud-carricante-75cl\/","title":{"rendered":"","raw":""},"content":{"rendered":"","protected":false,"raw":""},"excerpt":{"rendered":"L\u2019Azienda Agricola Grottafumata \u00e8 stata fondata nel 2015 da Mauro Cutuli e Mariangela Prestifilippo e si trova nella Contrada Grottafumata nel comune di Randazzo in provincia di Catania, proprio sulle pendici dell\u2019Etna. I vini naturali di Grottafumata seguono il rispetto dell\u2019ambiente e senza ricorrere a prodotti chimici ed evocano libert\u00e0 e vitalit\u00e0, non venendo in [...]","protected":false,"raw":""},"featured_media":15347,"template":"","meta":{"_it_post_content":"L\u2019Azienda Agricola Grottafumata \u00e8 stata fondata nel 2015 da Mauro Cutuli e Mariangela Prestifilippo e si trova nella Contrada Grottafumata nel comune di Randazzo in provincia di Catania, proprio sulle pendici dell\u2019Etna.\r\n\r\nI vini naturali di Grottafumata seguono il rispetto dell\u2019ambiente e senza ricorrere a prodotti chimici ed evocano libert\u00e0 e vitalit\u00e0, non venendo in alcun modo filtrati n\u00e9 chiarificati. Le etichette pi\u00f9 importanti sono: l\u2019Etna Rosso Doc e l\u2019Etna Bianco Doc.\r\n\r\nQui l\u2019assoluta particolarit\u00e0 del terroir, fatto di detriti delle eruzioni dell\u2019Etna, d\u00e0 ai prodotti che ne nascono (vino o oli che siano) quell\u2019originale timbro minerale che le segna univocamente.","_it_post_name":"grottafumata-lato-sud-carricante-75cl","_it_post_excerpt":"","_it_post_title":"Grottafumata Lato Sud Carricante 75cl","_en_post_content":"","_en_post_name":"","_en_post_excerpt":"","_en_post_title":"","_fr_post_content":"","_fr_post_name":"","_fr_post_excerpt":"","_fr_post_title":"","_de_post_content":"","_de_post_name":"","_de_post_excerpt":"","_de_post_title":"","edit_language":"de"},"product_cat":[525],"product_tag":[],"class_list":{"0":"post-15350","1":"product","2":"type-product","3":"status-publish","4":"has-post-thumbnail","6":"product_cat-vini-naturali","8":"first","9":"instock","10":"taxable","11":"shipping-taxable","12":"purchasable","13":"product-type-simple"},"jetpack_sharing_enabled":true,"_links":{"self":[{"href":"https:\/\/www.enotecailbarocco.it\/de\/wp-json\/wp\/v2\/product\/15350"}],"collection":[{"href":"https:\/\/www.enotecailbarocco.it\/de\/wp-json\/wp\/v2\/product"}],"about":[{"href":"https:\/\/www.enotecailbarocco.it\/de\/wp-json\/wp\/v2\/types\/product"}],"wp:featuredmedia":[{"embeddable":true,"href":"https:\/\/www.enotecailbarocco.it\/de\/wp-json\/wp\/v2\/media\/15347"}],"wp:attachment":[{"href":"https:\/\/www.enotecailbarocco.it\/de\/wp-json\/wp\/v2\/media?parent=15350"}],"wp:term":[{"taxonomy":"product_cat","embeddable":true,"href":"https:\/\/www.enotecailbarocco.it\/de\/wp-json\/wp\/v2\/product_cat?post=15350"},{"taxonomy":"product_tag","embeddable":true,"href":"https:\/\/www.enotecailbarocco.it\/de\/wp-json\/wp\/v2\/product_tag?post=15350"}],"curies":[{"name":"wp","href":"https:\/\/api.w.org\/{rel}","templated":true}]}}