{"id":13668,"date":"2023-10-24T10:45:03","date_gmt":"2023-10-24T08:45:03","guid":{"rendered":"https:\/\/www.enotecailbarocco.it\/?post_type=product&#038;p=13668"},"modified":"2025-10-09T18:08:23","modified_gmt":"2025-10-09T16:08:23","slug":"","status":"publish","type":"product","link":"https:\/\/www.enotecailbarocco.it\/de\/produkt\/giotto-bini-serragghia-zibibbo-secco-75cl\/","title":{"rendered":"","raw":""},"content":{"rendered":"","protected":false,"raw":""},"excerpt":{"rendered":"Lo Zibibbo Serragghia di Giotto Bini \u00e8 un vino bianco aromatico vinificato secco. Figlio di una terra selvaggia, \u00e8 la perfetta sintesi tra macerazione e finezza aromatica, tra una trama giustamente tannica e agilit\u00e0 tagliente, tra beva e un finale lunghissimo. Un vino di struggente bellezza. E' un vino a tutto pasto e a tutto [...]","protected":false,"raw":""},"featured_media":13669,"template":"","meta":{"_it_post_content":"Lo Zibibbo Serragghia di Giotto Bini \u00e8 un vino bianco aromatico vinificato secco. Figlio di una terra selvaggia, \u00e8 la perfetta sintesi tra macerazione e finezza aromatica, tra una trama giustamente tannica e agilit\u00e0 tagliente, tra beva e un finale lunghissimo. Un vino di struggente bellezza.\r\n\r\nE' un vino a tutto pasto e a tutto giorno: accondiscendente al risveglio, appagante a met\u00e0 mattina, nutriente per il pranzo, disinvolto al pomeriggio, promettente per l\u2019aperitivo, elegante per la cena, ipnotico nel dopo cena, dissetante nella notte, complice prima, durante e dopo l\u2019amore.","_it_post_name":"giotto-bini-serragghia-zibibbo-secco-75cl","_it_post_excerpt":"","_it_post_title":"Giotto Bini Serragghia Zibibbo Secco 75cl","_en_post_content":"","_en_post_name":"","_en_post_excerpt":"","_en_post_title":"","_fr_post_content":"","_fr_post_name":"","_fr_post_excerpt":"","_fr_post_title":"","_de_post_content":"","_de_post_name":"","_de_post_excerpt":"","_de_post_title":"","edit_language":"de"},"product_cat":[525,473],"product_tag":[],"class_list":{"0":"post-13668","1":"product","2":"type-product","3":"status-publish","4":"has-post-thumbnail","6":"product_cat-vini-naturali","7":"product_cat-giotto-bini-pantelleria","9":"first","10":"instock","11":"taxable","12":"shipping-taxable","13":"purchasable","14":"product-type-simple"},"jetpack_sharing_enabled":true,"_links":{"self":[{"href":"https:\/\/www.enotecailbarocco.it\/de\/wp-json\/wp\/v2\/product\/13668"}],"collection":[{"href":"https:\/\/www.enotecailbarocco.it\/de\/wp-json\/wp\/v2\/product"}],"about":[{"href":"https:\/\/www.enotecailbarocco.it\/de\/wp-json\/wp\/v2\/types\/product"}],"wp:featuredmedia":[{"embeddable":true,"href":"https:\/\/www.enotecailbarocco.it\/de\/wp-json\/wp\/v2\/media\/13669"}],"wp:attachment":[{"href":"https:\/\/www.enotecailbarocco.it\/de\/wp-json\/wp\/v2\/media?parent=13668"}],"wp:term":[{"taxonomy":"product_cat","embeddable":true,"href":"https:\/\/www.enotecailbarocco.it\/de\/wp-json\/wp\/v2\/product_cat?post=13668"},{"taxonomy":"product_tag","embeddable":true,"href":"https:\/\/www.enotecailbarocco.it\/de\/wp-json\/wp\/v2\/product_tag?post=13668"}],"curies":[{"name":"wp","href":"https:\/\/api.w.org\/{rel}","templated":true}]}}