{"id":13012,"date":"2022-12-07T21:35:01","date_gmt":"2022-12-07T20:35:01","guid":{"rendered":"https:\/\/www.enotecailbarocco.it\/?post_type=product&#038;p=13012"},"modified":"2025-12-04T17:50:16","modified_gmt":"2025-12-04T16:50:16","slug":"","status":"publish","type":"product","link":"https:\/\/www.enotecailbarocco.it\/de\/produkt\/marmellata-di-arancia-bionda-280g\/","title":{"rendered":"","raw":""},"content":{"rendered":"","protected":false,"raw":""},"excerpt":{"rendered":"Ingredienti Arance bionde (polpa e succo al 120%), zucchero, scorze d\u2019arancia. Descrizione prodotto La marmellata di arance rosse \u201cAgrirape\u201d \u00e8 ottenuta da arance coltivate nel comprensorio delle province di Enna e Catania, da agrumeti tradizionali e con le variet\u00e0 \u201cTarocco\u201d e \u201cMoro\u201d. Si tratta di antiche variet\u00e0 locali che forniscono al frutto una tipica pigmentazione [...]","protected":false,"raw":""},"featured_media":13009,"template":"","meta":{"_it_post_content":"<strong>Ingredienti<\/strong>\r\nArance bionde (polpa e succo al 120%), zucchero, scorze d\u2019arancia.\r\n\r\n<strong>Descrizione prodotto<\/strong>\r\nLa marmellata di arance rosse \u201cAgrirape\u201d \u00e8 ottenuta da arance coltivate nel comprensorio delle province di Enna e Catania, da agrumeti tradizionali e con le variet\u00e0 \u201cTarocco\u201d e \u201cMoro\u201d. Si tratta di antiche variet\u00e0 locali che forniscono al frutto una tipica pigmentazione rossa, dovuta alle variet\u00e0 e al particolare clima, che risente delle forti escursioni termiche tra giorno e notte. Tutto ci\u00f2 produce delle arance dalle caratteristiche organolettiche e nutrizionali eccezionali, grazie alla presenza degli antiossidanti naturalmente presenti nelle arance a polpa rossa.","_it_post_name":"marmellata-di-arancia-bionda-280g","_it_post_excerpt":"","_it_post_title":"Marmellata di Arancia Bionda 280g","_en_post_content":"","_en_post_name":"","_en_post_excerpt":"","_en_post_title":"","_fr_post_content":"","_fr_post_name":"","_fr_post_excerpt":"","_fr_post_title":"","_de_post_content":"","_de_post_name":"","_de_post_excerpt":"","_de_post_title":"","edit_language":"de"},"product_cat":[132],"product_tag":[],"class_list":{"0":"post-13012","1":"product","2":"type-product","3":"status-publish","4":"has-post-thumbnail","6":"product_cat-marmellate","8":"first","9":"instock","10":"taxable","11":"shipping-taxable","12":"purchasable","13":"product-type-simple"},"jetpack_sharing_enabled":true,"_links":{"self":[{"href":"https:\/\/www.enotecailbarocco.it\/de\/wp-json\/wp\/v2\/product\/13012"}],"collection":[{"href":"https:\/\/www.enotecailbarocco.it\/de\/wp-json\/wp\/v2\/product"}],"about":[{"href":"https:\/\/www.enotecailbarocco.it\/de\/wp-json\/wp\/v2\/types\/product"}],"wp:featuredmedia":[{"embeddable":true,"href":"https:\/\/www.enotecailbarocco.it\/de\/wp-json\/wp\/v2\/media\/13009"}],"wp:attachment":[{"href":"https:\/\/www.enotecailbarocco.it\/de\/wp-json\/wp\/v2\/media?parent=13012"}],"wp:term":[{"taxonomy":"product_cat","embeddable":true,"href":"https:\/\/www.enotecailbarocco.it\/de\/wp-json\/wp\/v2\/product_cat?post=13012"},{"taxonomy":"product_tag","embeddable":true,"href":"https:\/\/www.enotecailbarocco.it\/de\/wp-json\/wp\/v2\/product_tag?post=13012"}],"curies":[{"name":"wp","href":"https:\/\/api.w.org\/{rel}","templated":true}]}}