{"id":12842,"date":"2022-10-27T21:11:58","date_gmt":"2022-10-27T19:11:58","guid":{"rendered":"https:\/\/www.enotecailbarocco.it\/?post_type=product&#038;p=12842"},"modified":"2026-01-13T19:42:28","modified_gmt":"2026-01-13T18:42:28","slug":"","status":"publish","type":"product","link":"https:\/\/www.enotecailbarocco.it\/de\/produkt\/amara-caroni-50-cl\/","title":{"rendered":"","raw":""},"content":{"rendered":"","protected":false,"raw":""},"excerpt":{"rendered":"Un\u2019edizione limitata di sole 1638 bottiglie, Amara Full Proof Single Cask Caroni \u00e8 il risultato dell\u2019incontro di due menti geniali: Luca Gargano, titolare di Velier ed Edoardo Strano, dell\u2019azienda agricola Rossa, noto per la produzione del famoso Amaro Amara, l\u2019amaro a base di arance rosse siciliane IGP.\u00a0Cos\u00ec Velier ha portato, tra l\u2019Etna e il mare [...]","protected":false,"raw":""},"featured_media":12843,"template":"","meta":{"_it_post_content":"Un\u2019edizione limitata di sole 1638 bottiglie, Amara Full Proof Single Cask Caroni \u00e8 il risultato dell\u2019incontro di due menti geniali: Luca Gargano, titolare di Velier ed Edoardo Strano, dell\u2019azienda agricola Rossa, noto per la produzione del famoso Amaro Amara, l\u2019amaro a base di arance rosse siciliane IGP.\u00a0Cos\u00ec Velier ha portato, tra l\u2019Etna e il mare e, pi\u00f9 precisamente, in Contrada San Martino Piana, alcune botti ex-Caroni nelle quali, per circa 12 mesi, ha fatto riposare questo prezioso liquore.\u00a0Il risultato \u00e8 Amara Full Proof Single Cask Caroni, un nuovo stato di morbidezza e maturit\u00e0 che ti conquister\u00e0 al primo sorso.","_it_post_name":"amara-caroni-50-cl","_it_post_excerpt":"","_it_post_title":"Amara Caroni 50 cl","_en_post_content":"<p>Digestivo Siciliano all'Arancia Rossa.<\/p>\r\n<p>Amara nasce dalla dolcezza dell'incontro tra scorze d'arancia rossa, alcool, erbe aromatiche e zucchero. Un incontro che dura mesi, che esprime tutta l'unicit\u00e0 dei sapori di Sicilia.<\/p>","_en_post_name":"amara-all-arancia-rossa","_en_post_excerpt":"","_en_post_title":"amara all'arancia rossa 50 cl","_fr_post_content":"","_fr_post_name":"","_fr_post_excerpt":"","_fr_post_title":"","_de_post_content":"","_de_post_name":"","_de_post_excerpt":"","_de_post_title":"","edit_language":"de"},"product_cat":[210,165],"product_tag":[],"class_list":{"0":"post-12842","1":"product","2":"type-product","3":"status-publish","4":"has-post-thumbnail","6":"product_cat-liquori","7":"product_cat-amari","9":"first","10":"instock","11":"taxable","12":"shipping-taxable","13":"purchasable","14":"product-type-simple"},"jetpack_sharing_enabled":true,"_links":{"self":[{"href":"https:\/\/www.enotecailbarocco.it\/de\/wp-json\/wp\/v2\/product\/12842"}],"collection":[{"href":"https:\/\/www.enotecailbarocco.it\/de\/wp-json\/wp\/v2\/product"}],"about":[{"href":"https:\/\/www.enotecailbarocco.it\/de\/wp-json\/wp\/v2\/types\/product"}],"wp:featuredmedia":[{"embeddable":true,"href":"https:\/\/www.enotecailbarocco.it\/de\/wp-json\/wp\/v2\/media\/12843"}],"wp:attachment":[{"href":"https:\/\/www.enotecailbarocco.it\/de\/wp-json\/wp\/v2\/media?parent=12842"}],"wp:term":[{"taxonomy":"product_cat","embeddable":true,"href":"https:\/\/www.enotecailbarocco.it\/de\/wp-json\/wp\/v2\/product_cat?post=12842"},{"taxonomy":"product_tag","embeddable":true,"href":"https:\/\/www.enotecailbarocco.it\/de\/wp-json\/wp\/v2\/product_tag?post=12842"}],"curies":[{"name":"wp","href":"https:\/\/api.w.org\/{rel}","templated":true}]}}