{"id":12467,"date":"2022-04-21T13:24:43","date_gmt":"2022-04-21T11:24:43","guid":{"rendered":"https:\/\/www.enotecailbarocco.it\/?post_type=product&#038;p=12467"},"modified":"2025-04-15T14:08:22","modified_gmt":"2025-04-15T12:08:22","slug":"","status":"publish","type":"product","link":"https:\/\/www.enotecailbarocco.it\/de\/produkt\/sallier-la-monaca-syrah-75-cl\/","title":{"rendered":"","raw":""},"content":{"rendered":"","protected":false,"raw":""},"excerpt":{"rendered":"La Vigna La Monaca, due ettari impiantati nel 2011 a un\u2019altitudine di 320 m s.l.m, \u00e8 caratterizzata da un suolo con tessitura pi\u00f9 sabbiosa (37,4% di sabbia e 12,5% di argilla), ben aerato, molto drenante e dunque pi\u00f9 asciutto, il che rende la vite meno vigorosa. L\u2019esposizione a Nord-Est garantisce una buona luminosit\u00e0 ma una [...]","protected":false,"raw":""},"featured_media":12468,"template":"","meta":{"_it_post_content":"<div>\r\n<p class=\"p1\">La Vigna La Monaca, due ettari impiantati nel 2011 a un\u2019altitudine di 320 m s.l.m, \u00e8 caratterizzata da un suolo con tessitura pi\u00f9 sabbiosa (37,4% di sabbia e 12,5% di argilla), ben aerato, molto drenante e dunque pi\u00f9 asciutto, il che rende la vite meno vigorosa. L\u2019esposizione a Nord-Est garantisce una buona luminosit\u00e0 ma una minore influenza delle calde temperature estive; ci\u00f2 fa s\u00ec che nelle annate pi\u00f9 calde e siccitose la vite soffra meno, mantenendo costante la maturazione. La presenza di calcare attivo agevola lo sviluppo degli aromi e la ricchezza di potassio favorisce l\u2019accumulo di zuccheri, aromi e antociani. La bassa vigoria, la bassa produttivit\u00e0 e le caratteristiche del terreno sono favorevoli ad un\u2019equilibrata e completa maturazione delle uve, pi\u00f9 adatta a vini rossi di struttura e da lungo invecchiamento. Il sistema di allevamento \u00e8 a spalliera, con potatura Guyot e una densit\u00e0 di 4600 ceppi per ettaro.<\/p>\r\n\r\n<\/div>\r\n<ul>\r\n \t<li><strong>Vitigni:<\/strong>\u00a0Syrah<\/li>\r\n \t<li><strong>Denominazione:<\/strong>\u00a0Rosso Monreale DOC<\/li>\r\n \t<li><strong>Zona vitivinicola:<\/strong>\u00a0Tenuta Sallier de La Tour \u2013 Monreale (PA) \u2013 Sicilia<\/li>\r\n \t<li><strong>Vigneti:<\/strong>\u00a0La Monaca<\/li>\r\n \t<li><strong>Anno di impianto:<\/strong>\u00a02011<\/li>\r\n \t<li><strong>Altitudine:<\/strong>\u00a0320 m s.l.m.<\/li>\r\n \t<li><strong>Esposizione:<\/strong>\u00a0Nord-Est<\/li>\r\n \t<li><strong>Sistema di allevamento:<\/strong>\u00a0spalliera<\/li>\r\n \t<li><strong>Tipo di potatura:<\/strong>\u00a0guyot<\/li>\r\n \t<li><strong>Densit\u00e0 di ceppi per ha:<\/strong>\u00a04.600<\/li>\r\n \t<li><strong>Resa di uva per ha:<\/strong>\u00a080 ql<\/li>\r\n \t<li><strong>Fermentazione:<\/strong>\u00a0tradizionale in rosso<\/li>\r\n \t<li><strong>Temperatura di fermentazione:<\/strong>\u00a025-30\u00b0C<\/li>\r\n \t<li><strong>Durata a contatto con le bucce:<\/strong>\u00a015 giorni<\/li>\r\n \t<li><strong>Fermentazione malolattica:<\/strong>\u00a0svolta totalmente<\/li>\r\n \t<li><strong>Affinamento:<\/strong>\u00a0in barili di rovere francese da 350 litri per 14 mesi<\/li>\r\n<\/ul>","_it_post_name":"sallier-la-monaca-syrah-75-cl","_it_post_excerpt":"","_it_post_title":"Sallier de la Tour La Monaca Syrah 75 cl","_en_post_content":"","_en_post_name":"","_en_post_excerpt":"","_en_post_title":"","_fr_post_content":"","_fr_post_name":"","_fr_post_excerpt":"","_fr_post_title":"","_de_post_content":"","_de_post_name":"","_de_post_excerpt":"","_de_post_title":"","edit_language":"de"},"product_cat":[209,146],"product_tag":[],"class_list":{"0":"post-12467","1":"product","2":"type-product","3":"status-publish","4":"has-post-thumbnail","6":"product_cat-vini","7":"product_cat-tasca-dalmerita-palermo","9":"first","10":"instock","11":"taxable","12":"shipping-taxable","13":"purchasable","14":"product-type-simple"},"jetpack_sharing_enabled":true,"_links":{"self":[{"href":"https:\/\/www.enotecailbarocco.it\/de\/wp-json\/wp\/v2\/product\/12467"}],"collection":[{"href":"https:\/\/www.enotecailbarocco.it\/de\/wp-json\/wp\/v2\/product"}],"about":[{"href":"https:\/\/www.enotecailbarocco.it\/de\/wp-json\/wp\/v2\/types\/product"}],"wp:featuredmedia":[{"embeddable":true,"href":"https:\/\/www.enotecailbarocco.it\/de\/wp-json\/wp\/v2\/media\/12468"}],"wp:attachment":[{"href":"https:\/\/www.enotecailbarocco.it\/de\/wp-json\/wp\/v2\/media?parent=12467"}],"wp:term":[{"taxonomy":"product_cat","embeddable":true,"href":"https:\/\/www.enotecailbarocco.it\/de\/wp-json\/wp\/v2\/product_cat?post=12467"},{"taxonomy":"product_tag","embeddable":true,"href":"https:\/\/www.enotecailbarocco.it\/de\/wp-json\/wp\/v2\/product_tag?post=12467"}],"curies":[{"name":"wp","href":"https:\/\/api.w.org\/{rel}","templated":true}]}}