{"id":12391,"date":"2022-04-12T14:29:39","date_gmt":"2022-04-12T12:29:39","guid":{"rendered":"https:\/\/www.enotecailbarocco.it\/?post_type=product&#038;p=12391"},"modified":"2026-01-20T05:41:35","modified_gmt":"2026-01-20T04:41:35","slug":"","status":"publish","type":"product","link":"https:\/\/www.enotecailbarocco.it\/de\/produkt\/amaro-majora-50cl\/","title":{"rendered":"","raw":""},"content":{"rendered":"","protected":false,"raw":""},"excerpt":{"rendered":"La maggiorana \u00e8 una pianta aromatica simbolo di fortuna, felicit\u00e0 e serenit\u00e0. Dal primo sorso si avvertono note rotonde che avvolgono il palato con lievi note balsamiche e morbide. La maggiorna rientra nelle numerose erbe amaricanti siciliane che crescono spontanee su tutto il territorio locale, sulle rocce calcaree e bianche, sui muretti a secco ai [...]","protected":false,"raw":""},"featured_media":12392,"template":"","meta":{"_it_post_content":"La maggiorana \u00e8 una pianta aromatica simbolo di fortuna, felicit\u00e0 e serenit\u00e0. Dal primo sorso si avvertono note rotonde che avvolgono il palato con lievi note balsamiche e morbide. La maggiorna rientra nelle numerose erbe amaricanti siciliane che crescono spontanee su tutto il territorio locale, sulle rocce calcaree e bianche, sui muretti a secco ai fianchi dei torrenti. Queste erbe contribuiscono a creare un perfetto equilibrio fragrante per il palato.\r\n\r\nGli ingredienti dell'amaro Majora sono: Citrus Aurantium (arance amare di Sicilia), maggiorana ed erbe amaricanti siciliane.","_it_post_name":"amaro-majora-50cl","_it_post_excerpt":"","_it_post_title":"Amaro Majora 50cl","_en_post_content":"","_en_post_name":"","_en_post_excerpt":"","_en_post_title":"","_fr_post_content":"","_fr_post_name":"","_fr_post_excerpt":"","_fr_post_title":"","_de_post_content":"","_de_post_name":"","_de_post_excerpt":"","_de_post_title":"","edit_language":"de"},"product_cat":[165],"product_tag":[],"class_list":{"0":"post-12391","1":"product","2":"type-product","3":"status-publish","4":"has-post-thumbnail","6":"product_cat-amari","8":"first","9":"instock","10":"taxable","11":"shipping-taxable","12":"purchasable","13":"product-type-simple"},"jetpack_sharing_enabled":true,"_links":{"self":[{"href":"https:\/\/www.enotecailbarocco.it\/de\/wp-json\/wp\/v2\/product\/12391"}],"collection":[{"href":"https:\/\/www.enotecailbarocco.it\/de\/wp-json\/wp\/v2\/product"}],"about":[{"href":"https:\/\/www.enotecailbarocco.it\/de\/wp-json\/wp\/v2\/types\/product"}],"wp:featuredmedia":[{"embeddable":true,"href":"https:\/\/www.enotecailbarocco.it\/de\/wp-json\/wp\/v2\/media\/12392"}],"wp:attachment":[{"href":"https:\/\/www.enotecailbarocco.it\/de\/wp-json\/wp\/v2\/media?parent=12391"}],"wp:term":[{"taxonomy":"product_cat","embeddable":true,"href":"https:\/\/www.enotecailbarocco.it\/de\/wp-json\/wp\/v2\/product_cat?post=12391"},{"taxonomy":"product_tag","embeddable":true,"href":"https:\/\/www.enotecailbarocco.it\/de\/wp-json\/wp\/v2\/product_tag?post=12391"}],"curies":[{"name":"wp","href":"https:\/\/api.w.org\/{rel}","templated":true}]}}