{"id":11900,"date":"2021-11-03T14:19:42","date_gmt":"2021-11-03T13:19:42","guid":{"rendered":"https:\/\/www.enotecailbarocco.it\/?post_type=product&#038;p=11900"},"modified":"2025-06-17T15:49:03","modified_gmt":"2025-06-17T13:49:03","slug":"","status":"publish","type":"product","link":"https:\/\/www.enotecailbarocco.it\/de\/produkt\/brut-metodo-classico-rose-75-cl\/","title":{"rendered":"","raw":""},"content":{"rendered":"","protected":false,"raw":""},"excerpt":{"rendered":"Denominazione Vino Spumante Ros\u00e9 Sicilia Doc Variet\u00e0 Pinot Nero Brut Ros\u00e9 2016 \u2013 Millesimato, dal colore rosa antico, si caratterizza per un\u00a0bouquet elegante\u00a0e\u00a0distinto. Offre note terziarie di crosta di pane unite a delicati\u00a0sentori fruttati\u00a0(fragoline di bosco) e di\u00a0spezie. In bocca presenta una piacevole\u00a0freschezza\u00a0e\u00a0buona struttura, con un seducente ritorno delle sensazioni fruttate ed una vena sapida [...]","protected":false,"raw":""},"featured_media":11901,"template":"","meta":{"_it_post_content":"<h3>Denominazione<\/h3>\r\nVino Spumante Ros\u00e9 Sicilia Doc\r\n<h3>Variet\u00e0<\/h3>\r\nPinot Nero\r\n\r\n<strong>Brut Ros\u00e9 2016 \u2013 Millesimato<\/strong>, dal colore rosa antico, si caratterizza per un\u00a0<strong>bouquet elegante<\/strong>\u00a0e\u00a0<strong>distinto<\/strong>. Offre note terziarie di crosta di pane unite a delicati\u00a0<strong>sentori fruttati<\/strong>\u00a0(fragoline di bosco) e di\u00a0<strong>spezie<\/strong>. In bocca presenta una piacevole\u00a0<strong>freschezza<\/strong>\u00a0e<strong>\u00a0buona struttura<\/strong>, con un seducente ritorno delle sensazioni fruttate ed una vena sapida dalla\u00a0<strong>lunga persistenza<\/strong>.","_it_post_name":"brut-metodo-classico-rose-75-cl","_it_post_excerpt":"","_it_post_title":"Brut Metodo Classico Ros\u00e9 75 cl","_en_post_content":"<p>Tipologia: Vino Spumante di Qualit\u00e0 - Brut Medodo Classico<\/p>\r\n<p>Uve: Chardonnay e Pinot Noir<\/p>\r\n<p>Gradazione: 13% vol.<\/p>\r\n<p>Un vino di grande eleganza che sorprende per complessit\u00e0 e freschezza. Ideale vino di apertura per occasioni eleganti e formali, perfetto per festeggiare e anche a tutto pasto nelle cene con gli amici.<\/p>","_en_post_name":"spumante-brut-metodo-classico","_en_post_excerpt":"","_en_post_title":"Spumante Brut Metodo Classico","_fr_post_content":"","_fr_post_name":"","_fr_post_excerpt":"","_fr_post_title":"","_de_post_content":"","_de_post_name":"","_de_post_excerpt":"","_de_post_title":"","edit_language":"de"},"product_cat":[148,112],"product_tag":[],"class_list":{"0":"post-11900","1":"product","2":"type-product","3":"status-publish","4":"has-post-thumbnail","6":"product_cat-bollicine","7":"product_cat-donnafugata-trapani","9":"first","10":"instock","11":"taxable","12":"shipping-taxable","13":"purchasable","14":"product-type-simple"},"jetpack_sharing_enabled":true,"_links":{"self":[{"href":"https:\/\/www.enotecailbarocco.it\/de\/wp-json\/wp\/v2\/product\/11900"}],"collection":[{"href":"https:\/\/www.enotecailbarocco.it\/de\/wp-json\/wp\/v2\/product"}],"about":[{"href":"https:\/\/www.enotecailbarocco.it\/de\/wp-json\/wp\/v2\/types\/product"}],"wp:featuredmedia":[{"embeddable":true,"href":"https:\/\/www.enotecailbarocco.it\/de\/wp-json\/wp\/v2\/media\/11901"}],"wp:attachment":[{"href":"https:\/\/www.enotecailbarocco.it\/de\/wp-json\/wp\/v2\/media?parent=11900"}],"wp:term":[{"taxonomy":"product_cat","embeddable":true,"href":"https:\/\/www.enotecailbarocco.it\/de\/wp-json\/wp\/v2\/product_cat?post=11900"},{"taxonomy":"product_tag","embeddable":true,"href":"https:\/\/www.enotecailbarocco.it\/de\/wp-json\/wp\/v2\/product_tag?post=11900"}],"curies":[{"name":"wp","href":"https:\/\/api.w.org\/{rel}","templated":true}]}}