{"id":11427,"date":"2021-03-31T10:07:09","date_gmt":"2021-03-31T08:07:09","guid":{"rendered":"https:\/\/www.enotecailbarocco.it\/?post_type=product&#038;p=11427"},"modified":"2025-03-17T16:23:31","modified_gmt":"2025-03-17T15:23:31","slug":"","status":"publish","type":"product","link":"https:\/\/www.enotecailbarocco.it\/de\/produkt\/frutta-martorana\/","title":{"rendered":"","raw":""},"content":{"rendered":"","protected":false,"raw":""},"excerpt":{"rendered":"La frutta di Martorana \u00e8 un tipico dolce siciliano. \u00c8 un dolce famoso nel mondo perch\u00e9 la sua preparazione e confezionamento prevede, nella forma e nell'aspetto alla fine del processo di preparazione, la perfetta imitazione o riproduzione di frutti e ortaggi. Internamente \u00e8 simile al marzapane ma notevolmente pi\u00f9 dolce e saporito. La base della [...]","protected":false,"raw":""},"featured_media":11969,"template":"","meta":{"_it_post_content":"La frutta di Martorana \u00e8 un tipico dolce siciliano. \u00c8 un dolce famoso nel mondo perch\u00e9 la sua preparazione e confezionamento prevede, nella forma e nell'aspetto alla fine del processo di preparazione, la perfetta imitazione o riproduzione di frutti e ortaggi. Internamente \u00e8 simile al marzapane ma notevolmente pi\u00f9 dolce e saporito. La base della sua ricetta \u00e8 esclusivamente la farina di mandorle e lo zucchero.\r\n\r\nProdotto artigianale della Pasticceria Iudice di Ragusa Ibla","_it_post_name":"frutta-martorana","_it_post_excerpt":"","_it_post_title":"Frutta Martorana","_en_post_content":"","_en_post_name":"","_en_post_excerpt":"","_en_post_title":"","_fr_post_content":"","_fr_post_name":"","_fr_post_excerpt":"","_fr_post_title":"","_de_post_content":"","_de_post_name":"","_de_post_excerpt":"","_de_post_title":"","edit_language":"de"},"product_cat":[520,498,212,126],"product_tag":[],"class_list":{"0":"post-11427","1":"product","2":"type-product","3":"status-publish","4":"has-post-thumbnail","6":"product_cat-iudice","7":"product_cat-biscotti-e-torroni","8":"product_cat-prodotti-tipici","9":"product_cat-dolci-e-biscotti","11":"first","12":"instock","13":"taxable","14":"shipping-taxable","15":"purchasable","16":"product-type-variable"},"jetpack_sharing_enabled":true,"_links":{"self":[{"href":"https:\/\/www.enotecailbarocco.it\/de\/wp-json\/wp\/v2\/product\/11427"}],"collection":[{"href":"https:\/\/www.enotecailbarocco.it\/de\/wp-json\/wp\/v2\/product"}],"about":[{"href":"https:\/\/www.enotecailbarocco.it\/de\/wp-json\/wp\/v2\/types\/product"}],"wp:featuredmedia":[{"embeddable":true,"href":"https:\/\/www.enotecailbarocco.it\/de\/wp-json\/wp\/v2\/media\/11969"}],"wp:attachment":[{"href":"https:\/\/www.enotecailbarocco.it\/de\/wp-json\/wp\/v2\/media?parent=11427"}],"wp:term":[{"taxonomy":"product_cat","embeddable":true,"href":"https:\/\/www.enotecailbarocco.it\/de\/wp-json\/wp\/v2\/product_cat?post=11427"},{"taxonomy":"product_tag","embeddable":true,"href":"https:\/\/www.enotecailbarocco.it\/de\/wp-json\/wp\/v2\/product_tag?post=11427"}],"curies":[{"name":"wp","href":"https:\/\/api.w.org\/{rel}","templated":true}]}}